{"id":28,"date":"2025-06-06T00:46:13","date_gmt":"2025-06-06T00:46:13","guid":{"rendered":"https:\/\/artgallerykellershop.com\/warenkorb\/"},"modified":"2025-06-10T19:27:25","modified_gmt":"2025-06-10T19:27:25","slug":"warenkorb","status":"publish","type":"page","link":"https:\/\/artgallerykellershop.com\/en\/warenkorb\/","title":{"rendered":"Shopping cart"},"content":{"rendered":"<div data-block-name=\"woocommerce\/cart\" class=\"wp-block-woocommerce-cart alignwide is-loading\">\n<div data-block-name=\"woocommerce\/filled-cart-block\" class=\"wp-block-woocommerce-filled-cart-block\">\n<div data-block-name=\"woocommerce\/cart-items-block\" class=\"wp-block-woocommerce-cart-items-block\">\n<div data-block-name=\"woocommerce\/cart-line-items-block\" class=\"wp-block-woocommerce-cart-line-items-block\"><\/div>\n\n\n\n<div data-block-name=\"woocommerce\/cart-cross-sells-block\" class=\"wp-block-woocommerce-cart-cross-sells-block\">\n<h2 class=\"wp-block-heading has-large-font-size\">You might be interested in ...<\/h2>\n\n\n\n<div data-block-name=\"woocommerce\/cart-cross-sells-products-block\" class=\"wp-block-woocommerce-cart-cross-sells-products-block\"><\/div>\n<\/div>\n\n\n<\/div>\n\n\n\n<div data-block-name=\"woocommerce\/cart-totals-block\" class=\"wp-block-woocommerce-cart-totals-block\">\n<div data-block-name=\"woocommerce\/cart-order-summary-block\" class=\"wp-block-woocommerce-cart-order-summary-block\">\n<div data-block-name=\"woocommerce\/cart-order-summary-heading-block\" data-content=\"Warenkorb-Summe\" class=\"wp-block-woocommerce-cart-order-summary-heading-block\"><\/div>\n\n\n\n<div data-block-name=\"woocommerce\/cart-order-summary-coupon-form-block\" class=\"wp-block-woocommerce-cart-order-summary-coupon-form-block\"><\/div>\n\n\n\n<div data-block-name=\"woocommerce\/cart-order-summary-totals-block\" class=\"wp-block-woocommerce-cart-order-summary-totals-block\">\n<div data-block-name=\"woocommerce\/cart-order-summary-subtotal-block\" class=\"wp-block-woocommerce-cart-order-summary-subtotal-block\"><\/div>\n\n\n\n<div data-block-name=\"woocommerce\/cart-order-summary-fee-block\" class=\"wp-block-woocommerce-cart-order-summary-fee-block\"><\/div>\n\n\n\n<div data-block-name=\"woocommerce\/cart-order-summary-discount-block\" class=\"wp-block-woocommerce-cart-order-summary-discount-block\"><\/div>\n\n\n\n<div data-block-name=\"woocommerce\/cart-order-summary-shipping-block\" class=\"wp-block-woocommerce-cart-order-summary-shipping-block\"><\/div>\n\n\n\n<div data-block-name=\"woocommerce\/cart-order-summary-taxes-block\" class=\"wp-block-woocommerce-cart-order-summary-taxes-block\"><\/div>\n<\/div>\n<\/div>\n\n\n\n<div data-block-name=\"woocommerce\/cart-express-payment-block\" class=\"wp-block-woocommerce-cart-express-payment-block\"><\/div>\n\n\n\n<div data-block-name=\"woocommerce\/proceed-to-checkout-block\" class=\"wp-block-woocommerce-proceed-to-checkout-block\"><\/div>\n\n\n\n<div data-block-name=\"woocommerce\/cart-accepted-payment-methods-block\" class=\"wp-block-woocommerce-cart-accepted-payment-methods-block\"><\/div>\n<\/div>\n<\/div>\n\n\n\n<div data-block-name=\"woocommerce\/empty-cart-block\" class=\"wp-block-woocommerce-empty-cart-block\">\n<h2 class=\"wp-block-heading has-text-align-center with-empty-cart-icon wc-block-cart__empty-cart__title\">Your shopping cart is empty!<\/h2>\n\n\n\n<hr class=\"wp-block-separator has-alpha-channel-opacity is-style-dots\"\/>\n\n\n\n<h2 class=\"wp-block-heading has-text-align-center\">New in the store<\/h2>\n\n\n<div data-block-name=\"woocommerce\/product-new\" data-columns=\"4\" data-rows=\"1\" class=\"wc-block-grid wp-block-product-new wp-block-woocommerce-product-new wc-block-product-new has-4-columns\"><ul class=\"wc-block-grid__products\"><li class=\"wc-block-grid__product\">\n\t\t\t\t<a href=\"https:\/\/artgallerykellershop.com\/en\/product\/nocturne-viii-olexandr-milovzorov\/\" class=\"wc-block-grid__product-link\">\n\t\t\t\t\t\n\t\t\t\t\t<div class=\"wc-block-grid__product-image\"><img loading=\"lazy\" decoding=\"async\" width=\"300\" height=\"300\" src=\"https:\/\/i0.wp.com\/artgallerykellershop.com\/wp-content\/uploads\/2026\/03\/Nocturne-VIII-Olexandr-Milovzorov.webp?resize=300%2C300&amp;ssl=1\" class=\"attachment-woocommerce_thumbnail size-woocommerce_thumbnail\" alt=\"Nocturne VIII von Olexandr Milovzorov, abstraktes \u00d6lgem\u00e4lde 2015 mit geometrischen Formen in Rot, Orange und ViolettIII von Olexandr Milovzorov, abstraktes \u00d6lgem\u00e4lde 2015 mit geometrischen Formen in Rot, Orange und Violett\" srcset=\"https:\/\/i0.wp.com\/artgallerykellershop.com\/wp-content\/uploads\/2026\/03\/Nocturne-VIII-Olexandr-Milovzorov.webp?resize=150%2C150&amp;ssl=1 150w, https:\/\/i0.wp.com\/artgallerykellershop.com\/wp-content\/uploads\/2026\/03\/Nocturne-VIII-Olexandr-Milovzorov.webp?resize=11%2C12&amp;ssl=1 11w, https:\/\/i0.wp.com\/artgallerykellershop.com\/wp-content\/uploads\/2026\/03\/Nocturne-VIII-Olexandr-Milovzorov.webp?resize=300%2C300&amp;ssl=1 300w, https:\/\/i0.wp.com\/artgallerykellershop.com\/wp-content\/uploads\/2026\/03\/Nocturne-VIII-Olexandr-Milovzorov.webp?resize=100%2C100&amp;ssl=1 100w, https:\/\/i0.wp.com\/artgallerykellershop.com\/wp-content\/uploads\/2026\/03\/Nocturne-VIII-Olexandr-Milovzorov.webp?zoom=2&amp;resize=300%2C300&amp;ssl=1 600w, https:\/\/i0.wp.com\/artgallerykellershop.com\/wp-content\/uploads\/2026\/03\/Nocturne-VIII-Olexandr-Milovzorov.webp?zoom=3&amp;resize=300%2C300&amp;ssl=1 900w\" sizes=\"auto, (max-width: 300px) 100vw, 300px\" \/><\/div>\n\t\t\t\t\t<div class=\"wc-block-grid__product-title\">Nocturne VIII Olexandr Milovzorov<\/div>\n\t\t\t\t<\/a>\n\t\t\t\t<div class=\"wc-block-grid__product-price price\"><span class=\"woocommerce-Price-amount amount\">2,970.00&nbsp;<span class=\"woocommerce-Price-currencySymbol\">\u20ac<\/span><\/span><\/div>\n\t\t\t\t\n\t\t\t\t<div class=\"wp-block-button wc-block-grid__product-add-to-cart\"><a href=\"\/en\/wp-json\/wp\/v2\/pages\/28?add-to-cart=1018\" aria-label=\"In den Warenkorb legen: \u201eNocturne VIII Olexandr Milovzorov\u201c\" data-quantity=\"1\" data-product_id=\"1018\" data-product_sku=\"122110806\" data-price=\"2970\" rel=\"nofollow\" class=\"wp-block-button__link wp-element-button add_to_cart_button ajax_add_to_cart\" data-no-translation=\"\" data-trp-gettext=\"\" data-no-translation-aria-label=\"\">In den Warenkorb<\/a><\/div>\n\t\t\t<\/li><li class=\"wc-block-grid__product\">\n\t\t\t\t<a href=\"https:\/\/artgallerykellershop.com\/en\/product\/nocturne-v\/\" class=\"wc-block-grid__product-link\">\n\t\t\t\t\t\n\t\t\t\t\t<div class=\"wc-block-grid__product-image\"><img loading=\"lazy\" decoding=\"async\" width=\"300\" height=\"300\" src=\"https:\/\/i0.wp.com\/artgallerykellershop.com\/wp-content\/uploads\/2026\/03\/Nocturne-V-Olexandr-Milovzorov.webp?resize=300%2C300&amp;ssl=1\" class=\"attachment-woocommerce_thumbnail size-woocommerce_thumbnail\" alt=\"Nocturne V von Olexandr Milovzorov, 2015, \u00d6l auf Leinwand, 110 x 100, abstrakte geometrische Komposition\" srcset=\"https:\/\/i0.wp.com\/artgallerykellershop.com\/wp-content\/uploads\/2026\/03\/Nocturne-V-Olexandr-Milovzorov.webp?resize=150%2C150&amp;ssl=1 150w, https:\/\/i0.wp.com\/artgallerykellershop.com\/wp-content\/uploads\/2026\/03\/Nocturne-V-Olexandr-Milovzorov.webp?resize=11%2C12&amp;ssl=1 11w, https:\/\/i0.wp.com\/artgallerykellershop.com\/wp-content\/uploads\/2026\/03\/Nocturne-V-Olexandr-Milovzorov.webp?resize=300%2C300&amp;ssl=1 300w, https:\/\/i0.wp.com\/artgallerykellershop.com\/wp-content\/uploads\/2026\/03\/Nocturne-V-Olexandr-Milovzorov.webp?resize=100%2C100&amp;ssl=1 100w, https:\/\/i0.wp.com\/artgallerykellershop.com\/wp-content\/uploads\/2026\/03\/Nocturne-V-Olexandr-Milovzorov.webp?zoom=2&amp;resize=300%2C300&amp;ssl=1 600w, https:\/\/i0.wp.com\/artgallerykellershop.com\/wp-content\/uploads\/2026\/03\/Nocturne-V-Olexandr-Milovzorov.webp?zoom=3&amp;resize=300%2C300&amp;ssl=1 900w\" sizes=\"auto, (max-width: 300px) 100vw, 300px\" \/><\/div>\n\t\t\t\t\t<div class=\"wc-block-grid__product-title\">Nocturne V Olexandr Milovzorov<\/div>\n\t\t\t\t<\/a>\n\t\t\t\t<div class=\"wc-block-grid__product-price price\"><span class=\"woocommerce-Price-amount amount\">2,970.00&nbsp;<span class=\"woocommerce-Price-currencySymbol\">\u20ac<\/span><\/span><\/div>\n\t\t\t\t\n\t\t\t\t<div class=\"wp-block-button wc-block-grid__product-add-to-cart\"><a href=\"\/en\/wp-json\/wp\/v2\/pages\/28?add-to-cart=1012\" aria-label=\"In den Warenkorb legen: \u201eNocturne V Olexandr Milovzorov\u201c\" data-quantity=\"1\" data-product_id=\"1012\" data-product_sku=\"122110802\" data-price=\"2970\" rel=\"nofollow\" class=\"wp-block-button__link wp-element-button add_to_cart_button ajax_add_to_cart\" data-no-translation=\"\" data-trp-gettext=\"\" data-no-translation-aria-label=\"\">In den Warenkorb<\/a><\/div>\n\t\t\t<\/li><li class=\"wc-block-grid__product\">\n\t\t\t\t<a href=\"https:\/\/artgallerykellershop.com\/en\/product\/ein-frischer-herbsttag\/\" class=\"wc-block-grid__product-link\">\n\t\t\t\t\t\n\t\t\t\t\t<div class=\"wc-block-grid__product-image\"><img loading=\"lazy\" decoding=\"async\" width=\"300\" height=\"300\" src=\"https:\/\/i0.wp.com\/artgallerykellershop.com\/wp-content\/uploads\/2026\/01\/Ein-frischer-Herbsttag.webp?resize=300%2C300&amp;ssl=1\" class=\"attachment-woocommerce_thumbnail size-woocommerce_thumbnail\" alt=\"Impressionistisches \u00d6lgem\u00e4lde einer herbstlichen Baumgruppe mit lichtdurchflutetem Himmel\" srcset=\"https:\/\/i0.wp.com\/artgallerykellershop.com\/wp-content\/uploads\/2026\/01\/Ein-frischer-Herbsttag.webp?w=1600&amp;ssl=1 1600w, https:\/\/i0.wp.com\/artgallerykellershop.com\/wp-content\/uploads\/2026\/01\/Ein-frischer-Herbsttag.webp?resize=300%2C300&amp;ssl=1 300w, https:\/\/i0.wp.com\/artgallerykellershop.com\/wp-content\/uploads\/2026\/01\/Ein-frischer-Herbsttag.webp?resize=1024%2C1024&amp;ssl=1 1024w, https:\/\/i0.wp.com\/artgallerykellershop.com\/wp-content\/uploads\/2026\/01\/Ein-frischer-Herbsttag.webp?resize=150%2C150&amp;ssl=1 150w, https:\/\/i0.wp.com\/artgallerykellershop.com\/wp-content\/uploads\/2026\/01\/Ein-frischer-Herbsttag.webp?resize=768%2C768&amp;ssl=1 768w, https:\/\/i0.wp.com\/artgallerykellershop.com\/wp-content\/uploads\/2026\/01\/Ein-frischer-Herbsttag.webp?resize=1536%2C1536&amp;ssl=1 1536w, https:\/\/i0.wp.com\/artgallerykellershop.com\/wp-content\/uploads\/2026\/01\/Ein-frischer-Herbsttag.webp?resize=12%2C12&amp;ssl=1 12w, https:\/\/i0.wp.com\/artgallerykellershop.com\/wp-content\/uploads\/2026\/01\/Ein-frischer-Herbsttag.webp?resize=600%2C600&amp;ssl=1 600w, https:\/\/i0.wp.com\/artgallerykellershop.com\/wp-content\/uploads\/2026\/01\/Ein-frischer-Herbsttag.webp?resize=100%2C100&amp;ssl=1 100w\" sizes=\"auto, (max-width: 300px) 100vw, 300px\" \/><\/div>\n\t\t\t\t\t<div class=\"wc-block-grid__product-title\">A crisp fall day<\/div>\n\t\t\t\t<\/a>\n\t\t\t\t<div class=\"wc-block-grid__product-price price\"><span class=\"woocommerce-Price-amount amount\">790.00&nbsp;<span class=\"woocommerce-Price-currencySymbol\">\u20ac<\/span><\/span><\/div>\n\t\t\t\t\n\t\t\t\t<div class=\"wp-block-button wc-block-grid__product-add-to-cart\"><a href=\"\/en\/wp-json\/wp\/v2\/pages\/28?add-to-cart=987\" aria-label=\"In den Warenkorb legen: \u201eEin frischer Herbsttag\u201c\" data-quantity=\"1\" data-product_id=\"987\" data-product_sku=\"1021102006\" data-price=\"790\" rel=\"nofollow\" class=\"wp-block-button__link wp-element-button add_to_cart_button ajax_add_to_cart\" data-no-translation=\"\" data-trp-gettext=\"\" data-no-translation-aria-label=\"\">In den Warenkorb<\/a><\/div>\n\t\t\t<\/li><li class=\"wc-block-grid__product\">\n\t\t\t\t<a href=\"https:\/\/artgallerykellershop.com\/en\/product\/kirche-santa-maria-maggiore\/\" class=\"wc-block-grid__product-link\">\n\t\t\t\t\t\n\t\t\t\t\t<div class=\"wc-block-grid__product-image\"><img loading=\"lazy\" decoding=\"async\" width=\"300\" height=\"300\" src=\"https:\/\/i0.wp.com\/artgallerykellershop.com\/wp-content\/uploads\/2025\/11\/Chiesa-Parrocchiale-di-Santa-Maria-Maggiore.webp?resize=300%2C300&amp;ssl=1\" class=\"attachment-woocommerce_thumbnail size-woocommerce_thumbnail\" alt=\"\u00d6lgem\u00e4lde von Swetlana Kowal mit dem Innenhof der Santa Maria Maggiore in Sirmione in warmem Licht\" srcset=\"https:\/\/i0.wp.com\/artgallerykellershop.com\/wp-content\/uploads\/2025\/11\/Chiesa-Parrocchiale-di-Santa-Maria-Maggiore.webp?resize=150%2C150&amp;ssl=1 150w, https:\/\/i0.wp.com\/artgallerykellershop.com\/wp-content\/uploads\/2025\/11\/Chiesa-Parrocchiale-di-Santa-Maria-Maggiore.webp?resize=300%2C300&amp;ssl=1 300w, https:\/\/i0.wp.com\/artgallerykellershop.com\/wp-content\/uploads\/2025\/11\/Chiesa-Parrocchiale-di-Santa-Maria-Maggiore.webp?resize=100%2C100&amp;ssl=1 100w, https:\/\/i0.wp.com\/artgallerykellershop.com\/wp-content\/uploads\/2025\/11\/Chiesa-Parrocchiale-di-Santa-Maria-Maggiore.webp?zoom=2&amp;resize=300%2C300&amp;ssl=1 600w, https:\/\/i0.wp.com\/artgallerykellershop.com\/wp-content\/uploads\/2025\/11\/Chiesa-Parrocchiale-di-Santa-Maria-Maggiore.webp?zoom=3&amp;resize=300%2C300&amp;ssl=1 900w\" sizes=\"auto, (max-width: 300px) 100vw, 300px\" \/><\/div>\n\t\t\t\t\t<div class=\"wc-block-grid__product-title\">Church of Santa Maria Maggiore in Sirmione on Lake Garda<\/div>\n\t\t\t\t<\/a>\n\t\t\t\t<div class=\"wc-block-grid__product-price price\"><span class=\"woocommerce-Price-amount amount\">2,970.00&nbsp;<span class=\"woocommerce-Price-currencySymbol\">\u20ac<\/span><\/span><\/div>\n\t\t\t\t\n\t\t\t\t<div class=\"wp-block-button wc-block-grid__product-add-to-cart\"><a href=\"\/en\/wp-json\/wp\/v2\/pages\/28?add-to-cart=971\" aria-label=\"In den Warenkorb legen: \u201eKirche Santa Maria Maggiore in Sirmione am Gardasee\u201c\" data-quantity=\"1\" data-product_id=\"971\" data-product_sku=\"900112305\" data-price=\"2970\" rel=\"nofollow\" class=\"wp-block-button__link wp-element-button add_to_cart_button ajax_add_to_cart\" data-no-translation=\"\" data-trp-gettext=\"\" data-no-translation-aria-label=\"\">In den Warenkorb<\/a><\/div>\n\t\t\t<\/li><\/ul><\/div><\/div>\n<\/div>","protected":false},"excerpt":{"rendered":"","protected":false},"author":1,"featured_media":0,"parent":0,"menu_order":0,"comment_status":"closed","ping_status":"closed","template":"","meta":{"_acf_changed":false,"om_disable_all_campaigns":false,"_monsterinsights_skip_tracking":false,"_monsterinsights_sitenote_active":false,"_monsterinsights_sitenote_note":"","_monsterinsights_sitenote_category":0,"footnotes":""},"class_list":["post-28","page","type-page","status-publish","hentry"],"acf":[],"aioseo_notices":[],"jetpack_sharing_enabled":true,"jetpack-related-posts":[{"id":63,"url":"https:\/\/artgallerykellershop.com\/en\/terms_and_conditions\/","url_meta":{"origin":28,"position":0},"title":"Terms and Conditions","author":"admin","date":"09.06.2025","format":false,"excerpt":"Haftungshinweis: Das nachstehende Muster ist von einem Rechtsanwalt (https:\/\/drschwenke.de) entsprechend den typischen Anforderungen eines Onlineshops erstellt worden.\u00a0Jedoch sollten Sie das Muster nur\u00a0nach sorgf\u00e4ltiger Pr\u00fcfung und Anpassung auf Ihr konkretes Gesch\u00e4ftsmodell verwenden. Das nachfolgende Muster enth\u00e4lt daher zus\u00e4tzliche Hinweise, die Sie beachten m\u00fcssen und rote Passagen, die Sie besonders pr\u00fcfen und\u2026","rel":"","context":"Similar post","block_context":{"text":"Similar post","link":""},"img":{"alt_text":"","src":"","width":0,"height":0},"classes":[]},{"id":57,"url":"https:\/\/artgallerykellershop.com\/en\/shipping__delivery\/","url_meta":{"origin":28,"position":1},"title":"Shipping &#038; Delivery","author":"admin","date":"09.06.2025","format":false,"excerpt":"Haftungshinweis: Das nachstehende Muster ist von einem Rechtsanwalt (https:\/\/drschwenke.de) entsprechend den typischen Anforderungen eines Onlineshops erstellt worden.\u00a0Jedoch sollten Sie das Muster nur\u00a0nach sorgf\u00e4ltiger Pr\u00fcfung und Anpassung auf Ihr konkretes Gesch\u00e4ftsmodell verwenden. Das nachfolgende Muster enth\u00e4lt daher zus\u00e4tzliche Hinweise, die Sie beachten m\u00fcssen und rote Passagen, die Sie besonders pr\u00fcfen und\u2026","rel":"","context":"Similar post","block_context":{"text":"Similar post","link":""},"img":{"alt_text":"","src":"","width":0,"height":0},"classes":[]},{"id":486,"url":"https:\/\/artgallerykellershop.com\/en\/persoenliche-beratung\/","url_meta":{"origin":28,"position":2},"title":"Personal advice","author":"admin","date":"08.07.2025","format":false,"excerpt":"A consultation on a work of art is much more than a purchase, it is a decision for life. Art accompanies us not just for a moment, but often for many years, sometimes even for generations. It shapes our rooms, creates atmosphere and tells stories that become part of our personal journey through life....","rel":"","context":"Similar post","block_context":{"text":"Similar post","link":""},"img":{"alt_text":"","src":"","width":0,"height":0},"classes":[]},{"id":422,"url":"https:\/\/artgallerykellershop.com\/en\/allgemeine-geschaeftsbedingungen\/","url_meta":{"origin":28,"position":3},"title":"General Terms and Conditions","author":"admin","date":"07.07.2025","format":false,"excerpt":"General Terms and Conditions Scope of application ARTgallery- Keller, managed by Iryna Keller (hereinafter referred to as \"we\"), carries out your Internet order on the basis of the following General Terms and Conditions (\"GTC\") in the form valid at the time of your order. - Conclusion of contractThe presentation of the products in the online store does not constitute a legally binding offer, but only an invitation to order.","rel":"","context":"Similar post","block_context":{"text":"Similar post","link":""},"img":{"alt_text":"","src":"","width":0,"height":0},"classes":[]},{"id":60,"url":"https:\/\/artgallerykellershop.com\/en\/privacy\/","url_meta":{"origin":28,"position":4},"title":"Privacy","author":"admin","date":"09.06.2025","format":false,"excerpt":"Haftungshinweis: Das nachstehende Muster ist von einem Rechtsanwalt (Dr. jur. Schwenke, LL.M. commercial (UoA), Zertifizierter Datenschutzauditor (DSA-T\u00dcV) Zertifizierter Datenschutzbeauftragter (T\u00dcV S\u00fcd)) entsprechend den typischen Anforderungen eines Onlineshops erstellt worden. Jedoch sollten Sie das Muster nur nach sorgf\u00e4ltiger Pr\u00fcfung und Anpassung auf Ihr konkretes Gesch\u00e4ftsmodell verwenden. Das nachfolgende Muster enth\u00e4lt daher\u2026","rel":"","context":"Similar post","block_context":{"text":"Similar post","link":""},"img":{"alt_text":"","src":"","width":0,"height":0},"classes":[]}],"_links":{"self":[{"href":"https:\/\/artgallerykellershop.com\/en\/wp-json\/wp\/v2\/pages\/28","targetHints":{"allow":["GET"]}}],"collection":[{"href":"https:\/\/artgallerykellershop.com\/en\/wp-json\/wp\/v2\/pages"}],"about":[{"href":"https:\/\/artgallerykellershop.com\/en\/wp-json\/wp\/v2\/types\/page"}],"author":[{"embeddable":true,"href":"https:\/\/artgallerykellershop.com\/en\/wp-json\/wp\/v2\/users\/1"}],"replies":[{"embeddable":true,"href":"https:\/\/artgallerykellershop.com\/en\/wp-json\/wp\/v2\/comments?post=28"}],"version-history":[{"count":1,"href":"https:\/\/artgallerykellershop.com\/en\/wp-json\/wp\/v2\/pages\/28\/revisions"}],"predecessor-version":[{"id":153,"href":"https:\/\/artgallerykellershop.com\/en\/wp-json\/wp\/v2\/pages\/28\/revisions\/153"}],"wp:attachment":[{"href":"https:\/\/artgallerykellershop.com\/en\/wp-json\/wp\/v2\/media?parent=28"}],"curies":[{"name":"wp","href":"https:\/\/api.w.org\/{rel}","templated":true}]}}