{"id":30,"date":"2025-06-06T00:46:13","date_gmt":"2025-06-06T00:46:13","guid":{"rendered":"https:\/\/artgallerykellershop.com\/mein-konto\/"},"modified":"2025-06-06T00:46:13","modified_gmt":"2025-06-06T00:46:13","slug":"mein-konto","status":"publish","type":"page","link":"https:\/\/artgallerykellershop.com\/en\/mein-konto\/","title":{"rendered":"Mein Konto"},"content":{"rendered":"<div class=\"woocommerce\"><\/div>","protected":false},"excerpt":{"rendered":"","protected":false},"author":1,"featured_media":0,"parent":0,"menu_order":0,"comment_status":"closed","ping_status":"closed","template":"","meta":{"_acf_changed":false,"om_disable_all_campaigns":false,"_monsterinsights_skip_tracking":false,"_monsterinsights_sitenote_active":false,"_monsterinsights_sitenote_note":"","_monsterinsights_sitenote_category":0,"footnotes":""},"class_list":["post-30","page","type-page","status-publish","hentry"],"acf":[],"aioseo_notices":[],"jetpack_sharing_enabled":true,"jetpack-related-posts":[{"id":61,"url":"https:\/\/artgallerykellershop.com\/en\/payment_methods\/","url_meta":{"origin":30,"position":0},"title":"Payment Methods","author":"admin","date":"09.06.2025","format":false,"excerpt":"Haftungshinweis: Das nachstehende Muster ist von einem Rechtsanwalt (https:\/\/drschwenke.de) entsprechend den typischen Anforderungen eines Onlineshops erstellt worden.\u00a0Jedoch sollten Sie das Muster nur\u00a0nach sorgf\u00e4ltiger Pr\u00fcfung und Anpassung auf Ihr konkretes Gesch\u00e4ftsmodell verwenden. Das nachfolgende Muster enth\u00e4lt daher zus\u00e4tzliche Hinweise, die Sie beachten m\u00fcssen und rote Passagen, die Sie besonders pr\u00fcfen und\u2026","rel":"","context":"Similar post","block_context":{"text":"Similar post","link":""},"img":{"alt_text":"","src":"","width":0,"height":0},"classes":[]},{"id":63,"url":"https:\/\/artgallerykellershop.com\/en\/terms_and_conditions\/","url_meta":{"origin":30,"position":1},"title":"Terms and Conditions","author":"admin","date":"09.06.2025","format":false,"excerpt":"Haftungshinweis: Das nachstehende Muster ist von einem Rechtsanwalt (https:\/\/drschwenke.de) entsprechend den typischen Anforderungen eines Onlineshops erstellt worden.\u00a0Jedoch sollten Sie das Muster nur\u00a0nach sorgf\u00e4ltiger Pr\u00fcfung und Anpassung auf Ihr konkretes Gesch\u00e4ftsmodell verwenden. Das nachfolgende Muster enth\u00e4lt daher zus\u00e4tzliche Hinweise, die Sie beachten m\u00fcssen und rote Passagen, die Sie besonders pr\u00fcfen und\u2026","rel":"","context":"Similar post","block_context":{"text":"Similar post","link":""},"img":{"alt_text":"","src":"","width":0,"height":0},"classes":[]},{"id":60,"url":"https:\/\/artgallerykellershop.com\/en\/privacy\/","url_meta":{"origin":30,"position":2},"title":"Privacy","author":"admin","date":"09.06.2025","format":false,"excerpt":"Haftungshinweis: Das nachstehende Muster ist von einem Rechtsanwalt (Dr. jur. Schwenke, LL.M. commercial (UoA), Zertifizierter Datenschutzauditor (DSA-T\u00dcV) Zertifizierter Datenschutzbeauftragter (T\u00dcV S\u00fcd)) entsprechend den typischen Anforderungen eines Onlineshops erstellt worden. Jedoch sollten Sie das Muster nur nach sorgf\u00e4ltiger Pr\u00fcfung und Anpassung auf Ihr konkretes Gesch\u00e4ftsmodell verwenden. Das nachfolgende Muster enth\u00e4lt daher\u2026","rel":"","context":"Similar post","block_context":{"text":"Similar post","link":""},"img":{"alt_text":"","src":"","width":0,"height":0},"classes":[]},{"id":401,"url":"https:\/\/artgallerykellershop.com\/en\/datenschutz\/","url_meta":{"origin":30,"position":3},"title":"Privacy policy","author":"admin","date":"06.07.2025","format":false,"excerpt":"1.\u00a0Grundlegendes Mit dieser Datenschutzerkl\u00e4rung informieren wir Sie \u00fcber die Art, den Umfang und den Zweck der Erhebung und Verwendung personenbezogener Daten durch den Websitebetreiber ARTgallery-Keller Bahnhofsring 4 D-76676 Graben-Neudorf. Der Websitebetreiber nimmt Ihren Datenschutz sehr ernst und behandelt Ihre personenbezogenen Daten vertraulich und entsprechend der gesetzlichen Vorschriften. Da durch neue\u2026","rel":"","context":"Similar post","block_context":{"text":"Similar post","link":""},"img":{"alt_text":"","src":"","width":0,"height":0},"classes":[]}],"_links":{"self":[{"href":"https:\/\/artgallerykellershop.com\/en\/wp-json\/wp\/v2\/pages\/30","targetHints":{"allow":["GET"]}}],"collection":[{"href":"https:\/\/artgallerykellershop.com\/en\/wp-json\/wp\/v2\/pages"}],"about":[{"href":"https:\/\/artgallerykellershop.com\/en\/wp-json\/wp\/v2\/types\/page"}],"author":[{"embeddable":true,"href":"https:\/\/artgallerykellershop.com\/en\/wp-json\/wp\/v2\/users\/1"}],"replies":[{"embeddable":true,"href":"https:\/\/artgallerykellershop.com\/en\/wp-json\/wp\/v2\/comments?post=30"}],"version-history":[{"count":0,"href":"https:\/\/artgallerykellershop.com\/en\/wp-json\/wp\/v2\/pages\/30\/revisions"}],"wp:attachment":[{"href":"https:\/\/artgallerykellershop.com\/en\/wp-json\/wp\/v2\/media?parent=30"}],"curies":[{"name":"wp","href":"https:\/\/api.w.org\/{rel}","templated":true}]}}