{"id":397,"date":"2025-07-06T18:13:08","date_gmt":"2025-07-06T17:13:08","guid":{"rendered":"https:\/\/artgallerykellershop.com\/?page_id=397"},"modified":"2026-03-06T21:16:39","modified_gmt":"2026-03-06T20:16:39","slug":"impressum","status":"publish","type":"page","link":"https:\/\/artgallerykellershop.com\/en\/impressum\/","title":{"rendered":"Imprint"},"content":{"rendered":"<div class=\"wp-block-group alignfull has-global-padding is-layout-constrained wp-block-group-is-layout-constrained\">\n<div class=\"wp-block-columns is-layout-flex wp-container-core-columns-is-layout-28f84493 wp-block-columns-is-layout-flex\">\n<div class=\"wp-block-column has-global-padding is-content-justification-left is-layout-constrained wp-container-core-column-is-layout-ba309b5f wp-block-column-is-layout-constrained\">\n<h1 class=\"wp-block-heading\">Imprint<\/h1>\n\n\n\n<p>Information according to \u00a7 5 TMG:<\/p>\n\n\n\n<p>ARTgallery cellar<br>Bahnhofsring 4<br>D-76676 Graben-Neudorf<\/p>\n\n\n\n<p><strong>Represented by the owner:<\/strong><\/p>\n\n\n\n<p>Iryna Keller<\/p>\n\n\n\n<p><strong>Contact:<\/strong><\/p>\n\n\n\n<p>Phone: +49 160 5578183<br>E-Mail: info@artgallery-keller.de<\/p>\n\n\n\n<p><strong>Editorially responsible:<\/strong><\/p>\n\n\n\n<p>Iryna Keller<\/p>\n\n\n\n<p><strong>Photos:<\/strong><\/p>\n\n\n\n<p>Exhibition and vernissage photos: Archive ARTgallery-Keller<\/p>\n\n\n\n<p><strong>Design of the website:<\/strong> Artgallery cellar<\/p>\n<\/div>\n<\/div>\n<\/div>","protected":false},"excerpt":{"rendered":"<p>Impressum Angaben gem\u00e4\u00df \u00a7 5 TMG: ARTgallery-KellerBahnhofsring 4D-76676 Graben-Neudorf Vertreten durch die Inhaberin: Iryna Keller Kontakt: Telefon: +49 160 5578183E-Mail: info@artgallery-keller.de Redaktionell verantwortlich: Iryna Keller Fotos: Messe- und Vernissagefotos: Archiv ARTgallery-Keller Gestaltung der Website: Artgallery Keller<\/p>","protected":false},"author":1,"featured_media":0,"parent":0,"menu_order":0,"comment_status":"closed","ping_status":"closed","template":"","meta":{"_acf_changed":false,"om_disable_all_campaigns":false,"_monsterinsights_skip_tracking":false,"_monsterinsights_sitenote_active":false,"_monsterinsights_sitenote_note":"","_monsterinsights_sitenote_category":0,"footnotes":""},"class_list":["post-397","page","type-page","status-publish","hentry"],"acf":[],"aioseo_notices":[],"jetpack_sharing_enabled":true,"jetpack-related-posts":[{"id":27,"url":"https:\/\/artgallerykellershop.com\/en\/shop\/","url_meta":{"origin":397,"position":0},"title":"Store","author":"admin","date":"06.06.2025","format":false,"excerpt":"Willkommen im Artgallery-Keller-Shop, unserer exklusiven digitalen B\u00fchne f\u00fcr moderne Malerei und zeitgen\u00f6ssische Kunstwerke. Hier entdecken Sie eine sorgf\u00e4ltig kuratierte Auswahl handverlesener Originalgem\u00e4lde und hochwertiger Kunstprints, die mit viel Liebe zum Detail ausgew\u00e4hlt wurden, um Ihre Wohnung, Ihr B\u00fcro oder Ihre pers\u00f6nliche Sammlung mit besonderem Ausdruck und lebendiger Seele zu bereichern.\u2026","rel":"","context":"Similar post","block_context":{"text":"Similar post","link":""},"img":{"alt_text":"","src":"","width":0,"height":0},"classes":[]},{"id":32,"url":"https:\/\/artgallerykellershop.com\/en\/","url_meta":{"origin":397,"position":1},"title":"Start","author":"admin","date":"06.06.2025","format":false,"excerpt":"Artgallery-Keller ist Ihre Kunstgalerie f\u00fcr klassische und zeitgen\u00f6ssische Malerei in der N\u00e4he von Karlsruhe. Von talentierten, akademisch ausgebildeten K\u00fcnstlern geschaffene Kunstwerke voller Ausdruck, Farbe und Emotion pr\u00e4sentieren wir seit mehr als zehn Jahren. Es gibt exklusive Gem\u00e4lde, die in inspirierenden Plein-Air-Malaktionen entstehen, in unserer Galerie in Graben-Neudorf, nur wenige Minuten\u2026","rel":"","context":"Similar post","block_context":{"text":"Similar post","link":""},"img":{"alt_text":"Expressionistisches Gem\u00e4lde von Chebotaru Andrii mit Seerosenteich und buntem Uferbewuchs im Schlosspark zu Karlsruhe","src":"https:\/\/i0.wp.com\/artgallerykellershop.com\/wp-content\/uploads\/2025\/06\/20190913_091621-edited-1.jpg?resize=350%2C200","width":350,"height":200,"srcset":"https:\/\/i0.wp.com\/artgallerykellershop.com\/wp-content\/uploads\/2025\/06\/20190913_091621-edited-1.jpg?resize=350%2C200 1x, https:\/\/i0.wp.com\/artgallerykellershop.com\/wp-content\/uploads\/2025\/06\/20190913_091621-edited-1.jpg?resize=525%2C300 1.5x, https:\/\/i0.wp.com\/artgallerykellershop.com\/wp-content\/uploads\/2025\/06\/20190913_091621-edited-1.jpg?resize=700%2C400 2x, https:\/\/i0.wp.com\/artgallerykellershop.com\/wp-content\/uploads\/2025\/06\/20190913_091621-edited-1.jpg?resize=1050%2C600 3x, https:\/\/i0.wp.com\/artgallerykellershop.com\/wp-content\/uploads\/2025\/06\/20190913_091621-edited-1.jpg?resize=1400%2C800 4x"},"classes":[]},{"id":480,"url":"https:\/\/artgallerykellershop.com\/en\/kunst-verkaufen\/","url_meta":{"origin":397,"position":2},"title":"Selling art","author":"admin","date":"08.07.2025","format":false,"excerpt":"Selling art means more than just offering paint on canvas. It is the expression of a story or a thought, which is why I only want to place it in hands that recognize and appreciate its value. For artists, selling through ARTgallery-Keller means: visibility in an environment that stands for quality and authenticity. Professional presentation,...","rel":"","context":"Similar post","block_context":{"text":"Similar post","link":""},"img":{"alt_text":"","src":"","width":0,"height":0},"classes":[]},{"id":422,"url":"https:\/\/artgallerykellershop.com\/en\/allgemeine-geschaeftsbedingungen\/","url_meta":{"origin":397,"position":3},"title":"General Terms and Conditions","author":"admin","date":"07.07.2025","format":false,"excerpt":"General Terms and Conditions Scope of application ARTgallery- Keller, managed by Iryna Keller (hereinafter referred to as \"we\"), carries out your Internet order on the basis of the following General Terms and Conditions (\"GTC\") in the form valid at the time of your order. - Conclusion of contractThe presentation of the products in the online store does not constitute a legally binding offer, but only an invitation to order.","rel":"","context":"Similar post","block_context":{"text":"Similar post","link":""},"img":{"alt_text":"","src":"","width":0,"height":0},"classes":[]},{"id":29,"url":"https:\/\/artgallerykellershop.com\/en\/kasse\/","url_meta":{"origin":397,"position":4},"title":"Cash register","author":"admin","date":"06.06.2025","format":false,"excerpt":"","rel":"","context":"Similar post","block_context":{"text":"Similar post","link":""},"img":{"alt_text":"","src":"","width":0,"height":0},"classes":[]},{"id":30,"url":"https:\/\/artgallerykellershop.com\/en\/mein-konto\/","url_meta":{"origin":397,"position":5},"title":"Mein Konto","author":"admin","date":"06.06.2025","format":false,"excerpt":"","rel":"","context":"Similar post","block_context":{"text":"Similar post","link":""},"img":{"alt_text":"","src":"","width":0,"height":0},"classes":[]}],"_links":{"self":[{"href":"https:\/\/artgallerykellershop.com\/en\/wp-json\/wp\/v2\/pages\/397","targetHints":{"allow":["GET"]}}],"collection":[{"href":"https:\/\/artgallerykellershop.com\/en\/wp-json\/wp\/v2\/pages"}],"about":[{"href":"https:\/\/artgallerykellershop.com\/en\/wp-json\/wp\/v2\/types\/page"}],"author":[{"embeddable":true,"href":"https:\/\/artgallerykellershop.com\/en\/wp-json\/wp\/v2\/users\/1"}],"replies":[{"embeddable":true,"href":"https:\/\/artgallerykellershop.com\/en\/wp-json\/wp\/v2\/comments?post=397"}],"version-history":[{"count":7,"href":"https:\/\/artgallerykellershop.com\/en\/wp-json\/wp\/v2\/pages\/397\/revisions"}],"predecessor-version":[{"id":1045,"href":"https:\/\/artgallerykellershop.com\/en\/wp-json\/wp\/v2\/pages\/397\/revisions\/1045"}],"wp:attachment":[{"href":"https:\/\/artgallerykellershop.com\/en\/wp-json\/wp\/v2\/media?parent=397"}],"curies":[{"name":"wp","href":"https:\/\/api.w.org\/{rel}","templated":true}]}}