{"id":401,"date":"2025-07-06T18:35:15","date_gmt":"2025-07-06T17:35:15","guid":{"rendered":"https:\/\/artgallerykellershop.com\/?page_id=401"},"modified":"2025-07-07T18:46:51","modified_gmt":"2025-07-07T17:46:51","slug":"datenschutz","status":"publish","type":"page","link":"https:\/\/artgallerykellershop.com\/en\/datenschutz\/","title":{"rendered":"Privacy policy"},"content":{"rendered":"<h3 class=\"wp-block-heading\">1. fundamentals<\/h3>\n\n\n\n<p>With this privacy policy we inform you about the type, scope and purpose of the collection and use of personal data by the website operator<\/p>\n\n\n\n<p>ARTgallery cellar<\/p>\n\n\n\n<p>Bahnhofsring 4<\/p>\n\n\n\n<p>D-76676 Graben-Neudorf.<\/p>\n\n\n\n<p>The website operator takes your data protection very seriously and treats your personal data confidentially and in accordance with the statutory provisions. As new technologies and the constant further development of this website may result in changes to this data protection declaration, we recommend that you read the data protection declaration again at regular intervals.<\/p>\n\n\n\n<p>The term \"personal data\" refers to all data that can be related to you personally. This includes, for example, your name, address, e-mail addresses and user behavior. With regard to the other terms, in particular the terms \"processing\" and \"consent\", we refer you to the statutory definitions under data protection law.<\/p>\n\n\n\n<p>Further definitions of terms can be found in Art. 4 GDPR.<\/p>\n\n\n\n<h3 class=\"wp-block-heading\">2. name and address of the person responsible<\/h3>\n\n\n\n<div class=\"wp-block-stackable-text stk-block-text stk-block stk-ed872b1\" data-block-id=\"ed872b1\"><p class=\"stk-block-text__text\">The controller within the meaning of the General Data Protection Regulation and other national data protection laws of the member states as well as other data protection regulations is the:<\/p><\/div>\n\n\n\n<h4 class=\"wp-block-heading\">ARTgallery cellar<\/h4>\n\n\n\n<p>Bahnhofsring 4<\/p>\n\n\n\n<div class=\"wp-block-stackable-text stk-block-text stk-block stk-9170d8b\" data-block-id=\"9170d8b\"><style>.stk-9170d8b {margin-bottom:0px !important;}<\/style><p class=\"stk-block-text__text\">D-76676 Graben-Neudorf<\/p><\/div>\n\n\n\n<div class=\"wp-block-stackable-text stk-block-text stk-block stk-62b323b\" data-block-id=\"62b323b\"><style>.stk-62b323b {margin-bottom:0px !important;}<\/style><p class=\"stk-block-text__text\">Phone: +49 160 5578183<\/p><\/div>\n\n\n\n<div class=\"wp-block-stackable-text stk-block-text stk-block stk-b917750\" data-block-id=\"b917750\"><style>.stk-b917750 {margin-bottom:0px !important;}<\/style><p class=\"stk-block-text__text\">E-mail: info@artgallery-keller.com<\/p><\/div>\n\n\n\n<div class=\"wp-block-stackable-text stk-block-text stk-block stk-c18309a\" data-block-id=\"c18309a\"><p class=\"stk-block-text__text\">Website: www.shop.artgallery-keller.com<\/p><\/div>\n\n\n\n<h4 class=\"wp-block-heading\">&nbsp;<\/h4>\n\n\n\n<h3 class=\"wp-block-heading\">3. name and address of the data protection officer<\/h3>\n\n\n\n<h4 class=\"wp-block-heading\">The data protection officer of the controller is<\/h4>\n\n\n\n<p>Iryna Keller<\/p>\n\n\n\n<p>Bahnhofsring 4<\/p>\n\n\n\n<div class=\"wp-block-stackable-text stk-block-text stk-block stk-64055b2\" data-block-id=\"64055b2\"><style>.stk-64055b2 {margin-bottom:0px !important;}<\/style><p class=\"stk-block-text__text\">D-76676 Graben-Neudorf<\/p><\/div>\n\n\n\n<div class=\"wp-block-stackable-text stk-block-text stk-block stk-b4cc4ea\" data-block-id=\"b4cc4ea\"><style>.stk-b4cc4ea {margin-bottom:0px !important;}<\/style><p class=\"stk-block-text__text\">Phone: +49 160 5578183<\/p><\/div>\n\n\n\n<div class=\"wp-block-stackable-text stk-block-text stk-block stk-71098ae\" data-block-id=\"71098ae\"><style>.stk-71098ae {margin-bottom:0px !important;}<\/style><p class=\"stk-block-text__text\">E-mail: info@artgallery-keller.com<\/p><\/div>\n\n\n\n<p><strong>Website: www.shop.artgallery-keller.com<\/strong><\/p>\n\n\n\n<h4 class=\"wp-block-heading\">4. general information on data processing<\/h4>\n\n\n\n<div class=\"wp-block-stackable-text stk-block-text stk-block stk-42230c8\" data-block-id=\"42230c8\"><p class=\"stk-block-text__text\">Scope of the processing of personal data<\/p><\/div>\n\n\n\n<div class=\"wp-block-stackable-text stk-block-text stk-block stk-8f5bd81\" data-block-id=\"8f5bd81\"><p class=\"stk-block-text__text\">We only process our users' personal data insofar as this is necessary to provide a functional website and our content and services. The processing of our users' personal data only takes place regularly with the user's consent. An exception applies in cases where prior consent cannot be obtained for factual reasons and the processing of the data is permitted by law.<\/p><\/div>\n\n\n\n<div class=\"wp-block-stackable-text stk-block-text stk-block stk-20e5261\" data-block-id=\"20e5261\"><p class=\"stk-block-text__text\">Legal basis for the processing of personal data<\/p><\/div>\n\n\n\n<div class=\"wp-block-stackable-text stk-block-text stk-block stk-5351cc0\" data-block-id=\"5351cc0\"><p class=\"stk-block-text__text\">Insofar as we obtain the consent of the data subject for the processing of personal data, Art. 6 para. 1 lit. a EU General Data Protection Regulation (GDPR) serves as the legal basis. When processing personal data that is necessary for the performance of a contract to which the data subject is a party, Art. 6 para. 1 lit. b GDPR serves as the legal basis. This also applies to processing operations that are necessary to carry out pre-contractual measures. Insofar as the processing of personal data is necessary to fulfill a legal obligation to which our company is subject, Art. 6 para. 1 lit. c GDPR serves as the legal basis. In the event that vital interests of the data subject or another natural person require the processing of personal data, Art. 6 para. 1 lit. d GDPR serves as the legal basis.<\/p><\/div>\n\n\n\n<div class=\"wp-block-stackable-text stk-block-text stk-block stk-1c5ed1b\" data-block-id=\"1c5ed1b\"><p class=\"stk-block-text__text\">If the processing is necessary to safeguard a legitimate interest of our company or a third party and if the interests, fundamental rights and freedoms of the data subject do not outweigh the former interest, Art. 6 para. 1 lit. f GDPR serves as the legal basis for the processing.<\/p><\/div>\n\n\n\n<h4 class=\"wp-block-heading\">Data erasure and storage duration<\/h4>\n\n\n\n<div class=\"wp-block-stackable-text stk-block-text stk-block stk-d060fa8\" data-block-id=\"d060fa8\"><p class=\"stk-block-text__text\">The personal data of the data subject will be deleted or blocked as soon as the purpose of storage no longer applies. Data may also be stored if this has been provided for by the European or national legislator in EU regulations, laws or other provisions to which the controller is subject. The data will also be blocked or erased if a storage period prescribed by the aforementioned standards expires, unless there is a need for further storage of the data for the conclusion or fulfillment of a contract.<\/p><\/div>\n\n\n\n<h4 class=\"wp-block-heading\">5. access data<\/h4>\n\n\n\n<p>We, the website operator or page provider, collect data about access to the website on the basis of our legitimate interest (see Art. 6 para. 1 lit. f. GDPR) and store these as \"server log files\" on the website server. The following data is logged in this way:<\/p>\n\n\n\n<ul class=\"wp-block-list\">\n<li>Visited website<\/li>\n\n\n\n<li>Time at the time of access<\/li>\n\n\n\n<li>Amount of data sent in bytes<\/li>\n\n\n\n<li>Source\/reference from which you reached the page<\/li>\n\n\n\n<li>\u00a0Browser used<\/li>\n\n\n\n<li>Operating system used<\/li>\n\n\n\n<li>Operating system used<\/li>\n<\/ul>\n\n\n\n<p>The server log files are stored for a maximum of 7 days and then deleted. The data is stored for security reasons, e.g. to be able to clarify cases of misuse. If data must be retained for reasons of proof, it is excluded from deletion until the incident has been finally clarified.<\/p>\n\n\n\n<h4 class=\"wp-block-heading\">6. reach measurement &amp; cookies<\/h4>\n\n\n\n<p>This website uses cookies for pseudonymized reach measurement, which are transmitted to the user's browser either from our server or the server of a third party. Cookies are small files that are stored on your end device. Your browser accesses these files. The use of cookies increases the user-friendliness and security of this website.<\/p>\n\n\n\n<p>If you do not want cookies to be stored on your device to measure reach, you can object to the use of these files here:<\/p>\n\n\n\n<ul class=\"wp-block-list\">\n<li>Cookie deactivation page of the Network Advertising Initiative:\u00a0<a href=\"http:\/\/optout.networkadvertising.org\/?c=1#!\/\">http:\/\/optout.networkadvertising.org\/?c=1#!\/<\/a><\/li>\n\n\n\n<li>\u00a0Cookie deactivation page of the US website:\u00a0<a href=\"http:\/\/optout.aboutads.info\/?c=2#!\/\">http:\/\/optout.aboutads.info\/?c=2#!\/<\/a><\/li>\n\n\n\n<li>Cookie deactivation page of the European website:\u00a0<a href=\"http:\/\/optout.networkadvertising.org\/?c=1#!\/\">http:\/\/optout.networkadvertising.org\/?c=1#!\/<\/a><\/li>\n<\/ul>\n\n\n\n<p>Common browsers offer the setting option of not allowing cookies. Note: There is no guarantee that you will be able to access all functions of this website without restrictions if you make the appropriate settings.<\/p>\n\n\n\n<p><strong>Collection and processing of personal data<\/strong><\/p>\n\n\n\n<p>The website operator only collects, uses and passes on your personal data if this is permitted by law or if you consent to the collection of data.<\/p>\n\n\n\n<p>Personal data is all information that can be used to identify you personally and which can be traced back to you - for example, your name, e-mail address and telephone number.<\/p>\n\n\n\n<p>You can also visit this website without providing any personal data. However, in order to improve our online services, we store your access data to this website (without personal reference). This access data includes, for example, the file you requested or the name of your Internet provider. By anonymizing the data, it is not possible to draw conclusions about your person.<\/p>\n\n\n\n<p><strong>7. handling of contact data<\/strong><\/p>\n\n\n\n<p>If you contact us as the website operator through the contact options offered, your details will be stored so that they can be used to process and respond to your inquiry. This data will not be passed on to third parties without your consent.<\/p>\n\n\n\n<p><strong>8. dealing with comments and contributions<\/strong><\/p>\n\n\n\n<p>If you leave a post or comment on this website, your IP address will be saved. This is done on the basis of our legitimate interests within the meaning of Art. 6 para. 1 lit. f. GDPR. GDPR and serves the security of us as the website operator: Because if your comment violates applicable law, we can be prosecuted for it, which is why we have an interest in the identity of the comment or post author.<\/p>\n\n\n\n<p><strong>9. google analytics<\/strong><\/p>\n\n\n\n<p>Due to our legitimate interests in optimizing and analyzing our online offer within the meaning of Art. 6 para. 1 lit. f. DSGVO. GDPR the service \"Google Analytics\", which is offered by Google Inc. (1600 Amphitheatre Parkway Mountain View, CA 94043, USA). The service (Google Analytics) uses \"cookies\" - text files that are stored on your end device. The information collected by the cookies is generally sent to a Google server in the USA and stored there.<\/p>\n\n\n\n<p>Google LLC complies with European data protection law and is certified under the Privacy Shield Agreement:&nbsp;<a href=\"https:\/\/www.privacyshield.gov\/participant?id=a2zt000000001L5AAI&amp;status=Active\">https:\/\/www.privacyshield.gov\/participant?id=a2zt000000001L5AAI&amp;status=Active<\/a><\/p>\n\n\n\n<p>IP anonymization is used on this website. The IP address of the user is shortened within the member states of the EU and the European Economic Area and in the other contracting states of the agreement. Only in individual cases is the IP address initially transmitted in full to a Google server in the USA and truncated there. This truncation eliminates the personal reference of your IP address. The user's IP address transmitted by the browser is not combined with other data stored by Google.<\/p>\n\n\n\n<p>As part of the contract data agreement that we as the website operator have concluded with Google Inc., Google Inc. uses the information collected to analyze website usage and website activity and provides services related to Internet usage.<\/p>\n\n\n\n<p>The data collected by Google on our behalf is used to evaluate the use of our online offering by individual users, e.g. to compile reports on website activity in order to improve our online offering.<\/p>\n\n\n\n<p>You have the option of preventing the storage of cookies on your device by making the appropriate settings in your browser. There is no guarantee that you will be able to access all functions of this website without restrictions if your browser does not allow cookies.<\/p>\n\n\n\n<p>You can also use a browser plugin to prevent the information collected by cookies (including your IP address) from being sent to Google Inc. and used by Google Inc. The following link will take you to the corresponding plugin:&nbsp;<a href=\"https:\/\/tools.google.com\/dlpage\/gaoptout?hl=de\">https:\/\/tools.google.com\/dlpage\/gaoptout?hl=de<\/a><\/p>\n\n\n\n<p>Alternatively, you can prevent Google Analytics from collecting data about you within this website by clicking on this link (IMPORTANT: insert opt-out link). By clicking on the above link, you download an \"opt-out cookie\". Your browser must therefore allow the storage of cookies. If you delete your cookies regularly, you will need to click on the link again each time you visit this website.<\/p>\n\n\n\n<p>Here you will find further information on the use of data by Google Inc:<\/p>\n\n\n\n<ul class=\"wp-block-list\">\n<li><a href=\"https:\/\/policies.google.com\/privacy\/partners?hl=de\">https:\/\/policies.google.com\/privacy\/partners?hl=de<\/a>\u00a0(Data collected by Google partners)<\/li>\n\n\n\n<li><a href=\"https:\/\/adssettings.google.de\/authenticated\">https:\/\/adssettings.google.de\/authenticated<\/a>\u00a0(Settings about advertising that is displayed to you)<\/li>\n\n\n\n<li><a href=\"https:\/\/policies.google.com\/technologies\/ads?hl=de\">https:\/\/policies.google.com\/technologies\/ads?hl=de<\/a>\u00a0(Use of cookies in advertisements)<\/li>\n<\/ul>\n\n\n\n<p><strong>10.&nbsp;&nbsp;<\/strong><strong>Use of social media plugins from Facebook<\/strong><\/p>\n\n\n\n<p>Due to our legitimate interest in the analysis, optimization and operation of our online offer (within the meaning of Art. 6 para. 1 lit. f. GDPR), this website uses the Facebook social plugin, which is operated by Facebook Inc (1 Hacker Way, Menlo Park, California 94025, USA). The integrations can be recognized by the Facebook logo or the terms \"Like\", \"Like\", \"Share\" in the Facebook colors (blue and white). Information on all Facebook plugins can be found via the following link:&nbsp;<a href=\"https:\/\/developers.facebook.com\/docs\/plugins\/\">https:\/\/developers.facebook.com\/docs\/plugins\/<\/a><\/p>\n\n\n\n<p>Facebook Inc. complies with European data protection law and is certified under the Privacy Shield Agreement:&nbsp;<a href=\"https:\/\/www.privacyshield.gov\/participant?id=a2zt0000000GnywAAC&amp;status=Active\">https:\/\/www.privacyshield.gov\/participant?id=a2zt0000000GnywAAC&amp;status=Active<\/a><\/p>\n\n\n\n<p>The plugin establishes a direct connection between your browser and the Facebook servers. The website operator has no influence whatsoever on the nature and scope of the data that the plugin transmits to the Facebook Inc. servers. You can find information on this here:&nbsp;<a href=\"https:\/\/www.facebook.com\/help\/186325668085084\">https:\/\/www.facebook.com\/help\/186325668085084<\/a><\/p>\n\n\n\n<p>The plugin informs Facebook Inc. that you as a user have visited this website. There is a possibility that your IP address will be stored. If you are logged into your Facebook account during your visit to this website, this information will be linked to it.<\/p>\n\n\n\n<p>If you use the functions of the plugin - for example by sharing or \"liking\" a post - the corresponding information is also transmitted to Facebook Inc.<\/p>\n\n\n\n<p>If you would like to prevent Facebook. Inc. from linking this data to your Facebook account, please log out of Facebook before visiting this website and delete the stored cookies. You can make further settings for data processing for advertising purposes or object to the use of your data for advertising purposes via your Facebook profile. You can access the settings here:<\/p>\n\n\n\n<ul class=\"wp-block-list\">\n<li>Profile settings on Facebook:\u00a0<a href=\"https:\/\/www.facebook.com\/ads\/preferences\/?entry_product=ad_settings_screen\">https:\/\/www.facebook.com\/ads\/preferences\/?entry_product=ad_settings_screen<\/a><\/li>\n\n\n\n<li>Cookie deactivation page of the US website:\u00a0<a href=\"http:\/\/optout.aboutads.info\/?c=2#!\/\">http:\/\/optout.aboutads.info\/?c=2#!\/<\/a><\/li>\n\n\n\n<li>Cookie deactivation page of the European website:\u00a0<a href=\"http:\/\/optout.networkadvertising.org\/?c=1#!\/\">http:\/\/optout.networkadvertising.org\/?c=1#!\/<\/a><\/li>\n<\/ul>\n\n\n\n<p>You can find out what data, for what purpose and to what extent Facebook collects, uses and processes data and what rights and settings options you have to protect your privacy in Facebook's privacy policy. You can find it here:&nbsp;<a href=\"https:\/\/www.facebook.com\/about\/privacy\/\">https:\/\/www.facebook.com\/about\/privacy\/<\/a><\/p>\n\n\n\n<p><strong>11.&nbsp;&nbsp;<\/strong><strong>Newsletter<\/strong><strong><\/strong><\/p>\n\n\n\n<p><strong>Description and scope of data processing<\/strong><\/p>\n\n\n\n<p>You can subscribe to a free newsletter on our website. When you register for the newsletter, the data from the input screen is transmitted to us.<\/p>\n\n\n\n<p><strong>E-mail address<\/strong><\/p>\n\n\n\n<ul class=\"wp-block-list\">\n<li>IP address of the calling computer<\/li>\n\n\n\n<li>Date and time of registration<\/li>\n<\/ul>\n\n\n\n<p>Your consent is obtained for the processing of the data as part of the registration process and reference is made to this privacy policy.<\/p>\n\n\n\n<p><strong>Legal basis for data processing<\/strong><\/p>\n\n\n\n<p>The legal basis for sending the newsletter as a result of the sale of goods or services is Section 7 (3) UWG.<\/p>\n\n\n\n<p><strong>Purpose of data processing<\/strong><\/p>\n\n\n\n<p>The purpose of collecting the user's e-mail address is to deliver the newsletter.<\/p>\n\n\n\n<p><strong>Duration of storage<\/strong><\/p>\n\n\n\n<p>The data will be deleted as soon as it is no longer required for the purpose for which it was collected. The user's e-mail address will be d<\/p>","protected":false},"excerpt":{"rendered":"<p>1.\u00a0Grundlegendes Mit dieser Datenschutzerkl\u00e4rung informieren wir Sie \u00fcber die Art, den Umfang und den Zweck der Erhebung und Verwendung personenbezogener Daten durch den Websitebetreiber ARTgallery-Keller Bahnhofsring 4 D-76676 Graben-Neudorf. Der Websitebetreiber nimmt Ihren Datenschutz sehr ernst und behandelt Ihre personenbezogenen Daten vertraulich und entsprechend der gesetzlichen Vorschriften. Da durch neue Technologien und die st\u00e4ndige Weiterentwicklung [&hellip;]<\/p>\n","protected":false},"author":1,"featured_media":0,"parent":0,"menu_order":0,"comment_status":"closed","ping_status":"closed","template":"","meta":{"_acf_changed":false,"om_disable_all_campaigns":false,"_monsterinsights_skip_tracking":false,"_monsterinsights_sitenote_active":false,"_monsterinsights_sitenote_note":"","_monsterinsights_sitenote_category":0,"footnotes":""},"class_list":["post-401","page","type-page","status-publish","hentry"],"acf":[],"aioseo_notices":[],"jetpack_sharing_enabled":true,"jetpack-related-posts":[{"id":60,"url":"https:\/\/artgallerykellershop.com\/en\/privacy\/","url_meta":{"origin":401,"position":0},"title":"Privacy","author":"admin","date":"09.06.2025","format":false,"excerpt":"Haftungshinweis: Das nachstehende Muster ist von einem Rechtsanwalt (Dr. jur. Schwenke, LL.M. commercial (UoA), Zertifizierter Datenschutzauditor (DSA-T\u00dcV) Zertifizierter Datenschutzbeauftragter (T\u00dcV S\u00fcd)) entsprechend den typischen Anforderungen eines Onlineshops erstellt worden. Jedoch sollten Sie das Muster nur nach sorgf\u00e4ltiger Pr\u00fcfung und Anpassung auf Ihr konkretes Gesch\u00e4ftsmodell verwenden. Das nachfolgende Muster enth\u00e4lt daher\u2026","rel":"","context":"Similar post","block_context":{"text":"Similar post","link":""},"img":{"alt_text":"","src":"","width":0,"height":0},"classes":[]},{"id":422,"url":"https:\/\/artgallerykellershop.com\/en\/allgemeine-geschaeftsbedingungen\/","url_meta":{"origin":401,"position":1},"title":"General Terms and Conditions","author":"admin","date":"07.07.2025","format":false,"excerpt":"General Terms and Conditions Scope of application ARTgallery- Keller, managed by Iryna Keller (hereinafter referred to as \"we\"), carries out your Internet order on the basis of the following General Terms and Conditions (\"GTC\") in the form valid at the time of your order. - Conclusion of contractThe presentation of the products in the online store does not constitute a legally binding offer, but only an invitation to order.","rel":"","context":"Similar post","block_context":{"text":"Similar post","link":""},"img":{"alt_text":"","src":"","width":0,"height":0},"classes":[]},{"id":59,"url":"https:\/\/artgallerykellershop.com\/en\/revocation_policy_for_digital_content\/","url_meta":{"origin":401,"position":2},"title":"Revocation Policy for Digital Content","author":"admin","date":"09.06.2025","format":false,"excerpt":"Haftungshinweis: Das nachstehende Muster ist von einem Rechtsanwalt (https:\/\/drschwenke.de) entsprechend den typischen Anforderungen eines Onlineshops erstellt worden.\u00a0Jedoch sollten Sie das Muster nur\u00a0nach sorgf\u00e4ltiger Pr\u00fcfung und Anpassung auf Ihr konkretes Gesch\u00e4ftsmodell verwenden. Das nachfolgende Muster enth\u00e4lt daher zus\u00e4tzliche Hinweise, die Sie beachten m\u00fcssen und rote Passagen, die Sie besonders pr\u00fcfen und\u2026","rel":"","context":"Similar post","block_context":{"text":"Similar post","link":""},"img":{"alt_text":"","src":"","width":0,"height":0},"classes":[]},{"id":56,"url":"https:\/\/artgallerykellershop.com\/en\/legal_information\/","url_meta":{"origin":401,"position":3},"title":"Legal Information","author":"admin","date":"09.06.2025","format":false,"excerpt":"Haftungshinweis: Das nachstehende Muster ist von einem Rechtsanwalt (https:\/\/drschwenke.de) entsprechend den typischen Anforderungen eines Onlineshops erstellt worden.\u00a0Jedoch sollten Sie das Muster nur\u00a0nach sorgf\u00e4ltiger Pr\u00fcfung und Anpassung auf Ihr konkretes Gesch\u00e4ftsmodell verwenden. Das nachfolgende Muster enth\u00e4lt daher zus\u00e4tzliche Hinweise, die Sie beachten m\u00fcssen und rote Passagen, die Sie besonders pr\u00fcfen und\u2026","rel":"","context":"Similar post","block_context":{"text":"Similar post","link":""},"img":{"alt_text":"","src":"","width":0,"height":0},"classes":[]},{"id":486,"url":"https:\/\/artgallerykellershop.com\/en\/persoenliche-beratung\/","url_meta":{"origin":401,"position":4},"title":"Personal advice","author":"admin","date":"08.07.2025","format":false,"excerpt":"A consultation on a work of art is much more than a purchase, it is a decision for life. Art accompanies us not just for a moment, but often for many years, sometimes even for generations. It shapes our rooms, creates atmosphere and tells stories that become part of our personal journey through life....","rel":"","context":"Similar post","block_context":{"text":"Similar post","link":""},"img":{"alt_text":"","src":"","width":0,"height":0},"classes":[]},{"id":63,"url":"https:\/\/artgallerykellershop.com\/en\/terms_and_conditions\/","url_meta":{"origin":401,"position":5},"title":"Terms and Conditions","author":"admin","date":"09.06.2025","format":false,"excerpt":"Haftungshinweis: Das nachstehende Muster ist von einem Rechtsanwalt (https:\/\/drschwenke.de) entsprechend den typischen Anforderungen eines Onlineshops erstellt worden.\u00a0Jedoch sollten Sie das Muster nur\u00a0nach sorgf\u00e4ltiger Pr\u00fcfung und Anpassung auf Ihr konkretes Gesch\u00e4ftsmodell verwenden. Das nachfolgende Muster enth\u00e4lt daher zus\u00e4tzliche Hinweise, die Sie beachten m\u00fcssen und rote Passagen, die Sie besonders pr\u00fcfen und\u2026","rel":"","context":"Similar post","block_context":{"text":"Similar post","link":""},"img":{"alt_text":"","src":"","width":0,"height":0},"classes":[]}],"_links":{"self":[{"href":"https:\/\/artgallerykellershop.com\/en\/wp-json\/wp\/v2\/pages\/401","targetHints":{"allow":["GET"]}}],"collection":[{"href":"https:\/\/artgallerykellershop.com\/en\/wp-json\/wp\/v2\/pages"}],"about":[{"href":"https:\/\/artgallerykellershop.com\/en\/wp-json\/wp\/v2\/types\/page"}],"author":[{"embeddable":true,"href":"https:\/\/artgallerykellershop.com\/en\/wp-json\/wp\/v2\/users\/1"}],"replies":[{"embeddable":true,"href":"https:\/\/artgallerykellershop.com\/en\/wp-json\/wp\/v2\/comments?post=401"}],"version-history":[{"count":4,"href":"https:\/\/artgallerykellershop.com\/en\/wp-json\/wp\/v2\/pages\/401\/revisions"}],"predecessor-version":[{"id":455,"href":"https:\/\/artgallerykellershop.com\/en\/wp-json\/wp\/v2\/pages\/401\/revisions\/455"}],"wp:attachment":[{"href":"https:\/\/artgallerykellershop.com\/en\/wp-json\/wp\/v2\/media?parent=401"}],"curies":[{"name":"wp","href":"https:\/\/api.w.org\/{rel}","templated":true}]}}