{"id":405,"date":"2025-07-06T18:39:46","date_gmt":"2025-07-06T17:39:46","guid":{"rendered":"https:\/\/artgallerykellershop.com\/?page_id=405"},"modified":"2026-03-06T21:11:54","modified_gmt":"2026-03-06T20:11:54","slug":"agb","status":"publish","type":"page","link":"https:\/\/artgallerykellershop.com\/en\/agb\/","title":{"rendered":"Buy returns"},"content":{"rendered":"<h1 class=\"wp-block-heading\">Buy returns<\/h1>\n\n\n\n<p>Vielen Dank f\u00fcr den Kauf unserer Produkte auf <a href=\"https:\/\/artgallerykellershop.com\/en\/\">https:\/\/artgallerykellershop.com<\/a>, betrieben von Iryna Keller.<br>\u00a0<br>To be eligible for a refund, you must return the product within 30 calendar days of purchase. The product must be in the same condition in which you received it and must not be damaged in any way.<br>\u00a0<br>After we receive your item, our team of professionals will inspect it and process your refund. The money will be refunded to the original payment method you used to make the purchase. For credit card payments, it may take 5 to 10 business days for the refund to appear on your credit card statement.<br>\u00a0<br>If the product is damaged in any way or you have initiated the return after 30 calendar days, you will not be entitled to a refund.<br>\u00a0<br>If anything is unclear or you have any further questions, please feel free to contact our customer service.<br>\u00a0<br>\u00a0<br>Thanks for purchasing our products at <a href=\"https:\/\/artgallerykellershop.com\/en\/\">https:\/\/artgallerykellershop.com<\/a> operated by Iryna Keller.<br>\u00a0<br>In order to be eligible for a refund, you have to return the product within 30 calendar days of your purchase. The product must be in the same condition that you receive it and undamaged in any way.<br>\u00a0<br>After we receive your item, our team of professionals will inspect it and process your refund. The money will be refunded to the original payment method you've used during the purchase. For credit card payments it may take 5 to 10 business days for a refund to show up on your credit card statement.<br>\u00a0<br>If the product is damaged in any way, or you have initiated the return after 30 calendar days have passed, you will not be eligible for a refund.<br>\u00a0<br>If anything is unclear or you have more questions feel free to contact our customer support team.<br>\u00a0<br>If you have any questions, please do not hesitate to contact me.<br>Should you have any questions, please do not hesitate to contact us.<\/p>","protected":false},"excerpt":{"rendered":"<p>Retouren kaufen Vielen Dank f\u00fcr den Kauf unserer Produkte auf https:\/\/artgallerykellershop.com, betrieben von Iryna Keller.\u00a0Um f\u00fcr eine R\u00fcckerstattung in Frage zu kommen, m\u00fcssen Sie das Produkt innerhalb von 30 Kalendertagen nach dem Kauf zur\u00fcckgeben. Das Produkt muss sich in demselben Zustand befinden, in dem Sie es erhalten haben, und darf in keiner Weise besch\u00e4digt sein.\u00a0Nachdem [&hellip;]<\/p>\n","protected":false},"author":1,"featured_media":0,"parent":0,"menu_order":0,"comment_status":"closed","ping_status":"closed","template":"","meta":{"_acf_changed":false,"om_disable_all_campaigns":false,"_monsterinsights_skip_tracking":false,"_monsterinsights_sitenote_active":false,"_monsterinsights_sitenote_note":"","_monsterinsights_sitenote_category":0,"footnotes":""},"class_list":["post-405","page","type-page","status-publish","hentry"],"acf":[],"aioseo_notices":[],"jetpack_sharing_enabled":true,"jetpack-related-posts":[{"id":63,"url":"https:\/\/artgallerykellershop.com\/en\/terms_and_conditions\/","url_meta":{"origin":405,"position":0},"title":"Terms and Conditions","author":"admin","date":"09.06.2025","format":false,"excerpt":"Haftungshinweis: Das nachstehende Muster ist von einem Rechtsanwalt (https:\/\/drschwenke.de) entsprechend den typischen Anforderungen eines Onlineshops erstellt worden.\u00a0Jedoch sollten Sie das Muster nur\u00a0nach sorgf\u00e4ltiger Pr\u00fcfung und Anpassung auf Ihr konkretes Gesch\u00e4ftsmodell verwenden. Das nachfolgende Muster enth\u00e4lt daher zus\u00e4tzliche Hinweise, die Sie beachten m\u00fcssen und rote Passagen, die Sie besonders pr\u00fcfen und\u2026","rel":"","context":"Similar post","block_context":{"text":"Similar post","link":""},"img":{"alt_text":"","src":"","width":0,"height":0},"classes":[]},{"id":422,"url":"https:\/\/artgallerykellershop.com\/en\/allgemeine-geschaeftsbedingungen\/","url_meta":{"origin":405,"position":1},"title":"General Terms and Conditions","author":"admin","date":"07.07.2025","format":false,"excerpt":"General Terms and Conditions Scope of application ARTgallery- Keller, managed by Iryna Keller (hereinafter referred to as \"we\"), carries out your Internet order on the basis of the following General Terms and Conditions (\"GTC\") in the form valid at the time of your order. - Conclusion of contractThe presentation of the products in the online store does not constitute a legally binding offer, but only an invitation to order.","rel":"","context":"Similar post","block_context":{"text":"Similar post","link":""},"img":{"alt_text":"","src":"","width":0,"height":0},"classes":[]},{"id":58,"url":"https:\/\/artgallerykellershop.com\/en\/revocation\/","url_meta":{"origin":405,"position":2},"title":"Revocation","author":"admin","date":"09.06.2025","format":false,"excerpt":"Haftungshinweis: Das nachstehende Muster ist von einem Rechtsanwalt (https:\/\/drschwenke.de) entsprechend den typischen Anforderungen eines Onlineshops erstellt worden.\u00a0Jedoch sollten Sie das Muster nur\u00a0nach sorgf\u00e4ltiger Pr\u00fcfung und Anpassung auf Ihr konkretes Gesch\u00e4ftsmodell verwenden. Das nachfolgende Muster enth\u00e4lt daher zus\u00e4tzliche Hinweise, die Sie beachten m\u00fcssen und rote Passagen, die Sie besonders pr\u00fcfen und\u2026","rel":"","context":"Similar post","block_context":{"text":"Similar post","link":""},"img":{"alt_text":"","src":"","width":0,"height":0},"classes":[]},{"id":483,"url":"https:\/\/artgallerykellershop.com\/en\/kunstwoerterbuch\/","url_meta":{"origin":405,"position":3},"title":"Art dictionary","author":"admin","date":"08.07.2025","format":false,"excerpt":"Kunstw\u00f6rterbuch Abstrakte KunstKunstform, die auf die Darstellung realer Objekte verzichtet und stattdessen Formen, Farben und Strukturen nutzt, um Gef\u00fchle, Stimmungen oder Ideen auszudr\u00fccken. Auftragsarbeit (Commission)Ein speziell nach den W\u00fcnschen des K\u00e4ufers geschaffenes Kunstwerk, oft in enger Abstimmung mit dem K\u00fcnstler. Edition \/ Limitierte EditionBegrenzte Auflage eines Kunstwerks (z. B. Drucke\u2026","rel":"","context":"Similar post","block_context":{"text":"Similar post","link":""},"img":{"alt_text":"","src":"","width":0,"height":0},"classes":[]},{"id":59,"url":"https:\/\/artgallerykellershop.com\/en\/revocation_policy_for_digital_content\/","url_meta":{"origin":405,"position":4},"title":"Revocation Policy for Digital Content","author":"admin","date":"09.06.2025","format":false,"excerpt":"Haftungshinweis: Das nachstehende Muster ist von einem Rechtsanwalt (https:\/\/drschwenke.de) entsprechend den typischen Anforderungen eines Onlineshops erstellt worden.\u00a0Jedoch sollten Sie das Muster nur\u00a0nach sorgf\u00e4ltiger Pr\u00fcfung und Anpassung auf Ihr konkretes Gesch\u00e4ftsmodell verwenden. Das nachfolgende Muster enth\u00e4lt daher zus\u00e4tzliche Hinweise, die Sie beachten m\u00fcssen und rote Passagen, die Sie besonders pr\u00fcfen und\u2026","rel":"","context":"Similar post","block_context":{"text":"Similar post","link":""},"img":{"alt_text":"","src":"","width":0,"height":0},"classes":[]},{"id":61,"url":"https:\/\/artgallerykellershop.com\/en\/payment_methods\/","url_meta":{"origin":405,"position":5},"title":"Payment Methods","author":"admin","date":"09.06.2025","format":false,"excerpt":"Haftungshinweis: Das nachstehende Muster ist von einem Rechtsanwalt (https:\/\/drschwenke.de) entsprechend den typischen Anforderungen eines Onlineshops erstellt worden.\u00a0Jedoch sollten Sie das Muster nur\u00a0nach sorgf\u00e4ltiger Pr\u00fcfung und Anpassung auf Ihr konkretes Gesch\u00e4ftsmodell verwenden. Das nachfolgende Muster enth\u00e4lt daher zus\u00e4tzliche Hinweise, die Sie beachten m\u00fcssen und rote Passagen, die Sie besonders pr\u00fcfen und\u2026","rel":"","context":"Similar post","block_context":{"text":"Similar post","link":""},"img":{"alt_text":"","src":"","width":0,"height":0},"classes":[]}],"_links":{"self":[{"href":"https:\/\/artgallerykellershop.com\/en\/wp-json\/wp\/v2\/pages\/405","targetHints":{"allow":["GET"]}}],"collection":[{"href":"https:\/\/artgallerykellershop.com\/en\/wp-json\/wp\/v2\/pages"}],"about":[{"href":"https:\/\/artgallerykellershop.com\/en\/wp-json\/wp\/v2\/types\/page"}],"author":[{"embeddable":true,"href":"https:\/\/artgallerykellershop.com\/en\/wp-json\/wp\/v2\/users\/1"}],"replies":[{"embeddable":true,"href":"https:\/\/artgallerykellershop.com\/en\/wp-json\/wp\/v2\/comments?post=405"}],"version-history":[{"count":2,"href":"https:\/\/artgallerykellershop.com\/en\/wp-json\/wp\/v2\/pages\/405\/revisions"}],"predecessor-version":[{"id":1044,"href":"https:\/\/artgallerykellershop.com\/en\/wp-json\/wp\/v2\/pages\/405\/revisions\/1044"}],"wp:attachment":[{"href":"https:\/\/artgallerykellershop.com\/en\/wp-json\/wp\/v2\/media?parent=405"}],"curies":[{"name":"wp","href":"https:\/\/api.w.org\/{rel}","templated":true}]}}