{"id":422,"date":"2025-07-07T01:13:59","date_gmt":"2025-07-07T00:13:59","guid":{"rendered":"https:\/\/artgallerykellershop.com\/?page_id=422"},"modified":"2025-12-13T23:16:01","modified_gmt":"2025-12-13T22:16:01","slug":"allgemeine-geschaeftsbedingungen","status":"publish","type":"page","link":"https:\/\/artgallerykellershop.com\/en\/allgemeine-geschaeftsbedingungen\/","title":{"rendered":"General Terms and Conditions"},"content":{"rendered":"\n<h1 class=\"wp-block-heading\">Allgemeine Gesch\u00e4ftsbedingungen<\/h1>\n\n\n\n<p><strong>Geltungsbereich<\/strong><br>Die ARTgallery- Keller gef\u00fchrt von Iryna Keller (im Folgenden &#8222;wir&#8220;) f\u00fchrt Ihre Internet-Bestellung auf der Grundlage der folgenden Allgemeinen Gesch\u00e4ftsbedingungen (&#8222;AGB&#8220;) in der zum Zeitpunkt Ihrer Bestellung g\u00fcltigen Form aus.<\/p>\n\n\n\n<p><strong>&#8211; Vertragsschluss<\/strong><br>Die Darstellung der Produkte im Online-Shop stellt kein rechtlich bindendes Angebot, sondern nur eine Aufforderung zur Bestellung dar.<br>Durch Anklicken des Buttons [Kaufen\/kostenpflichtig bestellen] geben Sie eine verbindliche Bestellung der auf der Bestellseite aufgelisteten Waren ab. Ihr Kaufvertrag kommt zustande, wenn wir Ihre Bestellung durch eine Auftragsbest\u00e4tigung per E-Mail unmittelbar nach dem Erhalt Ihrer Bestellung annehmen.<\/p>\n\n\n\n<p><strong>&#8211; Widerrufsrecht<\/strong><br>Wenn Sie Verbraucher sind (also eine nat\u00fcrliche Person, die die Bestellung zu einem Zweck abgibt, der weder Ihrer gewerblichen oder selbst\u00e4ndigen beruflichen T\u00e4tigkeit zugerechnet werden kann), steht Ihnen nach Ma\u00dfgabe der gesetzlichen Bestimmungen ein Widerrufsrecht zu.<br>Machen Sie als Verbraucher von Ihrem Widerrufsrecht nach Ziffer 4.1 Gebrauch, so haben Sie die regelm\u00e4\u00dfigen Kosten der R\u00fccksendung zu tragen.<br>Im \u00dcbrigen gelten f\u00fcr das Widerrufsrecht die Regelungen, die im Einzelnen wiedergegeben sind in der folgenden<\/p>\n\n\n\n<p><strong>&#8211; Preise und Versandkosten<\/strong><br>Die auf den Produktseiten genannten Preise enthalten die gesetzliche Mehrwertsteuer und sonstige Preisbestandteile.<br>Zus\u00e4tzlich zu den angegebenen Preisen berechnen wir f\u00fcr die Lieferung innerhalb Deutschlands pauschal 7 Euro pro Bestellung. Die Versandkosten werden Ihnen auf den Produktseiten, im Warenkorbsystem und auf der Bestellseite nochmals deutlich mitgeteilt.<\/p>\n\n\n\n<p><strong>&#8211; Lieferung<\/strong><br>Die Lieferung erfolgt nur innerhalb Deutschlands mit UPS oder DHL.<br>Die Lieferzeit betr\u00e4gt bis zu 5 Tage. Auf eventuell abweichende Lieferzeiten weisen wir auf der jeweiligen Produktseite hin.<\/p>\n\n\n\n<p><strong>&#8211; Zahlung<\/strong><br>Die Zahlung erfolgt per Vorkasse.<br>Bei Vorkasse nennen wir Ihnen unsere Bankverbindung in der Auftragsbest\u00e4tigung und liefern die Ware nach Zahlungseingang.<\/p>\n\n\n\n<p><strong>&#8211; Eigentumsvorbehalt<\/strong><br>Bis zur vollst\u00e4ndigen Zahlung bleibt die Ware unser Eigentum.<\/p>\n\n\n\n<p><strong>&#8211; Streitbeilegung<\/strong><br>Die EU-Kommission hat eine Internetplattform zur Online-Beilegung von Streitigkeiten geschaffen. Die Plattform dient als Anlaufstelle zur au\u00dfergerichtlichen Beilegung von Streitigkeiten betreffend vertragliche Verpflichtungen, die aus Online-Kaufvertr\u00e4gen erwachsen. N\u00e4here Informationen sind unter dem folgenden Link verf\u00fcgbar: http:\/\/ec.europa.eu\/consumers\/odr. Zur Teilnahme an einem Streitbeilegungsverfahren vor einer Verbraucherschlichtungsstelle sind wir weder bereit noch verpflichtet.<\/p>\n\n\n\n<p><strong>&#8211;&nbsp; Urheberrecht- und Nutzungsrechte<\/strong><br>Die Inhalte von ARTgallery- Keller sind datenbankrechtlich, urheberrechtlich und markenrechtlich gesch\u00fctzt. Ohne vorherige Zustimmung der entsprechenden Rechteinhaber d\u00fcrfen diese Inhalte weder kopiert oder verbreitet noch in sonstiger Weise genutzt oder vervielf\u00e4ltigt werden. Dies gilt insbesondere auch f\u00fcr ein Kopieren mit Hilfe von Robot, Crawlern oder anderen automatischen Mechanismen. Jede zweckfremde Nutzung oder Verwertung oder Ver\u00e4nderung der Dienste ist unzul\u00e4ssig. So ist insbesondere das Kopieren oder Auslesen von Inhalten, Angeboten, Verzeichnissen, Datenbanken etc. zu kommerziellen Zwecken untersagt und wird im Rahmen der bestehenden gesetzlichen M\u00f6glichkeiten straf- und zivilrechtlich verfolgt.<\/p>\n\n\n\n<p><strong>Anbieter<\/strong><\/p>\n\n\n\n<p>ARTgallery-Keller \/ Iryna Keller<br>Bahnhofsring 4<br>D-76676 Graben-Neudorf<br>Tel. +49 (0)7255 7624181<br>Inhaberin: Iryna Keller<br>USt-IdNr.: DE815820202<\/p>\n","protected":false},"excerpt":{"rendered":"<p>Allgemeine Gesch\u00e4ftsbedingungen GeltungsbereichDie ARTgallery- Keller gef\u00fchrt von Iryna Keller (im Folgenden &#8222;wir&#8220;) f\u00fchrt Ihre Internet-Bestellung auf der Grundlage der folgenden Allgemeinen Gesch\u00e4ftsbedingungen (&#8222;AGB&#8220;) in der zum Zeitpunkt Ihrer Bestellung g\u00fcltigen Form aus. &#8211; VertragsschlussDie Darstellung der Produkte im Online-Shop stellt kein rechtlich bindendes Angebot, sondern nur eine Aufforderung zur Bestellung dar.Durch Anklicken des Buttons [Kaufen\/kostenpflichtig [&hellip;]<\/p>\n","protected":false},"author":1,"featured_media":0,"parent":0,"menu_order":0,"comment_status":"closed","ping_status":"closed","template":"","meta":{"_acf_changed":false,"om_disable_all_campaigns":false,"_monsterinsights_skip_tracking":false,"_monsterinsights_sitenote_active":false,"_monsterinsights_sitenote_note":"","_monsterinsights_sitenote_category":0,"footnotes":""},"class_list":["post-422","page","type-page","status-publish","hentry"],"acf":[],"aioseo_notices":[],"jetpack_sharing_enabled":true,"jetpack-related-posts":[{"id":63,"url":"https:\/\/artgallerykellershop.com\/en\/terms_and_conditions\/","url_meta":{"origin":422,"position":0},"title":"Terms and Conditions","author":"admin","date":"09.06.2025","format":false,"excerpt":"Haftungshinweis: Das nachstehende Muster ist von einem Rechtsanwalt (https:\/\/drschwenke.de) entsprechend den typischen Anforderungen eines Onlineshops erstellt worden.\u00a0Jedoch sollten Sie das Muster nur\u00a0nach sorgf\u00e4ltiger Pr\u00fcfung und Anpassung auf Ihr konkretes Gesch\u00e4ftsmodell verwenden. Das nachfolgende Muster enth\u00e4lt daher zus\u00e4tzliche Hinweise, die Sie beachten m\u00fcssen und rote Passagen, die Sie besonders pr\u00fcfen und\u2026","rel":"","context":"Similar post","block_context":{"text":"Similar post","link":""},"img":{"alt_text":"","src":"","width":0,"height":0},"classes":[]},{"id":61,"url":"https:\/\/artgallerykellershop.com\/en\/payment_methods\/","url_meta":{"origin":422,"position":1},"title":"Payment Methods","author":"admin","date":"09.06.2025","format":false,"excerpt":"Haftungshinweis: Das nachstehende Muster ist von einem Rechtsanwalt (https:\/\/drschwenke.de) entsprechend den typischen Anforderungen eines Onlineshops erstellt worden.\u00a0Jedoch sollten Sie das Muster nur\u00a0nach sorgf\u00e4ltiger Pr\u00fcfung und Anpassung auf Ihr konkretes Gesch\u00e4ftsmodell verwenden. Das nachfolgende Muster enth\u00e4lt daher zus\u00e4tzliche Hinweise, die Sie beachten m\u00fcssen und rote Passagen, die Sie besonders pr\u00fcfen und\u2026","rel":"","context":"Similar post","block_context":{"text":"Similar post","link":""},"img":{"alt_text":"","src":"","width":0,"height":0},"classes":[]},{"id":57,"url":"https:\/\/artgallerykellershop.com\/en\/shipping__delivery\/","url_meta":{"origin":422,"position":2},"title":"Shipping &#038; Delivery","author":"admin","date":"09.06.2025","format":false,"excerpt":"Haftungshinweis: Das nachstehende Muster ist von einem Rechtsanwalt (https:\/\/drschwenke.de) entsprechend den typischen Anforderungen eines Onlineshops erstellt worden.\u00a0Jedoch sollten Sie das Muster nur\u00a0nach sorgf\u00e4ltiger Pr\u00fcfung und Anpassung auf Ihr konkretes Gesch\u00e4ftsmodell verwenden. Das nachfolgende Muster enth\u00e4lt daher zus\u00e4tzliche Hinweise, die Sie beachten m\u00fcssen und rote Passagen, die Sie besonders pr\u00fcfen und\u2026","rel":"","context":"Similar post","block_context":{"text":"Similar post","link":""},"img":{"alt_text":"","src":"","width":0,"height":0},"classes":[]},{"id":59,"url":"https:\/\/artgallerykellershop.com\/en\/revocation_policy_for_digital_content\/","url_meta":{"origin":422,"position":3},"title":"Revocation Policy for Digital Content","author":"admin","date":"09.06.2025","format":false,"excerpt":"Haftungshinweis: Das nachstehende Muster ist von einem Rechtsanwalt (https:\/\/drschwenke.de) entsprechend den typischen Anforderungen eines Onlineshops erstellt worden.\u00a0Jedoch sollten Sie das Muster nur\u00a0nach sorgf\u00e4ltiger Pr\u00fcfung und Anpassung auf Ihr konkretes Gesch\u00e4ftsmodell verwenden. Das nachfolgende Muster enth\u00e4lt daher zus\u00e4tzliche Hinweise, die Sie beachten m\u00fcssen und rote Passagen, die Sie besonders pr\u00fcfen und\u2026","rel":"","context":"Similar post","block_context":{"text":"Similar post","link":""},"img":{"alt_text":"","src":"","width":0,"height":0},"classes":[]},{"id":60,"url":"https:\/\/artgallerykellershop.com\/en\/privacy\/","url_meta":{"origin":422,"position":4},"title":"Privacy","author":"admin","date":"09.06.2025","format":false,"excerpt":"Haftungshinweis: Das nachstehende Muster ist von einem Rechtsanwalt (Dr. jur. Schwenke, LL.M. commercial (UoA), Zertifizierter Datenschutzauditor (DSA-T\u00dcV) Zertifizierter Datenschutzbeauftragter (T\u00dcV S\u00fcd)) entsprechend den typischen Anforderungen eines Onlineshops erstellt worden. Jedoch sollten Sie das Muster nur nach sorgf\u00e4ltiger Pr\u00fcfung und Anpassung auf Ihr konkretes Gesch\u00e4ftsmodell verwenden. Das nachfolgende Muster enth\u00e4lt daher\u2026","rel":"","context":"Similar post","block_context":{"text":"Similar post","link":""},"img":{"alt_text":"","src":"","width":0,"height":0},"classes":[]},{"id":58,"url":"https:\/\/artgallerykellershop.com\/en\/revocation\/","url_meta":{"origin":422,"position":5},"title":"Revocation","author":"admin","date":"09.06.2025","format":false,"excerpt":"Haftungshinweis: Das nachstehende Muster ist von einem Rechtsanwalt (https:\/\/drschwenke.de) entsprechend den typischen Anforderungen eines Onlineshops erstellt worden.\u00a0Jedoch sollten Sie das Muster nur\u00a0nach sorgf\u00e4ltiger Pr\u00fcfung und Anpassung auf Ihr konkretes Gesch\u00e4ftsmodell verwenden. Das nachfolgende Muster enth\u00e4lt daher zus\u00e4tzliche Hinweise, die Sie beachten m\u00fcssen und rote Passagen, die Sie besonders pr\u00fcfen und\u2026","rel":"","context":"Similar post","block_context":{"text":"Similar post","link":""},"img":{"alt_text":"","src":"","width":0,"height":0},"classes":[]}],"_links":{"self":[{"href":"https:\/\/artgallerykellershop.com\/en\/wp-json\/wp\/v2\/pages\/422","targetHints":{"allow":["GET"]}}],"collection":[{"href":"https:\/\/artgallerykellershop.com\/en\/wp-json\/wp\/v2\/pages"}],"about":[{"href":"https:\/\/artgallerykellershop.com\/en\/wp-json\/wp\/v2\/types\/page"}],"author":[{"embeddable":true,"href":"https:\/\/artgallerykellershop.com\/en\/wp-json\/wp\/v2\/users\/1"}],"replies":[{"embeddable":true,"href":"https:\/\/artgallerykellershop.com\/en\/wp-json\/wp\/v2\/comments?post=422"}],"version-history":[{"count":1,"href":"https:\/\/artgallerykellershop.com\/en\/wp-json\/wp\/v2\/pages\/422\/revisions"}],"predecessor-version":[{"id":423,"href":"https:\/\/artgallerykellershop.com\/en\/wp-json\/wp\/v2\/pages\/422\/revisions\/423"}],"wp:attachment":[{"href":"https:\/\/artgallerykellershop.com\/en\/wp-json\/wp\/v2\/media?parent=422"}],"curies":[{"name":"wp","href":"https:\/\/api.w.org\/{rel}","templated":true}]}}