{"id":477,"date":"2025-07-08T04:24:52","date_gmt":"2025-07-08T03:24:52","guid":{"rendered":"https:\/\/artgallerykellershop.com\/?page_id=477"},"modified":"2025-08-10T21:46:38","modified_gmt":"2025-08-10T20:46:38","slug":"kunst-kostenlos-zur-ansicht","status":"publish","type":"page","link":"https:\/\/artgallerykellershop.com\/en\/kunst-kostenlos-zur-ansicht\/","title":{"rendered":"Art to view free of charge"},"content":{"rendered":"<p><strong>You don't just want to see art, you want to experience it.<\/strong><br>Only when the work is actually hanging where it is supposed to be can you see the colors, textures and the effect in the room.<\/p>\n\n\n\n<p>That's why I love it when an artist offers the opportunity to view selected works free of charge.<br>No risk, no pressure, just feel the work in your own environment.<br>Does it match the light, the furniture, the mood of the room? Does it create the magic you are looking for?<\/p>\n\n\n\n<p>For me as a collector and interior designer, this is priceless, because true art must not only please, but also be appreciated.<\/p>\n\n\n\n<p><\/p>\n\n\n\n<p><\/p>","protected":false},"excerpt":{"rendered":"<p>Kunst will man nicht nur sehen, sondern erleben.Erst wenn das Werk tats\u00e4chlich dort h\u00e4ngt, wo es wirken soll, erkennt man Farben, Texturen und die Wirkung im Raum. Deshalb liebe ich es, wenn ein K\u00fcnstler die M\u00f6glichkeit bietet, ausgew\u00e4hlte Arbeiten kostenlos zur Ansicht zu erhalten.Ohne Risiko, ohne Druck, einfach das Werk im eigenen Ambiente sp\u00fcren.Passt es [&hellip;]<\/p>\n","protected":false},"author":1,"featured_media":0,"parent":0,"menu_order":0,"comment_status":"closed","ping_status":"closed","template":"","meta":{"_acf_changed":false,"om_disable_all_campaigns":false,"_monsterinsights_skip_tracking":false,"_monsterinsights_sitenote_active":false,"_monsterinsights_sitenote_note":"","_monsterinsights_sitenote_category":0,"footnotes":""},"class_list":["post-477","page","type-page","status-publish","hentry"],"acf":[],"aioseo_notices":[],"jetpack_sharing_enabled":true,"jetpack-related-posts":[{"id":486,"url":"https:\/\/artgallerykellershop.com\/en\/persoenliche-beratung\/","url_meta":{"origin":477,"position":0},"title":"Personal advice","author":"admin","date":"08.07.2025","format":false,"excerpt":"A consultation on a work of art is much more than a purchase, it is a decision for life. Art accompanies us not just for a moment, but often for many years, sometimes even for generations. It shapes our rooms, creates atmosphere and tells stories that become part of our personal journey through life....","rel":"","context":"Similar post","block_context":{"text":"Similar post","link":""},"img":{"alt_text":"","src":"","width":0,"height":0},"classes":[]},{"id":466,"url":"https:\/\/artgallerykellershop.com\/en\/kooperationen\/","url_meta":{"origin":477,"position":1},"title":"Cooperations","author":"admin","date":"08.07.2025","format":false,"excerpt":"Kooperationen entstehen, wenn sich kreative Welten verbinden.Als Sammler, Kunstliebhaber oder Innenarchitekt wisst ihr, wie wertvoll es ist, mit einer K\u00fcnstlerin oder einem K\u00fcnstler zusammenzuarbeiten, die bzw. der eure Visionen versteht und sie in einzigartige Werke \u00fcbersetzt. Kooperationen bedeuten f\u00fcr mich: Exklusive Auftragsarbeiten, die perfekt auf ein Raumkonzept abgestimmt sind.Individuelle Editionen\u2026","rel":"","context":"Similar post","block_context":{"text":"Similar post","link":""},"img":{"alt_text":"","src":"","width":0,"height":0},"classes":[]},{"id":32,"url":"https:\/\/artgallerykellershop.com\/en\/","url_meta":{"origin":477,"position":2},"title":"Start","author":"admin","date":"06.06.2025","format":false,"excerpt":"Artgallery-Keller ist Ihre Kunstgalerie f\u00fcr klassische und zeitgen\u00f6ssische Malerei in der N\u00e4he von Karlsruhe. Von talentierten, akademisch ausgebildeten K\u00fcnstlern geschaffene Kunstwerke voller Ausdruck, Farbe und Emotion pr\u00e4sentieren wir seit mehr als zehn Jahren. Es gibt exklusive Gem\u00e4lde, die in inspirierenden Plein-Air-Malaktionen entstehen, in unserer Galerie in Graben-Neudorf, nur wenige Minuten\u2026","rel":"","context":"Similar post","block_context":{"text":"Similar post","link":""},"img":{"alt_text":"Expressionistisches Gem\u00e4lde von Chebotaru Andrii mit Seerosenteich und buntem Uferbewuchs im Schlosspark zu Karlsruhe","src":"https:\/\/i0.wp.com\/artgallerykellershop.com\/wp-content\/uploads\/2025\/06\/20190913_091621-edited-1.jpg?resize=350%2C200","width":350,"height":200,"srcset":"https:\/\/i0.wp.com\/artgallerykellershop.com\/wp-content\/uploads\/2025\/06\/20190913_091621-edited-1.jpg?resize=350%2C200 1x, https:\/\/i0.wp.com\/artgallerykellershop.com\/wp-content\/uploads\/2025\/06\/20190913_091621-edited-1.jpg?resize=525%2C300 1.5x, https:\/\/i0.wp.com\/artgallerykellershop.com\/wp-content\/uploads\/2025\/06\/20190913_091621-edited-1.jpg?resize=700%2C400 2x, https:\/\/i0.wp.com\/artgallerykellershop.com\/wp-content\/uploads\/2025\/06\/20190913_091621-edited-1.jpg?resize=1050%2C600 3x, https:\/\/i0.wp.com\/artgallerykellershop.com\/wp-content\/uploads\/2025\/06\/20190913_091621-edited-1.jpg?resize=1400%2C800 4x"},"classes":[]},{"id":483,"url":"https:\/\/artgallerykellershop.com\/en\/kunstwoerterbuch\/","url_meta":{"origin":477,"position":3},"title":"Art dictionary","author":"admin","date":"08.07.2025","format":false,"excerpt":"Kunstw\u00f6rterbuch Abstrakte KunstKunstform, die auf die Darstellung realer Objekte verzichtet und stattdessen Formen, Farben und Strukturen nutzt, um Gef\u00fchle, Stimmungen oder Ideen auszudr\u00fccken. Auftragsarbeit (Commission)Ein speziell nach den W\u00fcnschen des K\u00e4ufers geschaffenes Kunstwerk, oft in enger Abstimmung mit dem K\u00fcnstler. Edition \/ Limitierte EditionBegrenzte Auflage eines Kunstwerks (z. B. Drucke\u2026","rel":"","context":"Similar post","block_context":{"text":"Similar post","link":""},"img":{"alt_text":"","src":"","width":0,"height":0},"classes":[]},{"id":480,"url":"https:\/\/artgallerykellershop.com\/en\/kunst-verkaufen\/","url_meta":{"origin":477,"position":4},"title":"Selling art","author":"admin","date":"08.07.2025","format":false,"excerpt":"Selling art means more than just offering paint on canvas. It is the expression of a story or a thought, which is why I only want to place it in hands that recognize and appreciate its value. For artists, selling through ARTgallery-Keller means: visibility in an environment that stands for quality and authenticity. Professional presentation,...","rel":"","context":"Similar post","block_context":{"text":"Similar post","link":""},"img":{"alt_text":"","src":"","width":0,"height":0},"classes":[]},{"id":27,"url":"https:\/\/artgallerykellershop.com\/en\/shop\/","url_meta":{"origin":477,"position":5},"title":"Store","author":"admin","date":"06.06.2025","format":false,"excerpt":"Willkommen im Artgallery-Keller-Shop, unserer exklusiven digitalen B\u00fchne f\u00fcr moderne Malerei und zeitgen\u00f6ssische Kunstwerke. Hier entdecken Sie eine sorgf\u00e4ltig kuratierte Auswahl handverlesener Originalgem\u00e4lde und hochwertiger Kunstprints, die mit viel Liebe zum Detail ausgew\u00e4hlt wurden, um Ihre Wohnung, Ihr B\u00fcro oder Ihre pers\u00f6nliche Sammlung mit besonderem Ausdruck und lebendiger Seele zu bereichern.\u2026","rel":"","context":"Similar post","block_context":{"text":"Similar post","link":""},"img":{"alt_text":"","src":"","width":0,"height":0},"classes":[]}],"_links":{"self":[{"href":"https:\/\/artgallerykellershop.com\/en\/wp-json\/wp\/v2\/pages\/477","targetHints":{"allow":["GET"]}}],"collection":[{"href":"https:\/\/artgallerykellershop.com\/en\/wp-json\/wp\/v2\/pages"}],"about":[{"href":"https:\/\/artgallerykellershop.com\/en\/wp-json\/wp\/v2\/types\/page"}],"author":[{"embeddable":true,"href":"https:\/\/artgallerykellershop.com\/en\/wp-json\/wp\/v2\/users\/1"}],"replies":[{"embeddable":true,"href":"https:\/\/artgallerykellershop.com\/en\/wp-json\/wp\/v2\/comments?post=477"}],"version-history":[{"count":3,"href":"https:\/\/artgallerykellershop.com\/en\/wp-json\/wp\/v2\/pages\/477\/revisions"}],"predecessor-version":[{"id":603,"href":"https:\/\/artgallerykellershop.com\/en\/wp-json\/wp\/v2\/pages\/477\/revisions\/603"}],"wp:attachment":[{"href":"https:\/\/artgallerykellershop.com\/en\/wp-json\/wp\/v2\/media?parent=477"}],"curies":[{"name":"wp","href":"https:\/\/api.w.org\/{rel}","templated":true}]}}