{"id":480,"date":"2025-07-08T04:27:26","date_gmt":"2025-07-08T03:27:26","guid":{"rendered":"https:\/\/artgallerykellershop.com\/?page_id=480"},"modified":"2025-08-10T23:54:50","modified_gmt":"2025-08-10T22:54:50","slug":"kunst-verkaufen","status":"publish","type":"page","link":"https:\/\/artgallerykellershop.com\/en\/kunst-verkaufen\/","title":{"rendered":"Selling art"},"content":{"rendered":"<p><strong>Selling art means more than just offering paint on canvas.<\/strong> It is the expression of a story or a thought.<br>That's why I only want to give them into hands that recognize and appreciate their value<\/p>\n\n\n\n<p>About <strong>ARTgallery cellar<\/strong> selling means for artists:<\/p>\n\n\n\n<ul class=\"wp-block-list\">\n<li><strong>Visibility<\/strong> in an environment that stands for quality and authenticity.<\/li>\n\n\n\n<li><strong>Professional presentation<\/strong>which not only tells the work, but also its history.<\/li>\n\n\n\n<li>Access to a <strong>targeted community of collectors, art lovers and interior designers<\/strong>.<\/li>\n\n\n\n<li><strong>Reliable processing<\/strong> and fair conditions so that I can concentrate fully on my work.<\/li>\n<\/ul>\n\n\n\n<p>Here I know that my art will not simply be sold - it will find a new home.<\/p>\n\n\n\n<p><\/p>","protected":false},"excerpt":{"rendered":"<p>Kunst verkaufen bedeutet mehr, als Farbe auf Leinwand anzubieten. Sie ist der Ausdruck einer Geschichte oder eines Gedankens.Deshalb m\u00f6chte ich sie nur in H\u00e4nde geben, die ihren Wert erkennen und sch\u00e4tzen \u00dcber ARTgallery-Keller zu verkaufen bedeutet f\u00fcr K\u00fcnstler: Hier wei\u00df ich, dass meine Kunst wird nicht einfach verkauft- sie findet ihr neues Zuhause.<\/p>","protected":false},"author":1,"featured_media":0,"parent":0,"menu_order":0,"comment_status":"closed","ping_status":"closed","template":"","meta":{"_acf_changed":false,"om_disable_all_campaigns":false,"_monsterinsights_skip_tracking":false,"_monsterinsights_sitenote_active":false,"_monsterinsights_sitenote_note":"","_monsterinsights_sitenote_category":0,"footnotes":""},"class_list":["post-480","page","type-page","status-publish","hentry"],"acf":[],"aioseo_notices":[],"jetpack_sharing_enabled":true,"jetpack-related-posts":[{"id":483,"url":"https:\/\/artgallerykellershop.com\/en\/kunstwoerterbuch\/","url_meta":{"origin":480,"position":0},"title":"Art dictionary","author":"admin","date":"08.07.2025","format":false,"excerpt":"Kunstw\u00f6rterbuch Abstrakte KunstKunstform, die auf die Darstellung realer Objekte verzichtet und stattdessen Formen, Farben und Strukturen nutzt, um Gef\u00fchle, Stimmungen oder Ideen auszudr\u00fccken. Auftragsarbeit (Commission)Ein speziell nach den W\u00fcnschen des K\u00e4ufers geschaffenes Kunstwerk, oft in enger Abstimmung mit dem K\u00fcnstler. Edition \/ Limitierte EditionBegrenzte Auflage eines Kunstwerks (z. B. Drucke\u2026","rel":"","context":"Similar post","block_context":{"text":"Similar post","link":""},"img":{"alt_text":"","src":"","width":0,"height":0},"classes":[]},{"id":63,"url":"https:\/\/artgallerykellershop.com\/en\/terms_and_conditions\/","url_meta":{"origin":480,"position":1},"title":"Terms and Conditions","author":"admin","date":"09.06.2025","format":false,"excerpt":"Haftungshinweis: Das nachstehende Muster ist von einem Rechtsanwalt (https:\/\/drschwenke.de) entsprechend den typischen Anforderungen eines Onlineshops erstellt worden.\u00a0Jedoch sollten Sie das Muster nur\u00a0nach sorgf\u00e4ltiger Pr\u00fcfung und Anpassung auf Ihr konkretes Gesch\u00e4ftsmodell verwenden. Das nachfolgende Muster enth\u00e4lt daher zus\u00e4tzliche Hinweise, die Sie beachten m\u00fcssen und rote Passagen, die Sie besonders pr\u00fcfen und\u2026","rel":"","context":"Similar post","block_context":{"text":"Similar post","link":""},"img":{"alt_text":"","src":"","width":0,"height":0},"classes":[]},{"id":486,"url":"https:\/\/artgallerykellershop.com\/en\/persoenliche-beratung\/","url_meta":{"origin":480,"position":2},"title":"Personal advice","author":"admin","date":"08.07.2025","format":false,"excerpt":"A consultation on a work of art is much more than a purchase, it is a decision for life. Art accompanies us not just for a moment, but often for many years, sometimes even for generations. It shapes our rooms, creates atmosphere and tells stories that become part of our personal journey through life....","rel":"","context":"Similar post","block_context":{"text":"Similar post","link":""},"img":{"alt_text":"","src":"","width":0,"height":0},"classes":[]},{"id":32,"url":"https:\/\/artgallerykellershop.com\/en\/","url_meta":{"origin":480,"position":3},"title":"Start","author":"admin","date":"06.06.2025","format":false,"excerpt":"Artgallery-Keller ist Ihre Kunstgalerie f\u00fcr klassische und zeitgen\u00f6ssische Malerei in der N\u00e4he von Karlsruhe. Von talentierten, akademisch ausgebildeten K\u00fcnstlern geschaffene Kunstwerke voller Ausdruck, Farbe und Emotion pr\u00e4sentieren wir seit mehr als zehn Jahren. Es gibt exklusive Gem\u00e4lde, die in inspirierenden Plein-Air-Malaktionen entstehen, in unserer Galerie in Graben-Neudorf, nur wenige Minuten\u2026","rel":"","context":"Similar post","block_context":{"text":"Similar post","link":""},"img":{"alt_text":"Expressionistisches Gem\u00e4lde von Chebotaru Andrii mit Seerosenteich und buntem Uferbewuchs im Schlosspark zu Karlsruhe","src":"https:\/\/i0.wp.com\/artgallerykellershop.com\/wp-content\/uploads\/2025\/06\/20190913_091621-edited-1.jpg?resize=350%2C200","width":350,"height":200,"srcset":"https:\/\/i0.wp.com\/artgallerykellershop.com\/wp-content\/uploads\/2025\/06\/20190913_091621-edited-1.jpg?resize=350%2C200 1x, https:\/\/i0.wp.com\/artgallerykellershop.com\/wp-content\/uploads\/2025\/06\/20190913_091621-edited-1.jpg?resize=525%2C300 1.5x, https:\/\/i0.wp.com\/artgallerykellershop.com\/wp-content\/uploads\/2025\/06\/20190913_091621-edited-1.jpg?resize=700%2C400 2x, https:\/\/i0.wp.com\/artgallerykellershop.com\/wp-content\/uploads\/2025\/06\/20190913_091621-edited-1.jpg?resize=1050%2C600 3x, https:\/\/i0.wp.com\/artgallerykellershop.com\/wp-content\/uploads\/2025\/06\/20190913_091621-edited-1.jpg?resize=1400%2C800 4x"},"classes":[]},{"id":27,"url":"https:\/\/artgallerykellershop.com\/en\/shop\/","url_meta":{"origin":480,"position":4},"title":"Store","author":"admin","date":"06.06.2025","format":false,"excerpt":"Willkommen im Artgallery-Keller-Shop, unserer exklusiven digitalen B\u00fchne f\u00fcr moderne Malerei und zeitgen\u00f6ssische Kunstwerke. Hier entdecken Sie eine sorgf\u00e4ltig kuratierte Auswahl handverlesener Originalgem\u00e4lde und hochwertiger Kunstprints, die mit viel Liebe zum Detail ausgew\u00e4hlt wurden, um Ihre Wohnung, Ihr B\u00fcro oder Ihre pers\u00f6nliche Sammlung mit besonderem Ausdruck und lebendiger Seele zu bereichern.\u2026","rel":"","context":"Similar post","block_context":{"text":"Similar post","link":""},"img":{"alt_text":"","src":"","width":0,"height":0},"classes":[]},{"id":477,"url":"https:\/\/artgallerykellershop.com\/en\/kunst-kostenlos-zur-ansicht\/","url_meta":{"origin":480,"position":5},"title":"Art to view free of charge","author":"admin","date":"08.07.2025","format":false,"excerpt":"Kunst will man nicht nur sehen, sondern erleben.Erst wenn das Werk tats\u00e4chlich dort h\u00e4ngt, wo es wirken soll, erkennt man Farben, Texturen und die Wirkung im Raum. Deshalb liebe ich es, wenn ein K\u00fcnstler die M\u00f6glichkeit bietet, ausgew\u00e4hlte Arbeiten kostenlos zur Ansicht zu erhalten.Ohne Risiko, ohne Druck, einfach das Werk\u2026","rel":"","context":"Similar post","block_context":{"text":"Similar post","link":""},"img":{"alt_text":"","src":"","width":0,"height":0},"classes":[]}],"_links":{"self":[{"href":"https:\/\/artgallerykellershop.com\/en\/wp-json\/wp\/v2\/pages\/480","targetHints":{"allow":["GET"]}}],"collection":[{"href":"https:\/\/artgallerykellershop.com\/en\/wp-json\/wp\/v2\/pages"}],"about":[{"href":"https:\/\/artgallerykellershop.com\/en\/wp-json\/wp\/v2\/types\/page"}],"author":[{"embeddable":true,"href":"https:\/\/artgallerykellershop.com\/en\/wp-json\/wp\/v2\/users\/1"}],"replies":[{"embeddable":true,"href":"https:\/\/artgallerykellershop.com\/en\/wp-json\/wp\/v2\/comments?post=480"}],"version-history":[{"count":2,"href":"https:\/\/artgallerykellershop.com\/en\/wp-json\/wp\/v2\/pages\/480\/revisions"}],"predecessor-version":[{"id":613,"href":"https:\/\/artgallerykellershop.com\/en\/wp-json\/wp\/v2\/pages\/480\/revisions\/613"}],"wp:attachment":[{"href":"https:\/\/artgallerykellershop.com\/en\/wp-json\/wp\/v2\/media?parent=480"}],"curies":[{"name":"wp","href":"https:\/\/api.w.org\/{rel}","templated":true}]}}