{"id":190,"date":"2025-06-12T20:10:25","date_gmt":"2025-06-12T20:10:25","guid":{"rendered":"https:\/\/artgallerykellershop.com\/?post_type=product&#038;p=190"},"modified":"2025-12-27T22:17:04","modified_gmt":"2025-12-27T21:17:04","slug":"abend-am-meer","status":"publish","type":"product","link":"https:\/\/artgallerykellershop.com\/en\/product\/abend-am-meer\/","title":{"rendered":"Evening by the sea full of light and magic"},"content":{"rendered":"<h2 data-start=\"216\" data-end=\"296\">Evening by the sea full of light mood - Impressionist oil painting<\/h2>\n<p data-start=\"298\" data-end=\"687\"><strong data-start=\"298\" data-end=\"315\">\"Coastal evening\"<\/strong> is an atmospherically dense <strong data-start=\"346\" data-end=\"384\">Evening by the sea full of light mood Original painting in oil on canvas<\/strong>which captures a quiet moment in nature in impressive color poetry. The view falls on a rocky coastline, bathed in warm evening light, while the sunlight dances in golden reflections on the surface of the water. The scenery is calm, vast and deep, an invitation to inner contemplation.<\/p>\n<p data-start=\"689\" data-end=\"1028\">Loose yet precise brushwork creates an expressive interplay of warm ochre tones, violet shadows, cool gray, blue accents and the soft shimmer of setting sunlight. The <strong data-start=\"897\" data-end=\"924\">picturesque lighting<\/strong> is the silent protagonist of this work and inevitably draws the viewer's gaze into the distance.<\/p>\n<hr data-start=\"1030\" data-end=\"1033\" \/>\n<h3 data-start=\"1035\" data-end=\"1079\">\ud83c\udfa8 Technique and artistic signature<\/h3>\n<p data-start=\"1081\" data-end=\"1472\">This oil painting is a typical example of Impressionist landscape painting - very much in the spirit of the <strong data-start=\"1184\" data-end=\"1199\">\"plein air\"<\/strong>-style. The composition dispenses with decorative overload and concentrates on the essentials: Light, color and atmosphere. The <strong data-start=\"1336\" data-end=\"1362\">impasto brushstrokes<\/strong>combined with subtle color modulation, make the scene appear lively but not overemphasized.<\/p>\n<p data-start=\"1474\" data-end=\"1727\">The fine balance between observation of nature and painterly interpretation demonstrates a great mastery in the use of oil, both in the contrast between light and dark and in the depth of space, which unfolds through the gradients of light rather than line structure.<\/p>\n<hr data-start=\"1729\" data-end=\"1732\" \/>\n<h4 data-start=\"1734\" data-end=\"1761\">\ud83e\uddd8\u200d\u2640\ufe0f Effect &amp; use<\/h4>\n<p data-start=\"1763\" data-end=\"2186\">\"Coastal Evening\" has a calming and concentrated effect and is ideal for rooms in which <strong data-start=\"1861\" data-end=\"1894\">Silence, space and relaxation<\/strong> are welcome. It is particularly effective as a quiet haven of peace in living rooms, reading corners, surgery rooms or hotel lounges. At the same time, it offers collectors interested in art a harmonious combination of realistic depiction of nature and free artistic interpretation.<\/p>\n<hr data-start=\"2188\" data-end=\"2191\" \/>\n<h5 data-start=\"2193\" data-end=\"2226\">\ud83d\udd17 Further inspiration<\/h5>\n<ul data-start=\"2228\" data-end=\"2441\">\n<li data-start=\"2228\" data-end=\"2340\">\n<p data-start=\"2230\" data-end=\"2340\">Also discover our <a class=\"cursor-pointer\" target=\"_new\" rel=\"noopener\" data-start=\"2256\" data-end=\"2338\">Landscape paintings in the gallery<\/a><\/p>\n<\/li>\n<li data-start=\"2341\" data-end=\"2441\">\n<p data-start=\"2343\" data-end=\"2441\">Background information on the <a href=\"https:\/\/de.wikipedia.org\/wiki\/Freilichtmalerei\">Open-air painting - Wikipedia<\/a><\/p>\n<\/li>\n<\/ul>\n<hr data-start=\"2443\" data-end=\"2446\" \/>\n<h6 data-start=\"2448\" data-end=\"2483\">\ud83d\uddbc\ufe0f Work details at a glance<\/h6>\n<ul data-start=\"2485\" data-end=\"2851\">\n<li data-start=\"2485\" data-end=\"2511\">\n<p data-start=\"2487\" data-end=\"2511\"><strong data-start=\"2487\" data-end=\"2497\">Title:<\/strong> Coastal evening<\/p>\n<\/li>\n<li data-start=\"2512\" data-end=\"2544\">\n<p data-start=\"2514\" data-end=\"2544\"><strong data-start=\"2514\" data-end=\"2526\">Technology:<\/strong> Oil on canvas<\/p>\n<\/li>\n<li data-start=\"2545\" data-end=\"2598\">\n<p data-start=\"2547\" data-end=\"2598\"><strong data-start=\"2547\" data-end=\"2557\">Motif:<\/strong> Coast, sunset, water, rocks<\/p>\n<\/li>\n<li data-start=\"2599\" data-end=\"2651\">\n<p data-start=\"2601\" data-end=\"2651\"><strong data-start=\"2601\" data-end=\"2617\">Color palette:<\/strong> Gold, violet, gray, blue, green<\/p>\n<\/li>\n<li data-start=\"2652\" data-end=\"2693\">\n<p data-start=\"2654\" data-end=\"2693\"><strong data-start=\"2654\" data-end=\"2663\">Style:<\/strong> Impressionism, Plein Air<\/p>\n<\/li>\n<li data-start=\"2694\" data-end=\"2739\">\n<p data-start=\"2696\" data-end=\"2739\"><strong data-start=\"2696\" data-end=\"2709\">Original:<\/strong> Yes, hand-painted and signed<\/p>\n<\/li>\n<li data-start=\"2740\" data-end=\"2818\">\n<p data-start=\"2742\" data-end=\"2818\"><strong data-start=\"2742\" data-end=\"2754\">Framing:<\/strong> unframed | on request with gallery or shadow gap frame<\/p>\n<\/li>\n<li data-start=\"2819\" data-end=\"2851\">\n<p data-start=\"2821\" data-end=\"2851\"><strong data-start=\"2821\" data-end=\"2839\">Availability:<\/strong> Single piece<\/p>\n<\/li>\n<\/ul>\n<hr data-start=\"2853\" data-end=\"2856\" \/>\n<p>\u2705 Conclusion<\/p>\n<p data-start=\"2871\" data-end=\"3102\"><strong data-start=\"2871\" data-end=\"2888\">\"Coastal evening\"<\/strong> is an expressive work of art that combines nature, light and emotion in an ideal balance. It brings depth and tranquillity to your rooms - and tells a little more about the beauty of the moment with every glance.<\/p>","protected":false},"excerpt":{"rendered":"<p>An atmospheric oil painting Evening by the Sea in Impressionist technique, showing a rocky shore landscape in the golden light of the setting sun.<\/p>","protected":false},"featured_media":178,"comment_status":"open","ping_status":"closed","template":"","meta":{"_acf_changed":false,"om_disable_all_campaigns":false,"_monsterinsights_skip_tracking":false,"_monsterinsights_sitenote_active":false,"_monsterinsights_sitenote_note":"","_monsterinsights_sitenote_category":0},"product_brand":[44],"product_cat":[63,19,21],"product_tag":[54,61,48,60,62,53,58,55],"class_list":{"0":"post-190","1":"product","2":"type-product","3":"status-publish","4":"has-post-thumbnail","6":"product_brand-artgallery-keller","7":"product_cat-impressionismus","8":"product_cat-landschaftsmalerei","9":"product_cat-moderne-kunst","10":"product_tag-impressionistische-landschaft","11":"product_tag-impressionistisches-werk","12":"product_tag-kunst-fuer-wohnzimmer","13":"product_tag-kuestenabend","14":"product_tag-oel-auf-leinwand","15":"product_tag-oelgemaelde-natur","16":"product_tag-original-auf-leinwand","17":"product_tag-plein-air-kunstwerk","19":"first","20":"instock","21":"taxable","22":"shipping-taxable","23":"purchasable","24":"product-type-simple"},"acf":[],"aioseo_notices":[],"jetpack_sharing_enabled":true,"jetpack-related-posts":[{"id":941,"url":"https:\/\/artgallerykellershop.com\/en\/product\/perle-des-comer-sees\/","url_meta":{"origin":190,"position":0},"title":"Pearl of Lake Como","author":"admin","date":"07.11.2025","format":false,"excerpt":"A luminous oil painting by Swetlana Kowal that captures the Mediterranean beauty of Lake Como. Light, water and color merge into a moment of quiet joy and timeless harmony.","rel":"","context":"Similar post","block_context":{"text":"Similar post","link":""},"img":{"alt_text":"Impressionistisches \u00d6lgem\u00e4lde \u201eDie Perle des Comer Sees\u201c von Svetlana Kowal mit farbenfrohen H\u00e4usern, Booten und Lichtspiegelungen im Wasser","src":"https:\/\/i0.wp.com\/artgallerykellershop.com\/wp-content\/uploads\/2025\/11\/Die-Perle-des-Comer-Sees-1.webp?fit=1200%2C904&ssl=1&resize=350%2C200","width":350,"height":200,"srcset":"https:\/\/i0.wp.com\/artgallerykellershop.com\/wp-content\/uploads\/2025\/11\/Die-Perle-des-Comer-Sees-1.webp?fit=1200%2C904&ssl=1&resize=350%2C200 1x, https:\/\/i0.wp.com\/artgallerykellershop.com\/wp-content\/uploads\/2025\/11\/Die-Perle-des-Comer-Sees-1.webp?fit=1200%2C904&ssl=1&resize=525%2C300 1.5x, https:\/\/i0.wp.com\/artgallerykellershop.com\/wp-content\/uploads\/2025\/11\/Die-Perle-des-Comer-Sees-1.webp?fit=1200%2C904&ssl=1&resize=700%2C400 2x, https:\/\/i0.wp.com\/artgallerykellershop.com\/wp-content\/uploads\/2025\/11\/Die-Perle-des-Comer-Sees-1.webp?fit=1200%2C904&ssl=1&resize=1050%2C600 3x"},"classes":[]},{"id":900,"url":"https:\/\/artgallerykellershop.com\/en\/product\/schlossgartensee-zu-karlsruhe-in-oel-auf-leinwand\/","url_meta":{"origin":190,"position":1},"title":"Schlossgartensee in Karlsruhe in oil on canvas","author":"admin","date":"08.10.2025","format":false,"excerpt":"Impressionist oil painting by Andrii Chebotaru, 2019, Schlossgartensee in Karlsruhe. Colorful play of light, water and nature. Ideal for galleries, living rooms or art collectors.","rel":"","context":"Similar post","block_context":{"text":"Similar post","link":""},"img":{"alt_text":"\u00d6lgem\u00e4lde, Schlossgartensee zu Karlsruhe in \u00d6l auf Leinwand, von Andrii Chebotaru, impressionistische Seelandschaft mit Wasserlilien und Schilf.","src":"https:\/\/i0.wp.com\/artgallerykellershop.com\/wp-content\/uploads\/2025\/10\/Schlossgartensee-zu-Karlsruhe-in-Oel-auf-Leinwand.webp?fit=1080%2C859&ssl=1&resize=350%2C200","width":350,"height":200,"srcset":"https:\/\/i0.wp.com\/artgallerykellershop.com\/wp-content\/uploads\/2025\/10\/Schlossgartensee-zu-Karlsruhe-in-Oel-auf-Leinwand.webp?fit=1080%2C859&ssl=1&resize=350%2C200 1x, https:\/\/i0.wp.com\/artgallerykellershop.com\/wp-content\/uploads\/2025\/10\/Schlossgartensee-zu-Karlsruhe-in-Oel-auf-Leinwand.webp?fit=1080%2C859&ssl=1&resize=525%2C300 1.5x, https:\/\/i0.wp.com\/artgallerykellershop.com\/wp-content\/uploads\/2025\/10\/Schlossgartensee-zu-Karlsruhe-in-Oel-auf-Leinwand.webp?fit=1080%2C859&ssl=1&resize=700%2C400 2x, https:\/\/i0.wp.com\/artgallerykellershop.com\/wp-content\/uploads\/2025\/10\/Schlossgartensee-zu-Karlsruhe-in-Oel-auf-Leinwand.webp?fit=1080%2C859&ssl=1&resize=1050%2C600 3x"},"classes":[]},{"id":916,"url":"https:\/\/artgallerykellershop.com\/en\/product\/seerosenteich-im-schlossgarten\/","url_meta":{"origin":190,"position":2},"title":"Water lily pond in the castle garden","author":"admin","date":"20.10.2025","format":false,"excerpt":"The oil painting, Water lily pond in the palace garden in Karlsruhe, by Swetlana Kowal, 2017, shows the magic of a quiet summer's day in delicate colors. Light, water and nature merge into a poetic composition that radiates peace and harmony. Ideal for collectors and art lovers.","rel":"","context":"Similar post","block_context":{"text":"Similar post","link":""},"img":{"alt_text":"Originalgem\u00e4lde, Seerosenteich zu Karlsruhe, \u00d6l auf Leinwand von Svetlana Kowal","src":"https:\/\/i0.wp.com\/artgallerykellershop.com\/wp-content\/uploads\/2025\/10\/Seerosenteich-von-Swetlana-Kowal-Guntchenko-Oel-auf-Leinwand-35-x-45-cm-2017.webp?fit=884%2C683&ssl=1&resize=350%2C200","width":350,"height":200,"srcset":"https:\/\/i0.wp.com\/artgallerykellershop.com\/wp-content\/uploads\/2025\/10\/Seerosenteich-von-Swetlana-Kowal-Guntchenko-Oel-auf-Leinwand-35-x-45-cm-2017.webp?fit=884%2C683&ssl=1&resize=350%2C200 1x, https:\/\/i0.wp.com\/artgallerykellershop.com\/wp-content\/uploads\/2025\/10\/Seerosenteich-von-Swetlana-Kowal-Guntchenko-Oel-auf-Leinwand-35-x-45-cm-2017.webp?fit=884%2C683&ssl=1&resize=525%2C300 1.5x, https:\/\/i0.wp.com\/artgallerykellershop.com\/wp-content\/uploads\/2025\/10\/Seerosenteich-von-Swetlana-Kowal-Guntchenko-Oel-auf-Leinwand-35-x-45-cm-2017.webp?fit=884%2C683&ssl=1&resize=700%2C400 2x"},"classes":[]},{"id":189,"url":"https:\/\/artgallerykellershop.com\/en\/product\/bluehender-obstbaum\/","url_meta":{"origin":190,"position":3},"title":"Flowering fruit tree in a sunny landscape","author":"admin","date":"12.06.2025","format":false,"excerpt":"A blossoming fruit tree in a light-flooded spring meadow, this impressionistic oil painting radiates tranquillity and closeness to nature.","rel":"","context":"Similar post","block_context":{"text":"Similar post","link":""},"img":{"alt_text":"Fr\u00fchlingslandschaft mit Bl\u00fctenbaum, Gem\u00e4lde aus der ARTgallery-Keller, \u00d6l auf Leinwand","src":"https:\/\/i0.wp.com\/artgallerykellershop.com\/wp-content\/uploads\/2025\/06\/Fruehling-von-Boris-Litovchenko.png?fit=1200%2C1087&ssl=1&resize=350%2C200","width":350,"height":200,"srcset":"https:\/\/i0.wp.com\/artgallerykellershop.com\/wp-content\/uploads\/2025\/06\/Fruehling-von-Boris-Litovchenko.png?fit=1200%2C1087&ssl=1&resize=350%2C200 1x, https:\/\/i0.wp.com\/artgallerykellershop.com\/wp-content\/uploads\/2025\/06\/Fruehling-von-Boris-Litovchenko.png?fit=1200%2C1087&ssl=1&resize=525%2C300 1.5x, https:\/\/i0.wp.com\/artgallerykellershop.com\/wp-content\/uploads\/2025\/06\/Fruehling-von-Boris-Litovchenko.png?fit=1200%2C1087&ssl=1&resize=700%2C400 2x, https:\/\/i0.wp.com\/artgallerykellershop.com\/wp-content\/uploads\/2025\/06\/Fruehling-von-Boris-Litovchenko.png?fit=1200%2C1087&ssl=1&resize=1050%2C600 3x"},"classes":[]},{"id":541,"url":"https:\/\/artgallerykellershop.com\/en\/product\/sonniger-tag-an-seepromenade\/","url_meta":{"origin":190,"position":4},"title":"Sunny day on the lake promenade","author":"admin","date":"11.07.2025","format":false,"excerpt":"\"Sunny Day\" is an impressionistic oil painting with a Mediterranean flair, an atmospheric summer painting full of light and color.","rel":"","context":"Similar post","block_context":{"text":"Similar post","link":""},"img":{"alt_text":"Originalgem\u00e4lde \u201eSommertag\u201c von Borys Litovchenko, \u00d6l auf Leinwand, 50\u00d760 cm","src":"https:\/\/i0.wp.com\/artgallerykellershop.com\/wp-content\/uploads\/2025\/07\/Originalgemaelde-Sommertag-von-Borys-Litovchenko-Oel-auf-Leinwand-50%C3%9760-cm-scaled.jpg?fit=1200%2C989&ssl=1&resize=350%2C200","width":350,"height":200,"srcset":"https:\/\/i0.wp.com\/artgallerykellershop.com\/wp-content\/uploads\/2025\/07\/Originalgemaelde-Sommertag-von-Borys-Litovchenko-Oel-auf-Leinwand-50%C3%9760-cm-scaled.jpg?fit=1200%2C989&ssl=1&resize=350%2C200 1x, https:\/\/i0.wp.com\/artgallerykellershop.com\/wp-content\/uploads\/2025\/07\/Originalgemaelde-Sommertag-von-Borys-Litovchenko-Oel-auf-Leinwand-50%C3%9760-cm-scaled.jpg?fit=1200%2C989&ssl=1&resize=525%2C300 1.5x, https:\/\/i0.wp.com\/artgallerykellershop.com\/wp-content\/uploads\/2025\/07\/Originalgemaelde-Sommertag-von-Borys-Litovchenko-Oel-auf-Leinwand-50%C3%9760-cm-scaled.jpg?fit=1200%2C989&ssl=1&resize=700%2C400 2x, https:\/\/i0.wp.com\/artgallerykellershop.com\/wp-content\/uploads\/2025\/07\/Originalgemaelde-Sommertag-von-Borys-Litovchenko-Oel-auf-Leinwand-50%C3%9760-cm-scaled.jpg?fit=1200%2C989&ssl=1&resize=1050%2C600 3x"},"classes":[]},{"id":954,"url":"https:\/\/artgallerykellershop.com\/en\/product\/porto-vecchio-in-desenzano\/","url_meta":{"origin":190,"position":5},"title":"Porto Vecchio in Desenzano del Garda, color in harmony","author":"admin","date":"12.11.2025","format":false,"excerpt":"Impressionist oil painting by Swetlana Kowal, created in Italy in 2019. The historic port of Desenzano del Garda shines in bright colors and a subtle play of light, a tribute to the Mediterranean lifestyle.","rel":"","context":"Similar post","block_context":{"text":"Similar post","link":""},"img":{"alt_text":"\u00d6lgem\u00e4lde \u201ePorto Vecchio, Desenzano del Garda\u201c von Swetlana Kowal, farbenreiche Darstellung des historischen Hafens mit B\u00e4umen, Booten und Spiegelungen im Wasser","src":"https:\/\/i0.wp.com\/artgallerykellershop.com\/wp-content\/uploads\/2025\/11\/Porto-Vecchio-Desenzano-del-Garda.webp?fit=1080%2C905&ssl=1&resize=350%2C200","width":350,"height":200,"srcset":"https:\/\/i0.wp.com\/artgallerykellershop.com\/wp-content\/uploads\/2025\/11\/Porto-Vecchio-Desenzano-del-Garda.webp?fit=1080%2C905&ssl=1&resize=350%2C200 1x, https:\/\/i0.wp.com\/artgallerykellershop.com\/wp-content\/uploads\/2025\/11\/Porto-Vecchio-Desenzano-del-Garda.webp?fit=1080%2C905&ssl=1&resize=525%2C300 1.5x, https:\/\/i0.wp.com\/artgallerykellershop.com\/wp-content\/uploads\/2025\/11\/Porto-Vecchio-Desenzano-del-Garda.webp?fit=1080%2C905&ssl=1&resize=700%2C400 2x, https:\/\/i0.wp.com\/artgallerykellershop.com\/wp-content\/uploads\/2025\/11\/Porto-Vecchio-Desenzano-del-Garda.webp?fit=1080%2C905&ssl=1&resize=1050%2C600 3x"},"classes":[]}],"_links":{"self":[{"href":"https:\/\/artgallerykellershop.com\/en\/wp-json\/wp\/v2\/product\/190","targetHints":{"allow":["GET"]}}],"collection":[{"href":"https:\/\/artgallerykellershop.com\/en\/wp-json\/wp\/v2\/product"}],"about":[{"href":"https:\/\/artgallerykellershop.com\/en\/wp-json\/wp\/v2\/types\/product"}],"replies":[{"embeddable":true,"href":"https:\/\/artgallerykellershop.com\/en\/wp-json\/wp\/v2\/comments?post=190"}],"wp:featuredmedia":[{"embeddable":true,"href":"https:\/\/artgallerykellershop.com\/en\/wp-json\/wp\/v2\/media\/178"}],"wp:attachment":[{"href":"https:\/\/artgallerykellershop.com\/en\/wp-json\/wp\/v2\/media?parent=190"}],"wp:term":[{"taxonomy":"product_brand","embeddable":true,"href":"https:\/\/artgallerykellershop.com\/en\/wp-json\/wp\/v2\/product_brand?post=190"},{"taxonomy":"product_cat","embeddable":true,"href":"https:\/\/artgallerykellershop.com\/en\/wp-json\/wp\/v2\/product_cat?post=190"},{"taxonomy":"product_tag","embeddable":true,"href":"https:\/\/artgallerykellershop.com\/en\/wp-json\/wp\/v2\/product_tag?post=190"}],"curies":[{"name":"wp","href":"https:\/\/api.w.org\/{rel}","templated":true}]}}