{"id":728,"date":"2025-08-25T14:14:12","date_gmt":"2025-08-25T13:14:12","guid":{"rendered":"https:\/\/artgallerykellershop.com\/?post_type=product&#038;p=728"},"modified":"2025-09-08T12:24:59","modified_gmt":"2025-09-08T11:24:59","slug":"musik-im-staatstheater-karlsruhe","status":"publish","type":"product","link":"https:\/\/artgallerykellershop.com\/en\/product\/musik-im-staatstheater-karlsruhe\/","title":{"rendered":"Music at the Staatstheater Karlsruhe - art meets sound"},"content":{"rendered":"<p data-start=\"305\" data-end=\"641\">The painting <strong data-start=\"317\" data-end=\"374\">Music at the Staatstheater Karlsruhe by Nina Nikonenko<\/strong> is a homage to the orchestral world of sound and combines music and painting into an impressive unity. With <strong data-start=\"491\" data-end=\"521\">powerful brushstrokes<\/strong> and one <strong data-start=\"532\" data-end=\"564\">colorful composition<\/strong> it transports the viewer into the lively atmosphere of the orchestra hall.<\/p>\n<h2 data-start=\"643\" data-end=\"698\">Expressive composition with vibrant colors in music and painting<\/h2>\n<p data-start=\"700\" data-end=\"1137\">At the center of the oil painting Musik im Staatstheater Karlsruhe is a <strong data-start=\"740\" data-end=\"757\">golden horn<\/strong>which shines in rich yellow and warm gold tones. It is framed by <strong data-start=\"830\" data-end=\"858\">Violins and woodwinds<\/strong>which are depicted in bright red, black and green. The instruments do not appear realistic, but in a <strong data-start=\"980\" data-end=\"1007\">expressive abstraction<\/strong>which emphasizes their energy and dynamism. Each application of paint conveys movement and rhythm - as if the music itself were becoming visible.<\/p>\n<h3 data-start=\"1139\" data-end=\"1194\">Synaesthetic effect in music at the Staatstheater Karlsruhe - sound translated into color<\/h3>\n<p data-start=\"1196\" data-end=\"1578\">The <strong data-start=\"1200\" data-end=\"1247\">Combination of yellow, red, black and green<\/strong> creates a visual harmony that gives the impression that you can literally hear the sound. The impasto oil technique reinforces this effect: the thickly applied paint creates a three-dimensional structure that seems almost tangible. The painting thus becomes a multi-sensory experience that <strong data-start=\"1534\" data-end=\"1575\">Combining seeing and hearing<\/strong>.<\/p>\n<h4 data-start=\"1580\" data-end=\"1613\">Perfect for artistic rooms<\/h4>\n<p data-start=\"1615\" data-end=\"1727\">\"Musik im Staatstheater Karlsruhe\" is more than a painting - it is a <strong data-start=\"1688\" data-end=\"1713\">cultural statement<\/strong>. Ideal for:<\/p>\n<ul data-start=\"1729\" data-end=\"1849\">\n<li data-start=\"1729\" data-end=\"1771\">\n<p data-start=\"1731\" data-end=\"1771\">Living room with an artistic ambience<\/p>\n<\/li>\n<li data-start=\"1772\" data-end=\"1803\">\n<p data-start=\"1774\" data-end=\"1803\">Music rooms or rehearsal rooms<\/p>\n<\/li>\n<li data-start=\"1804\" data-end=\"1849\">\n<p data-start=\"1806\" data-end=\"1849\">Foyers, galleries and representative rooms<\/p>\n<\/li>\n<\/ul>\n<p data-start=\"1851\" data-end=\"2021\">This work is ideally suited for use in rooms <strong data-start=\"1899\" data-end=\"1947\">Passion, expressiveness and creativity<\/strong> to lend. It brings the magic of art and music to any environment.<\/p>\n<h5 data-start=\"2023\" data-end=\"2075\">A collector's item for art and music lovers<\/h5>\n<p data-start=\"2077\" data-end=\"2335\">The painting is not only a tribute to the orchestra, but also a symbol of the <strong data-start=\"2166\" data-end=\"2209\">Combination of sound, rhythm and image<\/strong>. For collectors and art lovers, it is a special work that translates the language of music into the language of painting.<\/p>\n<hr data-start=\"2337\" data-end=\"2340\" \/>\n<p data-start=\"2342\" data-end=\"2590\">\ud83d\udc49 <strong data-start=\"2345\" data-end=\"2355\">Conclusion:<\/strong><br data-start=\"2355\" data-end=\"2358\" \/>The oil painting \"Music at the Karlsruhe State Theater\" by Nina Nikonenko combines <strong data-start=\"2434\" data-end=\"2459\">Color, shape and sound<\/strong> into a masterpiece of expressive painting. An ideal work of art for anyone who wants to see music as well as hear it.<\/p>\n<p data-start=\"2342\" data-end=\"2590\"><a href=\"https:\/\/mein-lernen.at\/kunst\/expressionismus-in-der-malerei-10-wichtigsten-merkmale-erklaert\/\">Expressionism in painting - 10 key characteristics explained<\/a><\/p>\n<p data-start=\"2342\" data-end=\"2590\"><a href=\"https:\/\/artgallerykellershop.com\/en\/product\/meine-buecherei-viii-mystische-ornamente-von-o-milovzorov\/\">My library VIII - Mystical ornaments by O. Milovzorov<\/a><\/p>","protected":false},"excerpt":{"rendered":"<p>Music at the Staatstheater Karlsruhe is not only a tribute to music and painting, but also a symbol of expressiveness and creativity.<\/p>","protected":false},"featured_media":722,"comment_status":"closed","ping_status":"closed","template":"","meta":{"_acf_changed":false,"om_disable_all_campaigns":false,"_monsterinsights_skip_tracking":false,"_monsterinsights_sitenote_active":false,"_monsterinsights_sitenote_note":"","_monsterinsights_sitenote_category":0},"product_brand":[44],"product_cat":[124,21],"product_tag":[125,43,79,114,78],"class_list":{"0":"post-728","1":"product","2":"type-product","3":"status-publish","4":"has-post-thumbnail","6":"product_brand-artgallery-keller","7":"product_cat-expressionismus","8":"product_cat-moderne-kunst","9":"product_tag-expressive-malerei","10":"product_tag-kunstliebhaber","11":"product_tag-moderne-malerei","12":"product_tag-sammlerwerk","13":"product_tag-zeitgenoessische-ukrainische-kunst","15":"first","16":"instock","17":"taxable","18":"shipping-taxable","19":"purchasable","20":"product-type-simple"},"acf":[],"aioseo_notices":[],"jetpack_sharing_enabled":true,"jetpack-related-posts":[{"id":595,"url":"https:\/\/artgallerykellershop.com\/en\/product\/musik-im-badischen-staatstheater-karlsruhe-nina-nikonenko\/","url_meta":{"origin":728,"position":0},"title":"Music at the Badisches Staatstheater Karlsruhe - Nina Nikonenko","author":"admin","date":"03.08.2025","format":false,"excerpt":"Musik im Badischen Staatstheater Karlsruhe by Nina Nikonenko, celebrates the saxophone as the soul of jazz with a glowing play of musical colors - red and orange.","rel":"","context":"Similar post","block_context":{"text":"Similar post","link":""},"img":{"alt_text":"Dieses Bild ist nicht nur eine virtuose Maltechnik, sondern der Umstand, dass es den Moment zwischen Klang und Stille einf\u00e4ngt.","src":"https:\/\/i0.wp.com\/artgallerykellershop.com\/wp-content\/uploads\/2025\/08\/Musik-im-Badischen-Staatstheater-Karlsruhe-Oel-auf-Leinwand-2016-von-Nina-Nikonenko.png?fit=1200%2C812&ssl=1&resize=350%2C200","width":350,"height":200,"srcset":"https:\/\/i0.wp.com\/artgallerykellershop.com\/wp-content\/uploads\/2025\/08\/Musik-im-Badischen-Staatstheater-Karlsruhe-Oel-auf-Leinwand-2016-von-Nina-Nikonenko.png?fit=1200%2C812&ssl=1&resize=350%2C200 1x, https:\/\/i0.wp.com\/artgallerykellershop.com\/wp-content\/uploads\/2025\/08\/Musik-im-Badischen-Staatstheater-Karlsruhe-Oel-auf-Leinwand-2016-von-Nina-Nikonenko.png?fit=1200%2C812&ssl=1&resize=525%2C300 1.5x, https:\/\/i0.wp.com\/artgallerykellershop.com\/wp-content\/uploads\/2025\/08\/Musik-im-Badischen-Staatstheater-Karlsruhe-Oel-auf-Leinwand-2016-von-Nina-Nikonenko.png?fit=1200%2C812&ssl=1&resize=700%2C400 2x, https:\/\/i0.wp.com\/artgallerykellershop.com\/wp-content\/uploads\/2025\/08\/Musik-im-Badischen-Staatstheater-Karlsruhe-Oel-auf-Leinwand-2016-von-Nina-Nikonenko.png?fit=1200%2C812&ssl=1&resize=1050%2C600 3x"},"classes":[]},{"id":802,"url":"https:\/\/artgallerykellershop.com\/en\/product\/badisches-staatstheater-karlsruhe-vi\/","url_meta":{"origin":728,"position":1},"title":"Badisches Staatstheater Karlsruhe VI Music in shades of color","author":"admin","date":"10.09.2025","format":false,"excerpt":"<\/strong> Lively oil painting from 2016. Saxophones, trumpets and grand pianos merge into a visual symphony in blue, gold and white.","rel":"","context":"Similar post","block_context":{"text":"Similar post","link":""},"img":{"alt_text":"\u00d6lgem\u00e4lde von Nina Nikonenko: Saxophon und Trompete vor einem Fl\u00fcgel \u2013 Serie Musik im Badischen Staatstheater","src":"https:\/\/i0.wp.com\/artgallerykellershop.com\/wp-content\/uploads\/2025\/08\/Staatstheater-VI-e1756739864204.webp?fit=1200%2C830&ssl=1&resize=350%2C200","width":350,"height":200,"srcset":"https:\/\/i0.wp.com\/artgallerykellershop.com\/wp-content\/uploads\/2025\/08\/Staatstheater-VI-e1756739864204.webp?fit=1200%2C830&ssl=1&resize=350%2C200 1x, https:\/\/i0.wp.com\/artgallerykellershop.com\/wp-content\/uploads\/2025\/08\/Staatstheater-VI-e1756739864204.webp?fit=1200%2C830&ssl=1&resize=525%2C300 1.5x, https:\/\/i0.wp.com\/artgallerykellershop.com\/wp-content\/uploads\/2025\/08\/Staatstheater-VI-e1756739864204.webp?fit=1200%2C830&ssl=1&resize=700%2C400 2x, https:\/\/i0.wp.com\/artgallerykellershop.com\/wp-content\/uploads\/2025\/08\/Staatstheater-VI-e1756739864204.webp?fit=1200%2C830&ssl=1&resize=1050%2C600 3x"},"classes":[]},{"id":803,"url":"https:\/\/artgallerykellershop.com\/en\/product\/badisches-staatstheater-karlsruhe-v-von-nina-nikonenko\/","url_meta":{"origin":728,"position":2},"title":"Badisches Staatstheater Karlsruhe V by Nina Nikonenko","author":"admin","date":"09.09.2025","format":false,"excerpt":"Three musicians at play: saxophone, trumpets and emotion on canvas. A painting that combines sound, color and silence to create a powerful experience.","rel":"","context":"Similar post","block_context":{"text":"Similar post","link":""},"img":{"alt_text":"\u00d6lgem\u00e4lde von Nina Nikonenko: Musiker im Orchester mit Trompete und Saxophon \u2013 Serie Musik im Badischen Staatstheater","src":"https:\/\/i0.wp.com\/artgallerykellershop.com\/wp-content\/uploads\/2025\/08\/Kunst-und-Jazz-90x130-V-e1756737882857.webp?fit=1200%2C816&ssl=1&resize=350%2C200","width":350,"height":200,"srcset":"https:\/\/i0.wp.com\/artgallerykellershop.com\/wp-content\/uploads\/2025\/08\/Kunst-und-Jazz-90x130-V-e1756737882857.webp?fit=1200%2C816&ssl=1&resize=350%2C200 1x, https:\/\/i0.wp.com\/artgallerykellershop.com\/wp-content\/uploads\/2025\/08\/Kunst-und-Jazz-90x130-V-e1756737882857.webp?fit=1200%2C816&ssl=1&resize=525%2C300 1.5x, https:\/\/i0.wp.com\/artgallerykellershop.com\/wp-content\/uploads\/2025\/08\/Kunst-und-Jazz-90x130-V-e1756737882857.webp?fit=1200%2C816&ssl=1&resize=700%2C400 2x, https:\/\/i0.wp.com\/artgallerykellershop.com\/wp-content\/uploads\/2025\/08\/Kunst-und-Jazz-90x130-V-e1756737882857.webp?fit=1200%2C816&ssl=1&resize=1050%2C600 3x"},"classes":[]},{"id":800,"url":"https:\/\/artgallerykellershop.com\/en\/product\/badisches-staatstheater-karlsruhe-vii-klang-interpretation\/","url_meta":{"origin":728,"position":3},"title":"Badisches Staatstheater Karlsruhe VII Sound Interpretation","author":"admin","date":"09.09.2025","format":false,"excerpt":"Saxophone and flutes merge in this expressive oil painting to create a colorful soundscape - ideal for music lovers with a sense of art.","rel":"","context":"Similar post","block_context":{"text":"Similar post","link":""},"img":{"alt_text":"\u00d6lgem\u00e4lde mit expressiven Pinselstrichen in Blau, Wei\u00df, Gelb und Schwarz, Saxophon und Querfl\u00f6ten in Theater-Szenerie","src":"https:\/\/i0.wp.com\/artgallerykellershop.com\/wp-content\/uploads\/2025\/08\/Staatstheater-VII-e1756740462640.webp?fit=1200%2C836&ssl=1&resize=350%2C200","width":350,"height":200,"srcset":"https:\/\/i0.wp.com\/artgallerykellershop.com\/wp-content\/uploads\/2025\/08\/Staatstheater-VII-e1756740462640.webp?fit=1200%2C836&ssl=1&resize=350%2C200 1x, https:\/\/i0.wp.com\/artgallerykellershop.com\/wp-content\/uploads\/2025\/08\/Staatstheater-VII-e1756740462640.webp?fit=1200%2C836&ssl=1&resize=525%2C300 1.5x, https:\/\/i0.wp.com\/artgallerykellershop.com\/wp-content\/uploads\/2025\/08\/Staatstheater-VII-e1756740462640.webp?fit=1200%2C836&ssl=1&resize=700%2C400 2x, https:\/\/i0.wp.com\/artgallerykellershop.com\/wp-content\/uploads\/2025\/08\/Staatstheater-VII-e1756740462640.webp?fit=1200%2C836&ssl=1&resize=1050%2C600 3x"},"classes":[]},{"id":766,"url":"https:\/\/artgallerykellershop.com\/en\/product\/musik-im-badischen-staatstheater-von-nina-nikonenko\/","url_meta":{"origin":728,"position":4},"title":"Music at the Badisches Staatstheater by Nina Nikonenko","author":"admin","date":"06.09.2025","format":false,"excerpt":"Musik im Badischen Staatstheater by Nina Nikonenko shows instruments in vivid colors. A work that combines music and painting - powerful, modern and full of expression.","rel":"","context":"Similar post","block_context":{"text":"Similar post","link":""},"img":{"alt_text":"\u00d6lgem\u00e4lde Musik III mit Horn, Violinen in expressiver Malweise","src":"https:\/\/i0.wp.com\/artgallerykellershop.com\/wp-content\/uploads\/2025\/08\/Staatstheator-Karlsuhe-von-Nina-Nikonenko.webp?fit=1200%2C1007&ssl=1&resize=350%2C200","width":350,"height":200,"srcset":"https:\/\/i0.wp.com\/artgallerykellershop.com\/wp-content\/uploads\/2025\/08\/Staatstheator-Karlsuhe-von-Nina-Nikonenko.webp?fit=1200%2C1007&ssl=1&resize=350%2C200 1x, https:\/\/i0.wp.com\/artgallerykellershop.com\/wp-content\/uploads\/2025\/08\/Staatstheator-Karlsuhe-von-Nina-Nikonenko.webp?fit=1200%2C1007&ssl=1&resize=525%2C300 1.5x, https:\/\/i0.wp.com\/artgallerykellershop.com\/wp-content\/uploads\/2025\/08\/Staatstheator-Karlsuhe-von-Nina-Nikonenko.webp?fit=1200%2C1007&ssl=1&resize=700%2C400 2x, https:\/\/i0.wp.com\/artgallerykellershop.com\/wp-content\/uploads\/2025\/08\/Staatstheator-Karlsuhe-von-Nina-Nikonenko.webp?fit=1200%2C1007&ssl=1&resize=1050%2C600 3x"},"classes":[]},{"id":788,"url":"https:\/\/artgallerykellershop.com\/en\/product\/saxophon-musik-in-farben\/","url_meta":{"origin":728,"position":5},"title":"Saxophone music in colors at Staatstheater Karlsruhe","author":"admin","date":"08.09.2025","format":false,"excerpt":"Sound as color, a powerful saxophone painting in oil, dynamic, tactile, collectible.","rel":"","context":"Similar post","block_context":{"text":"Similar post","link":""},"img":{"alt_text":"\u00d6lgem\u00e4lde mit Saxophon in expressiver Malweise, kr\u00e4ftige Farben Rot und Gelb","src":"https:\/\/i0.wp.com\/artgallerykellershop.com\/wp-content\/uploads\/2025\/09\/Saxophone-vor-dem-Konzert-in-Karlsruhe.webp?fit=959%2C1200&ssl=1&resize=350%2C200","width":350,"height":200,"srcset":"https:\/\/i0.wp.com\/artgallerykellershop.com\/wp-content\/uploads\/2025\/09\/Saxophone-vor-dem-Konzert-in-Karlsruhe.webp?fit=959%2C1200&ssl=1&resize=350%2C200 1x, https:\/\/i0.wp.com\/artgallerykellershop.com\/wp-content\/uploads\/2025\/09\/Saxophone-vor-dem-Konzert-in-Karlsruhe.webp?fit=959%2C1200&ssl=1&resize=525%2C300 1.5x, https:\/\/i0.wp.com\/artgallerykellershop.com\/wp-content\/uploads\/2025\/09\/Saxophone-vor-dem-Konzert-in-Karlsruhe.webp?fit=959%2C1200&ssl=1&resize=700%2C400 2x"},"classes":[]}],"_links":{"self":[{"href":"https:\/\/artgallerykellershop.com\/en\/wp-json\/wp\/v2\/product\/728","targetHints":{"allow":["GET"]}}],"collection":[{"href":"https:\/\/artgallerykellershop.com\/en\/wp-json\/wp\/v2\/product"}],"about":[{"href":"https:\/\/artgallerykellershop.com\/en\/wp-json\/wp\/v2\/types\/product"}],"replies":[{"embeddable":true,"href":"https:\/\/artgallerykellershop.com\/en\/wp-json\/wp\/v2\/comments?post=728"}],"wp:featuredmedia":[{"embeddable":true,"href":"https:\/\/artgallerykellershop.com\/en\/wp-json\/wp\/v2\/media\/722"}],"wp:attachment":[{"href":"https:\/\/artgallerykellershop.com\/en\/wp-json\/wp\/v2\/media?parent=728"}],"wp:term":[{"taxonomy":"product_brand","embeddable":true,"href":"https:\/\/artgallerykellershop.com\/en\/wp-json\/wp\/v2\/product_brand?post=728"},{"taxonomy":"product_cat","embeddable":true,"href":"https:\/\/artgallerykellershop.com\/en\/wp-json\/wp\/v2\/product_cat?post=728"},{"taxonomy":"product_tag","embeddable":true,"href":"https:\/\/artgallerykellershop.com\/en\/wp-json\/wp\/v2\/product_tag?post=728"}],"curies":[{"name":"wp","href":"https:\/\/api.w.org\/{rel}","templated":true}]}}