{"id":766,"date":"2025-09-06T02:29:54","date_gmt":"2025-09-06T01:29:54","guid":{"rendered":"https:\/\/artgallerykellershop.com\/?post_type=product&#038;p=766"},"modified":"2025-09-15T15:19:59","modified_gmt":"2025-09-15T14:19:59","slug":"musik-im-badischen-staatstheater-von-nina-nikonenko","status":"publish","type":"product","link":"https:\/\/artgallerykellershop.com\/en\/product\/musik-im-badischen-staatstheater-von-nina-nikonenko\/","title":{"rendered":"Music at the Badisches Staatstheater by Nina Nikonenko"},"content":{"rendered":"<p><strong><em>Oil painting Music in the Baden State Theater<\/em> by Nina Nikonenko<\/strong><\/p>\n<article>\n<header><em>Music at the Badisches Staatstheater<\/em> is a homage to sound, movement and the stage.<br \/>\nThe work unfolds the invisible language of music in a pictorial form that<br \/>\nimmediately touched. With powerful, but at the same time harmoniously coordinated<br \/>\nbrushstrokes, the artist succeeds in capturing the vitality of the instruments<br \/>\nand make their essence visible. The impression is created at first glance,<br \/>\nthat the viewer not only sees a painting, but enters a concert hall<br \/>\nin which the music itself has taken shape.<\/header>\n<section>\n<h2>Colors and composition in music at the Badisches Staatstheater<\/h2>\n<p>The warm orange tones in the oil painting, which dominate the picture, lend the scene radiance and<br \/>\nliveliness. They are reminiscent of the golden glow of brass instruments in the<br \/>\nspotlight. This is complemented by strong black accents that intensify the rhythm and emphasize the<br \/>\nGround the composition. The white surfaces open up the space - like pauses for breath between the tones<br \/>\nwhile the soft violet adds a lyrical mood.<\/p>\n<p>The interplay of these colors creates a field of tension between energy and calm,<br \/>\nDynamics and harmony. The instruments - trumpets, violins and a horn - are not<br \/>\nare not shown in isolation, but merge into one another. This creates a visual<br \/>\nscore, which gives the impression that the painting itself is a musical work.<\/p>\n<\/section>\n<section>\n<h3>Painting technique and expression in oil painting<\/h3>\n<p>Nina Nikonenko works with oil on canvas and prefers a pastose technique,<br \/>\nrichly textured brushwork. The relief-like surface lends the work a<br \/>\nplastic effect that appears almost sculptural. Every line, every application of paint<br \/>\nseems to pulsate in time. The painting style is expressive, but never chaotic -<br \/>\nInstead, it remains committed to the inner order of the music. Thus the viewer<br \/>\ninto a visual world that can be experienced both visually and acoustically.<\/p>\n<\/section>\n<section>\n<h4>Meaning and effect<\/h4>\n<p>Music as a source of inspiration, passion and culture is a central theme of the<br \/>\nArt history. In this work, Nikonenko combines classical motifs with a<br \/>\nmodern, contemporary visual language. The painting conveys both the dignity of the<br \/>\ntheater as well as the lightness of the moment when an orchestra comes to life.<br \/>\nWhether in a private living room, a gallery or in prestigious rooms - this work<br \/>\nunfolds its radiant power everywhere and tells a story of sound, emotion and<br \/>\ncultural heritage.<\/p>\n<\/section>\n<section>\n<h5>Conclusion<\/h5>\n<p>With <em>Music at the Badisches Staatstheater<\/em> you are not just buying a painting,<br \/>\nbut a piece of living culture. Nina Nikonenko translates the language of music into<br \/>\nColor and structure - a work of art that combines energy, harmony and passion.<br \/>\nunited in an incomparable way.<\/p>\n<\/section>\n<section aria-labelledby=\"werkdaten-heading\">\n<h6 id=\"werkdaten-heading\">Work data<\/h6>\n<dl>\n<dt>Artist<\/dt>\n<dd>Nina Nikonenko<\/dd>\n<dt>Title<\/dt>\n<dd><em>Music at the Badisches Staatstheater<\/em><\/dd>\n<dt>Technology<\/dt>\n<dd>Oil on canvas<\/dd>\n<dt>Style<\/dt>\n<dd>Contemporary Painting, Music in Art, Expressionism<\/dd>\n<\/dl>\n<\/section>\n<\/article>\n<p>&nbsp;<\/p>\n<ul>\n<li><a href=\"https:\/\/de.wikipedia.org\/wiki\/Expressionismus\">Expressionism - Wikipedia<\/a><\/li>\n<li><a href=\"https:\/\/artgallerykellershop.com\/en\/product\/meine-buecherei-viii-mystische-ornamente-von-o-milovzorov\/\">My library VIII - Mystical ornaments by O. Milovzorov<\/a><\/li>\n<\/ul>","protected":false},"excerpt":{"rendered":"<p>Musik im Badischen Staatstheater by Nina Nikonenko shows instruments in vivid colors. A work that combines music and painting - powerful, modern and full of expression.<\/p>","protected":false},"featured_media":736,"comment_status":"closed","ping_status":"closed","template":"","meta":{"_acf_changed":false,"om_disable_all_campaigns":false,"_monsterinsights_skip_tracking":false,"_monsterinsights_sitenote_active":false,"_monsterinsights_sitenote_note":"","_monsterinsights_sitenote_category":0},"product_brand":[44],"product_cat":[124,21,133,132],"product_tag":[48,43,79,114,78],"class_list":{"0":"post-766","1":"product","2":"type-product","3":"status-publish","4":"has-post-thumbnail","6":"product_brand-artgallery-keller","7":"product_cat-expressionismus","8":"product_cat-moderne-kunst","9":"product_cat-symbolische-malerei","10":"product_cat-zeitgenoessische-kunst","11":"product_tag-kunst-fuer-wohnzimmer","12":"product_tag-kunstliebhaber","13":"product_tag-moderne-malerei","14":"product_tag-sammlerwerk","15":"product_tag-zeitgenoessische-ukrainische-kunst","17":"first","18":"instock","19":"taxable","20":"shipping-taxable","21":"purchasable","22":"product-type-simple"},"acf":[],"aioseo_notices":[],"jetpack_sharing_enabled":true,"jetpack-related-posts":[{"id":595,"url":"https:\/\/artgallerykellershop.com\/en\/product\/musik-im-badischen-staatstheater-karlsruhe-nina-nikonenko\/","url_meta":{"origin":766,"position":0},"title":"Music at the Badisches Staatstheater Karlsruhe - Nina Nikonenko","author":"admin","date":"03.08.2025","format":false,"excerpt":"Musik im Badischen Staatstheater Karlsruhe by Nina Nikonenko, celebrates the saxophone as the soul of jazz with a glowing play of musical colors - red and orange.","rel":"","context":"Similar post","block_context":{"text":"Similar post","link":""},"img":{"alt_text":"Dieses Bild ist nicht nur eine virtuose Maltechnik, sondern der Umstand, dass es den Moment zwischen Klang und Stille einf\u00e4ngt.","src":"https:\/\/i0.wp.com\/artgallerykellershop.com\/wp-content\/uploads\/2025\/08\/Musik-im-Badischen-Staatstheater-Karlsruhe-Oel-auf-Leinwand-2016-von-Nina-Nikonenko.png?fit=1200%2C812&ssl=1&resize=350%2C200","width":350,"height":200,"srcset":"https:\/\/i0.wp.com\/artgallerykellershop.com\/wp-content\/uploads\/2025\/08\/Musik-im-Badischen-Staatstheater-Karlsruhe-Oel-auf-Leinwand-2016-von-Nina-Nikonenko.png?fit=1200%2C812&ssl=1&resize=350%2C200 1x, https:\/\/i0.wp.com\/artgallerykellershop.com\/wp-content\/uploads\/2025\/08\/Musik-im-Badischen-Staatstheater-Karlsruhe-Oel-auf-Leinwand-2016-von-Nina-Nikonenko.png?fit=1200%2C812&ssl=1&resize=525%2C300 1.5x, https:\/\/i0.wp.com\/artgallerykellershop.com\/wp-content\/uploads\/2025\/08\/Musik-im-Badischen-Staatstheater-Karlsruhe-Oel-auf-Leinwand-2016-von-Nina-Nikonenko.png?fit=1200%2C812&ssl=1&resize=700%2C400 2x, https:\/\/i0.wp.com\/artgallerykellershop.com\/wp-content\/uploads\/2025\/08\/Musik-im-Badischen-Staatstheater-Karlsruhe-Oel-auf-Leinwand-2016-von-Nina-Nikonenko.png?fit=1200%2C812&ssl=1&resize=1050%2C600 3x"},"classes":[]},{"id":803,"url":"https:\/\/artgallerykellershop.com\/en\/product\/badisches-staatstheater-karlsruhe-v-von-nina-nikonenko\/","url_meta":{"origin":766,"position":1},"title":"Badisches Staatstheater Karlsruhe V by Nina Nikonenko","author":"admin","date":"09.09.2025","format":false,"excerpt":"Three musicians at play: saxophone, trumpets and emotion on canvas. A painting that combines sound, color and silence to create a powerful experience.","rel":"","context":"Similar post","block_context":{"text":"Similar post","link":""},"img":{"alt_text":"\u00d6lgem\u00e4lde von Nina Nikonenko: Musiker im Orchester mit Trompete und Saxophon \u2013 Serie Musik im Badischen Staatstheater","src":"https:\/\/i0.wp.com\/artgallerykellershop.com\/wp-content\/uploads\/2025\/08\/Kunst-und-Jazz-90x130-V-e1756737882857.webp?fit=1200%2C816&ssl=1&resize=350%2C200","width":350,"height":200,"srcset":"https:\/\/i0.wp.com\/artgallerykellershop.com\/wp-content\/uploads\/2025\/08\/Kunst-und-Jazz-90x130-V-e1756737882857.webp?fit=1200%2C816&ssl=1&resize=350%2C200 1x, https:\/\/i0.wp.com\/artgallerykellershop.com\/wp-content\/uploads\/2025\/08\/Kunst-und-Jazz-90x130-V-e1756737882857.webp?fit=1200%2C816&ssl=1&resize=525%2C300 1.5x, https:\/\/i0.wp.com\/artgallerykellershop.com\/wp-content\/uploads\/2025\/08\/Kunst-und-Jazz-90x130-V-e1756737882857.webp?fit=1200%2C816&ssl=1&resize=700%2C400 2x, https:\/\/i0.wp.com\/artgallerykellershop.com\/wp-content\/uploads\/2025\/08\/Kunst-und-Jazz-90x130-V-e1756737882857.webp?fit=1200%2C816&ssl=1&resize=1050%2C600 3x"},"classes":[]},{"id":802,"url":"https:\/\/artgallerykellershop.com\/en\/product\/badisches-staatstheater-karlsruhe-vi\/","url_meta":{"origin":766,"position":2},"title":"Badisches Staatstheater Karlsruhe VI Music in shades of color","author":"admin","date":"10.09.2025","format":false,"excerpt":"<\/strong> Lively oil painting from 2016. Saxophones, trumpets and grand pianos merge into a visual symphony in blue, gold and white.","rel":"","context":"Similar post","block_context":{"text":"Similar post","link":""},"img":{"alt_text":"\u00d6lgem\u00e4lde von Nina Nikonenko: Saxophon und Trompete vor einem Fl\u00fcgel \u2013 Serie Musik im Badischen Staatstheater","src":"https:\/\/i0.wp.com\/artgallerykellershop.com\/wp-content\/uploads\/2025\/08\/Staatstheater-VI-e1756739864204.webp?fit=1200%2C830&ssl=1&resize=350%2C200","width":350,"height":200,"srcset":"https:\/\/i0.wp.com\/artgallerykellershop.com\/wp-content\/uploads\/2025\/08\/Staatstheater-VI-e1756739864204.webp?fit=1200%2C830&ssl=1&resize=350%2C200 1x, https:\/\/i0.wp.com\/artgallerykellershop.com\/wp-content\/uploads\/2025\/08\/Staatstheater-VI-e1756739864204.webp?fit=1200%2C830&ssl=1&resize=525%2C300 1.5x, https:\/\/i0.wp.com\/artgallerykellershop.com\/wp-content\/uploads\/2025\/08\/Staatstheater-VI-e1756739864204.webp?fit=1200%2C830&ssl=1&resize=700%2C400 2x, https:\/\/i0.wp.com\/artgallerykellershop.com\/wp-content\/uploads\/2025\/08\/Staatstheater-VI-e1756739864204.webp?fit=1200%2C830&ssl=1&resize=1050%2C600 3x"},"classes":[]},{"id":800,"url":"https:\/\/artgallerykellershop.com\/en\/product\/badisches-staatstheater-karlsruhe-vii-klang-interpretation\/","url_meta":{"origin":766,"position":3},"title":"Badisches Staatstheater Karlsruhe VII Sound Interpretation","author":"admin","date":"09.09.2025","format":false,"excerpt":"Saxophone and flutes merge in this expressive oil painting to create a colorful soundscape - ideal for music lovers with a sense of art.","rel":"","context":"Similar post","block_context":{"text":"Similar post","link":""},"img":{"alt_text":"\u00d6lgem\u00e4lde mit expressiven Pinselstrichen in Blau, Wei\u00df, Gelb und Schwarz, Saxophon und Querfl\u00f6ten in Theater-Szenerie","src":"https:\/\/i0.wp.com\/artgallerykellershop.com\/wp-content\/uploads\/2025\/08\/Staatstheater-VII-e1756740462640.webp?fit=1200%2C836&ssl=1&resize=350%2C200","width":350,"height":200,"srcset":"https:\/\/i0.wp.com\/artgallerykellershop.com\/wp-content\/uploads\/2025\/08\/Staatstheater-VII-e1756740462640.webp?fit=1200%2C836&ssl=1&resize=350%2C200 1x, https:\/\/i0.wp.com\/artgallerykellershop.com\/wp-content\/uploads\/2025\/08\/Staatstheater-VII-e1756740462640.webp?fit=1200%2C836&ssl=1&resize=525%2C300 1.5x, https:\/\/i0.wp.com\/artgallerykellershop.com\/wp-content\/uploads\/2025\/08\/Staatstheater-VII-e1756740462640.webp?fit=1200%2C836&ssl=1&resize=700%2C400 2x, https:\/\/i0.wp.com\/artgallerykellershop.com\/wp-content\/uploads\/2025\/08\/Staatstheater-VII-e1756740462640.webp?fit=1200%2C836&ssl=1&resize=1050%2C600 3x"},"classes":[]},{"id":728,"url":"https:\/\/artgallerykellershop.com\/en\/product\/musik-im-staatstheater-karlsruhe\/","url_meta":{"origin":766,"position":4},"title":"Music at the Staatstheater Karlsruhe - art meets sound","author":"admin","date":"25.08.2025","format":false,"excerpt":"Music at the Staatstheater Karlsruhe is not only a tribute to music and painting, but also a symbol of expressiveness and creativity.","rel":"","context":"Similar post","block_context":{"text":"Similar post","link":""},"img":{"alt_text":"\u00d6lgem\u00e4lde Musik II mit Horn, Violinen und Klarinetten in expressiver Malweise","src":"https:\/\/i0.wp.com\/artgallerykellershop.com\/wp-content\/uploads\/2025\/08\/Musik-II-im-Staatstheater-Karlsruhe-e1756749270532.webp?fit=1200%2C1003&ssl=1&resize=350%2C200","width":350,"height":200,"srcset":"https:\/\/i0.wp.com\/artgallerykellershop.com\/wp-content\/uploads\/2025\/08\/Musik-II-im-Staatstheater-Karlsruhe-e1756749270532.webp?fit=1200%2C1003&ssl=1&resize=350%2C200 1x, https:\/\/i0.wp.com\/artgallerykellershop.com\/wp-content\/uploads\/2025\/08\/Musik-II-im-Staatstheater-Karlsruhe-e1756749270532.webp?fit=1200%2C1003&ssl=1&resize=525%2C300 1.5x, https:\/\/i0.wp.com\/artgallerykellershop.com\/wp-content\/uploads\/2025\/08\/Musik-II-im-Staatstheater-Karlsruhe-e1756749270532.webp?fit=1200%2C1003&ssl=1&resize=700%2C400 2x, https:\/\/i0.wp.com\/artgallerykellershop.com\/wp-content\/uploads\/2025\/08\/Musik-II-im-Staatstheater-Karlsruhe-e1756749270532.webp?fit=1200%2C1003&ssl=1&resize=1050%2C600 3x"},"classes":[]},{"id":734,"url":"https:\/\/artgallerykellershop.com\/en\/product\/zeit-in-der-kunst-gemaelde-mit-tischuhren-n-nikonenko\/","url_meta":{"origin":766,"position":5},"title":"Time in art - Paintings with table clocks - N. Nikonenko","author":"admin","date":"03.09.2025","format":false,"excerpt":"With bold, impasto brushstrokes, the artist creates a work, Time in Art, that makes the transience and dynamics of time visible.","rel":"","context":"Similar post","block_context":{"text":"Similar post","link":""},"img":{"alt_text":"\u00d6lgem\u00e4lde von Nina Nikonenko: Abstraktes Uhren-Motiv in Blau, Gr\u00fcn und Orange \u2013 Serie Musik im Badischen Staatstheater","src":"https:\/\/i0.wp.com\/artgallerykellershop.com\/wp-content\/uploads\/2025\/08\/Zeit-in-Kunst-e1756745101215.webp?fit=1200%2C1007&ssl=1&resize=350%2C200","width":350,"height":200,"srcset":"https:\/\/i0.wp.com\/artgallerykellershop.com\/wp-content\/uploads\/2025\/08\/Zeit-in-Kunst-e1756745101215.webp?fit=1200%2C1007&ssl=1&resize=350%2C200 1x, https:\/\/i0.wp.com\/artgallerykellershop.com\/wp-content\/uploads\/2025\/08\/Zeit-in-Kunst-e1756745101215.webp?fit=1200%2C1007&ssl=1&resize=525%2C300 1.5x, https:\/\/i0.wp.com\/artgallerykellershop.com\/wp-content\/uploads\/2025\/08\/Zeit-in-Kunst-e1756745101215.webp?fit=1200%2C1007&ssl=1&resize=700%2C400 2x, https:\/\/i0.wp.com\/artgallerykellershop.com\/wp-content\/uploads\/2025\/08\/Zeit-in-Kunst-e1756745101215.webp?fit=1200%2C1007&ssl=1&resize=1050%2C600 3x"},"classes":[]}],"_links":{"self":[{"href":"https:\/\/artgallerykellershop.com\/en\/wp-json\/wp\/v2\/product\/766","targetHints":{"allow":["GET"]}}],"collection":[{"href":"https:\/\/artgallerykellershop.com\/en\/wp-json\/wp\/v2\/product"}],"about":[{"href":"https:\/\/artgallerykellershop.com\/en\/wp-json\/wp\/v2\/types\/product"}],"replies":[{"embeddable":true,"href":"https:\/\/artgallerykellershop.com\/en\/wp-json\/wp\/v2\/comments?post=766"}],"wp:featuredmedia":[{"embeddable":true,"href":"https:\/\/artgallerykellershop.com\/en\/wp-json\/wp\/v2\/media\/736"}],"wp:attachment":[{"href":"https:\/\/artgallerykellershop.com\/en\/wp-json\/wp\/v2\/media?parent=766"}],"wp:term":[{"taxonomy":"product_brand","embeddable":true,"href":"https:\/\/artgallerykellershop.com\/en\/wp-json\/wp\/v2\/product_brand?post=766"},{"taxonomy":"product_cat","embeddable":true,"href":"https:\/\/artgallerykellershop.com\/en\/wp-json\/wp\/v2\/product_cat?post=766"},{"taxonomy":"product_tag","embeddable":true,"href":"https:\/\/artgallerykellershop.com\/en\/wp-json\/wp\/v2\/product_tag?post=766"}],"curies":[{"name":"wp","href":"https:\/\/api.w.org\/{rel}","templated":true}]}}