{"id":789,"date":"2025-09-08T18:56:17","date_gmt":"2025-09-08T17:56:17","guid":{"rendered":"https:\/\/artgallerykellershop.com\/?post_type=product&#038;p=789"},"modified":"2025-09-08T18:59:28","modified_gmt":"2025-09-08T17:59:28","slug":"bild-vom-hafen","status":"publish","type":"product","link":"https:\/\/artgallerykellershop.com\/en\/product\/bild-vom-hafen\/","title":{"rendered":"Picture of the harbor is reminiscent of impressionist painting"},"content":{"rendered":"<h2 data-start=\"259\" data-end=\"326\">Picture of the harbor is reminiscent of impressionist painting with boats and jetty<\/h2>\n<h3 data-start=\"328\" data-end=\"371\">Calm, movement and color on the water in impressionist painting<\/h3>\n<p data-start=\"373\" data-end=\"865\">The painting, Bild vom Hafen is reminiscent of impressionist painting and is a poetic depiction of maritime tranquillity - and at the same time a painterly snapshot full of movement. The composition shows two boats moored to a simple jetty, embedded in a vibrating sea of <strong data-start=\"615\" data-end=\"645\">Turquoise, blue and shades of gray<\/strong>. The scenery is loose, almost sketchy and yet atmospherically dense. The focus is not on the detail, but on the feeling - the <strong data-start=\"791\" data-end=\"864\">Experience a quiet morning or a cloudy afternoon by the water<\/strong>.<\/p>\n<p data-start=\"867\" data-end=\"1243\">The artist - in the tradition of modern Impressionism - dispenses with precise lines. Instead, she uses a free brushstroke to create light reflections, color rhythms and reflections that bring the water to life. The reflection of the boats in the water appears refracted, in layers of <strong data-start=\"1165\" data-end=\"1195\">Green, ochre, blue and white<\/strong>like an echo of the present in a moving medium.<\/p>\n<h4 data-start=\"1245\" data-end=\"1281\">Reduced forms, full effect<\/h4>\n<p data-start=\"1283\" data-end=\"1648\">The actual motif - boats on the jetty - is told almost in passing. And this is precisely where the power of the picture lies: it opens up a space in which viewers can locate their own memories. The figures are only hinted at, as shadows or silhouettes, and yet the work tells of human presence - of waiting, arriving or letting go.<\/p>\n<p data-start=\"1650\" data-end=\"1925\">The colors appear deliberately reduced, but are nevertheless powerful due to the lively application. The balance between cool shades and the warm, rusty line of the jetty is particularly striking - a bridge between land and water, between static and current.<\/p>\n<h5 data-start=\"1927\" data-end=\"1968\">Ideal for lovers of maritime painting<\/h5>\n<p data-start=\"1970\" data-end=\"2266\">\"Am Hafen\" is ideal for all those who <strong data-start=\"2013\" data-end=\"2052\">Longing for the sea, vastness and wind<\/strong> feel. Whether as an eye-catcher in the living room, in a vacation home or as a gift - this painting invites contemplation. It not only brings the sea into your home, but also a feeling of freedom and inner peace.<\/p>\n<p data-start=\"1970\" data-end=\"2266\"><a href=\"https:\/\/de.wikipedia.org\/wiki\/Impressionismus_(Malerei)\">Impressionism (painting) - Wikipedia<\/a><\/p>\n<p data-start=\"1970\" data-end=\"2266\"><a href=\"https:\/\/artgallerykellershop.com\/en\/product\/sonniger-tag-an-seepromenade\/\">Sunny day on the lake promenade<\/a><\/p>","protected":false},"excerpt":{"rendered":"<p>Ein impressionistisches Hafenbild voller Atmosph\u00e4re: Zwei Boote am Steg, lebendige Wasseroberfl\u00e4che und eine Farbpalette zwischen T\u00fcrkis und Nebelgrau.<br data-start=\"451\" data-end=\"454\" \/>Dieses Gem\u00e4lde bringt die Weite des Meeres und die Ruhe des Augenblicks direkt in den Raum \u2013 ideal f\u00fcr Liebhaber maritimer Malerei.<\/p>","protected":false},"featured_media":782,"comment_status":"closed","ping_status":"closed","template":"","meta":{"_acf_changed":false,"om_disable_all_campaigns":false,"_monsterinsights_skip_tracking":false,"_monsterinsights_sitenote_active":false,"_monsterinsights_sitenote_note":"","_monsterinsights_sitenote_category":0},"product_brand":[44],"product_cat":[63,21],"product_tag":[48,43,79,114,78],"class_list":{"0":"post-789","1":"product","2":"type-product","3":"status-publish","4":"has-post-thumbnail","6":"product_brand-artgallery-keller","7":"product_cat-impressionismus","8":"product_cat-moderne-kunst","9":"product_tag-kunst-fuer-wohnzimmer","10":"product_tag-kunstliebhaber","11":"product_tag-moderne-malerei","12":"product_tag-sammlerwerk","13":"product_tag-zeitgenoessische-ukrainische-kunst","15":"first","16":"instock","17":"taxable","18":"shipping-taxable","19":"purchasable","20":"product-type-simple"},"acf":[],"aioseo_notices":[],"jetpack_sharing_enabled":true,"jetpack-related-posts":[{"id":73,"url":"https:\/\/artgallerykellershop.com\/en\/product\/windiger-tag-im-fruehling\/","url_meta":{"origin":789,"position":0},"title":"Windy day in spring","author":"admin","date":"09.06.2025","format":false,"excerpt":"\"Windy Day\" is an expressive oil painting in the Impressionist style, created in 2017 in open-air painting. Dynamic brushstrokes and vibrant colors bring wind and light directly onto the canvas.","rel":"","context":"Similar post","block_context":{"text":"Similar post","link":""},"img":{"alt_text":"Windiger Tag im Fr\u00fchling","src":"https:\/\/i0.wp.com\/artgallerykellershop.com\/wp-content\/uploads\/2025\/06\/Windiger-Tag-2017-50x55-cm-scaled.jpg?fit=1200%2C1071&ssl=1&resize=350%2C200","width":350,"height":200,"srcset":"https:\/\/i0.wp.com\/artgallerykellershop.com\/wp-content\/uploads\/2025\/06\/Windiger-Tag-2017-50x55-cm-scaled.jpg?fit=1200%2C1071&ssl=1&resize=350%2C200 1x, https:\/\/i0.wp.com\/artgallerykellershop.com\/wp-content\/uploads\/2025\/06\/Windiger-Tag-2017-50x55-cm-scaled.jpg?fit=1200%2C1071&ssl=1&resize=525%2C300 1.5x, https:\/\/i0.wp.com\/artgallerykellershop.com\/wp-content\/uploads\/2025\/06\/Windiger-Tag-2017-50x55-cm-scaled.jpg?fit=1200%2C1071&ssl=1&resize=700%2C400 2x, https:\/\/i0.wp.com\/artgallerykellershop.com\/wp-content\/uploads\/2025\/06\/Windiger-Tag-2017-50x55-cm-scaled.jpg?fit=1200%2C1071&ssl=1&resize=1050%2C600 3x"},"classes":[]},{"id":541,"url":"https:\/\/artgallerykellershop.com\/en\/product\/sonniger-tag-an-seepromenade\/","url_meta":{"origin":789,"position":1},"title":"Sunny day on the lake promenade","author":"admin","date":"11.07.2025","format":false,"excerpt":"\"Sunny Day\" is an impressionistic oil painting with a Mediterranean flair, an atmospheric summer painting full of light and color.","rel":"","context":"Similar post","block_context":{"text":"Similar post","link":""},"img":{"alt_text":"Originalgem\u00e4lde \u201eSommertag\u201c von Borys Litovchenko, \u00d6l auf Leinwand, 50\u00d760 cm","src":"https:\/\/i0.wp.com\/artgallerykellershop.com\/wp-content\/uploads\/2025\/07\/Originalgemaelde-Sommertag-von-Borys-Litovchenko-Oel-auf-Leinwand-50%C3%9760-cm-scaled.jpg?fit=1200%2C989&ssl=1&resize=350%2C200","width":350,"height":200,"srcset":"https:\/\/i0.wp.com\/artgallerykellershop.com\/wp-content\/uploads\/2025\/07\/Originalgemaelde-Sommertag-von-Borys-Litovchenko-Oel-auf-Leinwand-50%C3%9760-cm-scaled.jpg?fit=1200%2C989&ssl=1&resize=350%2C200 1x, https:\/\/i0.wp.com\/artgallerykellershop.com\/wp-content\/uploads\/2025\/07\/Originalgemaelde-Sommertag-von-Borys-Litovchenko-Oel-auf-Leinwand-50%C3%9760-cm-scaled.jpg?fit=1200%2C989&ssl=1&resize=525%2C300 1.5x, https:\/\/i0.wp.com\/artgallerykellershop.com\/wp-content\/uploads\/2025\/07\/Originalgemaelde-Sommertag-von-Borys-Litovchenko-Oel-auf-Leinwand-50%C3%9760-cm-scaled.jpg?fit=1200%2C989&ssl=1&resize=700%2C400 2x, https:\/\/i0.wp.com\/artgallerykellershop.com\/wp-content\/uploads\/2025\/07\/Originalgemaelde-Sommertag-von-Borys-Litovchenko-Oel-auf-Leinwand-50%C3%9760-cm-scaled.jpg?fit=1200%2C989&ssl=1&resize=1050%2C600 3x"},"classes":[]},{"id":880,"url":"https:\/\/artgallerykellershop.com\/en\/product\/karlsruher-schlossgarten-impressionistische-farbpoesie\/","url_meta":{"origin":789,"position":2},"title":"Karlsruhe Palace Gardens - Impressionist color poetry","author":"admin","date":"05.10.2025","format":false,"excerpt":"Impressionist painting \u201eKarlsruher Schlossgarten\u201c by Andrii Chebotaru - a play of light, color and nature. Oil on canvas, 2019.","rel":"","context":"Similar post","block_context":{"text":"Similar post","link":""},"img":{"alt_text":"Gem\u00e4lde \u201eKarlsruher Schlossgarten\u201c von Andrii Chebotaru, \u00d6l auf Leinwand","src":"https:\/\/i0.wp.com\/artgallerykellershop.com\/wp-content\/uploads\/2025\/10\/Karlsruher-Schlossgarten.webp?fit=1200%2C950&ssl=1&resize=350%2C200","width":350,"height":200,"srcset":"https:\/\/i0.wp.com\/artgallerykellershop.com\/wp-content\/uploads\/2025\/10\/Karlsruher-Schlossgarten.webp?fit=1200%2C950&ssl=1&resize=350%2C200 1x, https:\/\/i0.wp.com\/artgallerykellershop.com\/wp-content\/uploads\/2025\/10\/Karlsruher-Schlossgarten.webp?fit=1200%2C950&ssl=1&resize=525%2C300 1.5x, https:\/\/i0.wp.com\/artgallerykellershop.com\/wp-content\/uploads\/2025\/10\/Karlsruher-Schlossgarten.webp?fit=1200%2C950&ssl=1&resize=700%2C400 2x, https:\/\/i0.wp.com\/artgallerykellershop.com\/wp-content\/uploads\/2025\/10\/Karlsruher-Schlossgarten.webp?fit=1200%2C950&ssl=1&resize=1050%2C600 3x"},"classes":[]},{"id":900,"url":"https:\/\/artgallerykellershop.com\/en\/product\/schlossgartensee-zu-karlsruhe-in-oel-auf-leinwand\/","url_meta":{"origin":789,"position":3},"title":"Schlossgartensee in Karlsruhe in oil on canvas","author":"admin","date":"08.10.2025","format":false,"excerpt":"Impressionist oil painting by Andrii Chebotaru, 2019, Schlossgartensee in Karlsruhe. Colorful play of light, water and nature. Ideal for galleries, living rooms or art collectors.","rel":"","context":"Similar post","block_context":{"text":"Similar post","link":""},"img":{"alt_text":"\u00d6lgem\u00e4lde, Schlossgartensee zu Karlsruhe in \u00d6l auf Leinwand, von Andrii Chebotaru, impressionistische Seelandschaft mit Wasserlilien und Schilf.","src":"https:\/\/i0.wp.com\/artgallerykellershop.com\/wp-content\/uploads\/2025\/10\/Schlossgartensee-zu-Karlsruhe-in-Oel-auf-Leinwand.webp?fit=1080%2C859&ssl=1&resize=350%2C200","width":350,"height":200,"srcset":"https:\/\/i0.wp.com\/artgallerykellershop.com\/wp-content\/uploads\/2025\/10\/Schlossgartensee-zu-Karlsruhe-in-Oel-auf-Leinwand.webp?fit=1080%2C859&ssl=1&resize=350%2C200 1x, https:\/\/i0.wp.com\/artgallerykellershop.com\/wp-content\/uploads\/2025\/10\/Schlossgartensee-zu-Karlsruhe-in-Oel-auf-Leinwand.webp?fit=1080%2C859&ssl=1&resize=525%2C300 1.5x, https:\/\/i0.wp.com\/artgallerykellershop.com\/wp-content\/uploads\/2025\/10\/Schlossgartensee-zu-Karlsruhe-in-Oel-auf-Leinwand.webp?fit=1080%2C859&ssl=1&resize=700%2C400 2x, https:\/\/i0.wp.com\/artgallerykellershop.com\/wp-content\/uploads\/2025\/10\/Schlossgartensee-zu-Karlsruhe-in-Oel-auf-Leinwand.webp?fit=1080%2C859&ssl=1&resize=1050%2C600 3x"},"classes":[]},{"id":38,"url":"https:\/\/artgallerykellershop.com\/en\/product\/sommermaedchen-mit-blumenkranz\/","url_meta":{"origin":789,"position":4},"title":"Summer girl with wreath of flowers - Poetry of the moment","author":"admin","date":"06.06.2025","format":false,"excerpt":"An emotional, impressionistic painting Summer Girl with a Wreath of Flowers by Aleksandr Korol full of warmth and poetry.","rel":"","context":"With 1 comment","block_context":{"text":"With 1 comment","link":"https:\/\/artgallerykellershop.com\/en\/product\/sommermaedchen-mit-blumenkranz\/#comments"},"img":{"alt_text":"Gem\u00e4lde eines M\u00e4dchens mit Blumenkranz und Katze im Arm, impressionistische Malerei von Aleksandr Korol mit warmen Farben und floraler Symbolik","src":"https:\/\/i0.wp.com\/artgallerykellershop.com\/wp-content\/uploads\/2025\/07\/Sommermaedchen-mit-Blumenkranz-und-Katze-romantisches-Gemaelde.png?fit=1200%2C590&ssl=1&resize=350%2C200","width":350,"height":200,"srcset":"https:\/\/i0.wp.com\/artgallerykellershop.com\/wp-content\/uploads\/2025\/07\/Sommermaedchen-mit-Blumenkranz-und-Katze-romantisches-Gemaelde.png?fit=1200%2C590&ssl=1&resize=350%2C200 1x, https:\/\/i0.wp.com\/artgallerykellershop.com\/wp-content\/uploads\/2025\/07\/Sommermaedchen-mit-Blumenkranz-und-Katze-romantisches-Gemaelde.png?fit=1200%2C590&ssl=1&resize=525%2C300 1.5x, https:\/\/i0.wp.com\/artgallerykellershop.com\/wp-content\/uploads\/2025\/07\/Sommermaedchen-mit-Blumenkranz-und-Katze-romantisches-Gemaelde.png?fit=1200%2C590&ssl=1&resize=700%2C400 2x, https:\/\/i0.wp.com\/artgallerykellershop.com\/wp-content\/uploads\/2025\/07\/Sommermaedchen-mit-Blumenkranz-und-Katze-romantisches-Gemaelde.png?fit=1200%2C590&ssl=1&resize=1050%2C600 3x"},"classes":[]},{"id":189,"url":"https:\/\/artgallerykellershop.com\/en\/product\/bluehender-obstbaum\/","url_meta":{"origin":789,"position":5},"title":"Flowering fruit tree in a sunny landscape","author":"admin","date":"12.06.2025","format":false,"excerpt":"A blossoming fruit tree in a light-flooded spring meadow, this impressionistic oil painting radiates tranquillity and closeness to nature.","rel":"","context":"Similar post","block_context":{"text":"Similar post","link":""},"img":{"alt_text":"Fr\u00fchlingslandschaft mit Bl\u00fctenbaum, Gem\u00e4lde aus der ARTgallery-Keller, \u00d6l auf Leinwand","src":"https:\/\/i0.wp.com\/artgallerykellershop.com\/wp-content\/uploads\/2025\/06\/Fruehling-von-Boris-Litovchenko.png?fit=1200%2C1087&ssl=1&resize=350%2C200","width":350,"height":200,"srcset":"https:\/\/i0.wp.com\/artgallerykellershop.com\/wp-content\/uploads\/2025\/06\/Fruehling-von-Boris-Litovchenko.png?fit=1200%2C1087&ssl=1&resize=350%2C200 1x, https:\/\/i0.wp.com\/artgallerykellershop.com\/wp-content\/uploads\/2025\/06\/Fruehling-von-Boris-Litovchenko.png?fit=1200%2C1087&ssl=1&resize=525%2C300 1.5x, https:\/\/i0.wp.com\/artgallerykellershop.com\/wp-content\/uploads\/2025\/06\/Fruehling-von-Boris-Litovchenko.png?fit=1200%2C1087&ssl=1&resize=700%2C400 2x, https:\/\/i0.wp.com\/artgallerykellershop.com\/wp-content\/uploads\/2025\/06\/Fruehling-von-Boris-Litovchenko.png?fit=1200%2C1087&ssl=1&resize=1050%2C600 3x"},"classes":[]}],"_links":{"self":[{"href":"https:\/\/artgallerykellershop.com\/en\/wp-json\/wp\/v2\/product\/789","targetHints":{"allow":["GET"]}}],"collection":[{"href":"https:\/\/artgallerykellershop.com\/en\/wp-json\/wp\/v2\/product"}],"about":[{"href":"https:\/\/artgallerykellershop.com\/en\/wp-json\/wp\/v2\/types\/product"}],"replies":[{"embeddable":true,"href":"https:\/\/artgallerykellershop.com\/en\/wp-json\/wp\/v2\/comments?post=789"}],"wp:featuredmedia":[{"embeddable":true,"href":"https:\/\/artgallerykellershop.com\/en\/wp-json\/wp\/v2\/media\/782"}],"wp:attachment":[{"href":"https:\/\/artgallerykellershop.com\/en\/wp-json\/wp\/v2\/media?parent=789"}],"wp:term":[{"taxonomy":"product_brand","embeddable":true,"href":"https:\/\/artgallerykellershop.com\/en\/wp-json\/wp\/v2\/product_brand?post=789"},{"taxonomy":"product_cat","embeddable":true,"href":"https:\/\/artgallerykellershop.com\/en\/wp-json\/wp\/v2\/product_cat?post=789"},{"taxonomy":"product_tag","embeddable":true,"href":"https:\/\/artgallerykellershop.com\/en\/wp-json\/wp\/v2\/product_tag?post=789"}],"curies":[{"name":"wp","href":"https:\/\/api.w.org\/{rel}","templated":true}]}}