{"id":790,"date":"2025-09-08T16:51:09","date_gmt":"2025-09-08T15:51:09","guid":{"rendered":"https:\/\/artgallerykellershop.com\/?post_type=product&#038;p=790"},"modified":"2025-09-08T16:51:10","modified_gmt":"2025-09-08T15:51:10","slug":"karlsruher-botanischer-garten-im-sommer","status":"publish","type":"product","link":"https:\/\/artgallerykellershop.com\/en\/product\/karlsruher-botanischer-garten-im-sommer\/","title":{"rendered":"Karlsruhe Botanical Garden in summer Oil painting Nikonenko"},"content":{"rendered":"<h2 data-start=\"160\" data-end=\"242\"><strong data-start=\"163\" data-end=\"242\">Karlsruhe Botanical Garden in summer - nature and architecture in harmony<\/strong><\/h2>\n<p data-start=\"244\" data-end=\"690\">A colorful intoxication of light, color and nature unfolds in the artist's impressionistic painting Karlsruhe Botanical Garden <strong data-start=\"360\" data-end=\"378\">Nina Nikonenko<\/strong>which <strong data-start=\"388\" data-end=\"420\">Karlsruhe Botanical Garden<\/strong> in the scene. In impasto, lively brushwork, she not only captures the abundance of a floral summer garden, but also embeds an architectural landmark of the city, the striking domed building, in a luminous interplay of flowers, light and green.<\/p>\n<p data-start=\"692\" data-end=\"1065\">The work invites you to linger, it does not unfold at a glance, but reveals its depth with each viewing. Summer lives in its most intense form in the dense layers of color: flooded with sunlight, fragrant, moved by the wind. The artist succeeds in blurring the boundary between figuration and atmosphere in a poetic way.<\/p>\n<h3 data-start=\"1067\" data-end=\"1128\"><strong data-start=\"1071\" data-end=\"1128\">Richness of detail and emotion - a summer picture with soul<\/strong><\/h3>\n<p data-start=\"1130\" data-end=\"1560\">A lush sea of flowers spreads out in the foreground of the Karlsruhe Botanical Garden, <strong data-start=\"1186\" data-end=\"1234\">Purple, red, white and pink flowers<\/strong> seem to literally grow out of the canvas. The bold, spatula-like painting style makes each blossom appear corporeal, as if its scent had been formed with paint. Behind it rises the gleaming yellow building with its classic arched windows, nestled between <strong data-start=\"1520\" data-end=\"1559\">Cypresses, bushes and lawns<\/strong>.<\/p>\n<p data-start=\"1562\" data-end=\"1881\">Nikonenko deliberately dispenses with photographic precision. Instead, she paints with a <strong data-start=\"1651\" data-end=\"1686\">impressionistic visual language<\/strong>in which movement, light and emotion combine to form a sensual whole. The color palette alternates between <strong data-start=\"1800\" data-end=\"1848\">Emerald green, citrus yellow, sky blue and ros\u00e9<\/strong>harmonious and cheerful at the same time.<\/p>\n<h4 data-start=\"1883\" data-end=\"1939\"><strong data-start=\"1887\" data-end=\"1939\">More than a landscape - a feeling of home<\/strong><\/h4>\n<p data-start=\"1941\" data-end=\"2207\">This work is far more than a mere depiction of nature. It is an emotional portrait of a place as it is preserved in the heart. The combination of nature, color and architecture creates a <strong data-start=\"2141\" data-end=\"2174\">visual homage to Karlsruhe - <\/strong>touching, bright, full of life.<\/p>\n<p data-start=\"2209\" data-end=\"2452\">A unique original painting that can be <strong data-start=\"2252\" data-end=\"2264\">Mural<\/strong> not only beautifies rooms, but also arouses emotions and is ideal for collectors.<em data-start=\"2337\" data-end=\"2355\">inside, lover<\/em>Impressionist painters and all those who feel a special connection to the fan-shaped city.<\/p>\n<p data-start=\"2209\" data-end=\"2452\"><a href=\"https:\/\/artgallerykellershop.com\/en\/shop\/\">Store - Artgallery Keller - Shop<\/a><\/p>\n<p data-start=\"2209\" data-end=\"2452\"><a href=\"https:\/\/de.wikipedia.org\/wiki\/Impressionismus_(Malerei)\">Impressionism (painting) - Wikipedia<\/a><\/p>","protected":false},"excerpt":{"rendered":"<p>A summery color festival of flowers, light and architecture by Nina Nikonenko transforms the Karlsruhe Botanical Garden into a poetic painting full of life.<br data-start=\"488\" data-end=\"491\" \/>Ideal for art lovers who want to see nature, city and emotion united in one work.<\/p>","protected":false},"featured_media":778,"comment_status":"closed","ping_status":"closed","template":"","meta":{"_acf_changed":false,"om_disable_all_campaigns":false,"_monsterinsights_skip_tracking":false,"_monsterinsights_sitenote_active":false,"_monsterinsights_sitenote_note":"","_monsterinsights_sitenote_category":0},"product_brand":[44],"product_cat":[63,21],"product_tag":[45,43,79,114,78],"class_list":{"0":"post-790","1":"product","2":"type-product","3":"status-publish","4":"has-post-thumbnail","6":"product_brand-artgallery-keller","7":"product_cat-impressionismus","8":"product_cat-moderne-kunst","9":"product_tag-impressionistische-kunst","10":"product_tag-kunstliebhaber","11":"product_tag-moderne-malerei","12":"product_tag-sammlerwerk","13":"product_tag-zeitgenoessische-ukrainische-kunst","15":"first","16":"instock","17":"taxable","18":"shipping-taxable","19":"purchasable","20":"product-type-simple"},"acf":[],"aioseo_notices":[],"jetpack_sharing_enabled":true,"jetpack-related-posts":[{"id":827,"url":"https:\/\/artgallerykellershop.com\/en\/product\/botanischer-garten-karlsruhe-mit-orangerie\/","url_meta":{"origin":790,"position":0},"title":"Karlsruhe Botanical Garden with Orangery","author":"admin","date":"14.09.2025","format":false,"excerpt":"Andrii Chebotaru oil painting' Visitors in the Botanical Garden Karlsruhe, (2019) combines historical architecture with a lively scene and colorful expressiveness.","rel":"","context":"Similar post","block_context":{"text":"Similar post","link":""},"img":{"alt_text":"Botanischer Garten Karlsruhe mit Orangerie, \u00d6lgem\u00e4lde 100 x 80 cm, expressionistische Malerei von Andrii Chebotaru","src":"https:\/\/i0.wp.com\/artgallerykellershop.com\/wp-content\/uploads\/2025\/09\/Botanischer-Garten-Karlsruher-.webp?fit=955%2C1200&ssl=1&resize=350%2C200","width":350,"height":200,"srcset":"https:\/\/i0.wp.com\/artgallerykellershop.com\/wp-content\/uploads\/2025\/09\/Botanischer-Garten-Karlsruher-.webp?fit=955%2C1200&ssl=1&resize=350%2C200 1x, https:\/\/i0.wp.com\/artgallerykellershop.com\/wp-content\/uploads\/2025\/09\/Botanischer-Garten-Karlsruher-.webp?fit=955%2C1200&ssl=1&resize=525%2C300 1.5x, https:\/\/i0.wp.com\/artgallerykellershop.com\/wp-content\/uploads\/2025\/09\/Botanischer-Garten-Karlsruher-.webp?fit=955%2C1200&ssl=1&resize=700%2C400 2x"},"classes":[]},{"id":900,"url":"https:\/\/artgallerykellershop.com\/en\/product\/schlossgartensee-zu-karlsruhe-in-oel-auf-leinwand\/","url_meta":{"origin":790,"position":1},"title":"Schlossgartensee in Karlsruhe in oil on canvas","author":"admin","date":"08.10.2025","format":false,"excerpt":"Impressionist oil painting by Andrii Chebotaru, 2019, Schlossgartensee in Karlsruhe. Colorful play of light, water and nature. Ideal for galleries, living rooms or art collectors.","rel":"","context":"Similar post","block_context":{"text":"Similar post","link":""},"img":{"alt_text":"\u00d6lgem\u00e4lde, Schlossgartensee zu Karlsruhe in \u00d6l auf Leinwand, von Andrii Chebotaru, impressionistische Seelandschaft mit Wasserlilien und Schilf.","src":"https:\/\/i0.wp.com\/artgallerykellershop.com\/wp-content\/uploads\/2025\/10\/Schlossgartensee-zu-Karlsruhe-in-Oel-auf-Leinwand.webp?fit=1080%2C859&ssl=1&resize=350%2C200","width":350,"height":200,"srcset":"https:\/\/i0.wp.com\/artgallerykellershop.com\/wp-content\/uploads\/2025\/10\/Schlossgartensee-zu-Karlsruhe-in-Oel-auf-Leinwand.webp?fit=1080%2C859&ssl=1&resize=350%2C200 1x, https:\/\/i0.wp.com\/artgallerykellershop.com\/wp-content\/uploads\/2025\/10\/Schlossgartensee-zu-Karlsruhe-in-Oel-auf-Leinwand.webp?fit=1080%2C859&ssl=1&resize=525%2C300 1.5x, https:\/\/i0.wp.com\/artgallerykellershop.com\/wp-content\/uploads\/2025\/10\/Schlossgartensee-zu-Karlsruhe-in-Oel-auf-Leinwand.webp?fit=1080%2C859&ssl=1&resize=700%2C400 2x, https:\/\/i0.wp.com\/artgallerykellershop.com\/wp-content\/uploads\/2025\/10\/Schlossgartensee-zu-Karlsruhe-in-Oel-auf-Leinwand.webp?fit=1080%2C859&ssl=1&resize=1050%2C600 3x"},"classes":[]},{"id":916,"url":"https:\/\/artgallerykellershop.com\/en\/product\/seerosenteich-im-schlossgarten\/","url_meta":{"origin":790,"position":2},"title":"Water lily pond in the castle garden","author":"admin","date":"20.10.2025","format":false,"excerpt":"The oil painting, Water lily pond in the palace garden in Karlsruhe, by Swetlana Kowal, 2017, shows the magic of a quiet summer's day in delicate colors. Light, water and nature merge into a poetic composition that radiates peace and harmony. Ideal for collectors and art lovers.","rel":"","context":"Similar post","block_context":{"text":"Similar post","link":""},"img":{"alt_text":"Originalgem\u00e4lde, Seerosenteich zu Karlsruhe, \u00d6l auf Leinwand von Svetlana Kowal","src":"https:\/\/i0.wp.com\/artgallerykellershop.com\/wp-content\/uploads\/2025\/10\/Seerosenteich-von-Swetlana-Kowal-Guntchenko-Oel-auf-Leinwand-35-x-45-cm-2017.webp?fit=884%2C683&ssl=1&resize=350%2C200","width":350,"height":200,"srcset":"https:\/\/i0.wp.com\/artgallerykellershop.com\/wp-content\/uploads\/2025\/10\/Seerosenteich-von-Swetlana-Kowal-Guntchenko-Oel-auf-Leinwand-35-x-45-cm-2017.webp?fit=884%2C683&ssl=1&resize=350%2C200 1x, https:\/\/i0.wp.com\/artgallerykellershop.com\/wp-content\/uploads\/2025\/10\/Seerosenteich-von-Swetlana-Kowal-Guntchenko-Oel-auf-Leinwand-35-x-45-cm-2017.webp?fit=884%2C683&ssl=1&resize=525%2C300 1.5x, https:\/\/i0.wp.com\/artgallerykellershop.com\/wp-content\/uploads\/2025\/10\/Seerosenteich-von-Swetlana-Kowal-Guntchenko-Oel-auf-Leinwand-35-x-45-cm-2017.webp?fit=884%2C683&ssl=1&resize=700%2C400 2x"},"classes":[]},{"id":880,"url":"https:\/\/artgallerykellershop.com\/en\/product\/karlsruher-schlossgarten-impressionistische-farbpoesie\/","url_meta":{"origin":790,"position":3},"title":"Karlsruhe Palace Gardens - Impressionist color poetry","author":"admin","date":"05.10.2025","format":false,"excerpt":"Impressionist painting \u201eKarlsruher Schlossgarten\u201c by Andrii Chebotaru - a play of light, color and nature. Oil on canvas, 2019.","rel":"","context":"Similar post","block_context":{"text":"Similar post","link":""},"img":{"alt_text":"Gem\u00e4lde \u201eKarlsruher Schlossgarten\u201c von Andrii Chebotaru, \u00d6l auf Leinwand","src":"https:\/\/i0.wp.com\/artgallerykellershop.com\/wp-content\/uploads\/2025\/10\/Karlsruher-Schlossgarten.webp?fit=1200%2C950&ssl=1&resize=350%2C200","width":350,"height":200,"srcset":"https:\/\/i0.wp.com\/artgallerykellershop.com\/wp-content\/uploads\/2025\/10\/Karlsruher-Schlossgarten.webp?fit=1200%2C950&ssl=1&resize=350%2C200 1x, https:\/\/i0.wp.com\/artgallerykellershop.com\/wp-content\/uploads\/2025\/10\/Karlsruher-Schlossgarten.webp?fit=1200%2C950&ssl=1&resize=525%2C300 1.5x, https:\/\/i0.wp.com\/artgallerykellershop.com\/wp-content\/uploads\/2025\/10\/Karlsruher-Schlossgarten.webp?fit=1200%2C950&ssl=1&resize=700%2C400 2x, https:\/\/i0.wp.com\/artgallerykellershop.com\/wp-content\/uploads\/2025\/10\/Karlsruher-Schlossgarten.webp?fit=1200%2C950&ssl=1&resize=1050%2C600 3x"},"classes":[]},{"id":728,"url":"https:\/\/artgallerykellershop.com\/en\/product\/musik-im-staatstheater-karlsruhe\/","url_meta":{"origin":790,"position":4},"title":"Music at the Staatstheater Karlsruhe - art meets sound","author":"admin","date":"25.08.2025","format":false,"excerpt":"Music at the Staatstheater Karlsruhe is not only a tribute to music and painting, but also a symbol of expressiveness and creativity.","rel":"","context":"Similar post","block_context":{"text":"Similar post","link":""},"img":{"alt_text":"\u00d6lgem\u00e4lde Musik II mit Horn, Violinen und Klarinetten in expressiver Malweise","src":"https:\/\/i0.wp.com\/artgallerykellershop.com\/wp-content\/uploads\/2025\/08\/Musik-II-im-Staatstheater-Karlsruhe-e1756749270532.webp?fit=1200%2C1003&ssl=1&resize=350%2C200","width":350,"height":200,"srcset":"https:\/\/i0.wp.com\/artgallerykellershop.com\/wp-content\/uploads\/2025\/08\/Musik-II-im-Staatstheater-Karlsruhe-e1756749270532.webp?fit=1200%2C1003&ssl=1&resize=350%2C200 1x, https:\/\/i0.wp.com\/artgallerykellershop.com\/wp-content\/uploads\/2025\/08\/Musik-II-im-Staatstheater-Karlsruhe-e1756749270532.webp?fit=1200%2C1003&ssl=1&resize=525%2C300 1.5x, https:\/\/i0.wp.com\/artgallerykellershop.com\/wp-content\/uploads\/2025\/08\/Musik-II-im-Staatstheater-Karlsruhe-e1756749270532.webp?fit=1200%2C1003&ssl=1&resize=700%2C400 2x, https:\/\/i0.wp.com\/artgallerykellershop.com\/wp-content\/uploads\/2025\/08\/Musik-II-im-Staatstheater-Karlsruhe-e1756749270532.webp?fit=1200%2C1003&ssl=1&resize=1050%2C600 3x"},"classes":[]},{"id":803,"url":"https:\/\/artgallerykellershop.com\/en\/product\/badisches-staatstheater-karlsruhe-v-von-nina-nikonenko\/","url_meta":{"origin":790,"position":5},"title":"Badisches Staatstheater Karlsruhe V by Nina Nikonenko","author":"admin","date":"09.09.2025","format":false,"excerpt":"Three musicians at play: saxophone, trumpets and emotion on canvas. A painting that combines sound, color and silence to create a powerful experience.","rel":"","context":"Similar post","block_context":{"text":"Similar post","link":""},"img":{"alt_text":"\u00d6lgem\u00e4lde von Nina Nikonenko: Musiker im Orchester mit Trompete und Saxophon \u2013 Serie Musik im Badischen Staatstheater","src":"https:\/\/i0.wp.com\/artgallerykellershop.com\/wp-content\/uploads\/2025\/08\/Kunst-und-Jazz-90x130-V-e1756737882857.webp?fit=1200%2C816&ssl=1&resize=350%2C200","width":350,"height":200,"srcset":"https:\/\/i0.wp.com\/artgallerykellershop.com\/wp-content\/uploads\/2025\/08\/Kunst-und-Jazz-90x130-V-e1756737882857.webp?fit=1200%2C816&ssl=1&resize=350%2C200 1x, https:\/\/i0.wp.com\/artgallerykellershop.com\/wp-content\/uploads\/2025\/08\/Kunst-und-Jazz-90x130-V-e1756737882857.webp?fit=1200%2C816&ssl=1&resize=525%2C300 1.5x, https:\/\/i0.wp.com\/artgallerykellershop.com\/wp-content\/uploads\/2025\/08\/Kunst-und-Jazz-90x130-V-e1756737882857.webp?fit=1200%2C816&ssl=1&resize=700%2C400 2x, https:\/\/i0.wp.com\/artgallerykellershop.com\/wp-content\/uploads\/2025\/08\/Kunst-und-Jazz-90x130-V-e1756737882857.webp?fit=1200%2C816&ssl=1&resize=1050%2C600 3x"},"classes":[]}],"_links":{"self":[{"href":"https:\/\/artgallerykellershop.com\/en\/wp-json\/wp\/v2\/product\/790","targetHints":{"allow":["GET"]}}],"collection":[{"href":"https:\/\/artgallerykellershop.com\/en\/wp-json\/wp\/v2\/product"}],"about":[{"href":"https:\/\/artgallerykellershop.com\/en\/wp-json\/wp\/v2\/types\/product"}],"replies":[{"embeddable":true,"href":"https:\/\/artgallerykellershop.com\/en\/wp-json\/wp\/v2\/comments?post=790"}],"wp:featuredmedia":[{"embeddable":true,"href":"https:\/\/artgallerykellershop.com\/en\/wp-json\/wp\/v2\/media\/778"}],"wp:attachment":[{"href":"https:\/\/artgallerykellershop.com\/en\/wp-json\/wp\/v2\/media?parent=790"}],"wp:term":[{"taxonomy":"product_brand","embeddable":true,"href":"https:\/\/artgallerykellershop.com\/en\/wp-json\/wp\/v2\/product_brand?post=790"},{"taxonomy":"product_cat","embeddable":true,"href":"https:\/\/artgallerykellershop.com\/en\/wp-json\/wp\/v2\/product_cat?post=790"},{"taxonomy":"product_tag","embeddable":true,"href":"https:\/\/artgallerykellershop.com\/en\/wp-json\/wp\/v2\/product_tag?post=790"}],"curies":[{"name":"wp","href":"https:\/\/api.w.org\/{rel}","templated":true}]}}