{"id":800,"date":"2025-09-09T09:18:39","date_gmt":"2025-09-09T08:18:39","guid":{"rendered":"https:\/\/artgallerykellershop.com\/?post_type=product&#038;p=800"},"modified":"2025-11-07T05:49:17","modified_gmt":"2025-11-07T04:49:17","slug":"badisches-staatstheater-karlsruhe-vii-klang-interpretation","status":"publish","type":"product","link":"https:\/\/artgallerykellershop.com\/en\/product\/badisches-staatstheater-karlsruhe-vii-klang-interpretation\/","title":{"rendered":"Badisches Staatstheater Karlsruhe VII Sound Interpretation"},"content":{"rendered":"<h2 data-start=\"279\" data-end=\"363\">Badisches Staatstheater Karlsruhe VII, Sound Interpretation<\/h2>\n<p data-start=\"365\" data-end=\"653\">The painting <em data-start=\"377\" data-end=\"416\">Baden State Theater Karlsruhe VII<\/em> from <strong data-start=\"421\" data-end=\"439\">Nina Nikonenko<\/strong> shows far more than just instruments. It is a pictorial realization of sound, rhythm and space. This work is part of a series in which the artist celebrates the world of music and the atmosphere of stages.<\/p>\n<p data-start=\"655\" data-end=\"1071\">In the upper part of the picture you can see several <strong data-start=\"701\" data-end=\"715\">Transverse flutes<\/strong>. They run almost weightlessly through the composition in silvery white. They float across the canvas like waves of sound. Below them, an abstract <strong data-start=\"875\" data-end=\"887\">Saxophone<\/strong> stands out clearly. It is boldly drawn and is embedded in a luminous field of <strong data-start=\"981\" data-end=\"1011\">Cobalt blue, ochre and gold<\/strong>. The colors are reminiscent of the warm illumination of a stage.<\/p>\n<h3 data-start=\"1073\" data-end=\"1113\">Expression through color and structure<\/h3>\n<p data-start=\"1115\" data-end=\"1446\">Nikonenko works with a distinctive <strong data-start=\"1157\" data-end=\"1176\">Filler technique<\/strong>. Her application of paint is dynamic and powerful. This makes the surface appear almost three-dimensional, almost as if you could feel the sounds. The painting is not a still life, but a moment in motion. It seems as if the sound has just faded away and is still in the air.<\/p>\n<p data-start=\"1448\" data-end=\"1767\">The painter deliberately sets <strong data-start=\"1474\" data-end=\"1487\">Contrasts<\/strong> a. Smooth surfaces in the background emphasize the instruments in the foreground. Cool blue tones stand next to warm yellow and gold. This combination of colors creates a strong effect. They combine to form a visual chord that guides the eye - almost like an invisible score.<\/p>\n<h3 data-start=\"1769\" data-end=\"1833\">For all those who not only want to hear music, but also see it<\/h3>\n<p data-start=\"1835\" data-end=\"2096\">This work of art is ideal for people who love music. Whether through your own playing, conscious listening or a fascination for the theater, this picture appeals on many levels. It fits perfectly in music rooms, studios, foyers or creative retreats.<\/p>\n<p data-start=\"2098\" data-end=\"2252\"><em data-start=\"2098\" data-end=\"2137\">Baden State Theater Karlsruhe VII<\/em> makes sound visible. It is an emotional moment, captured in color. This picture inspires again and again.<\/p>\n<p><a href=\"https:\/\/artgallerykellershop.com\/en\/kunstler\/\">Artists - Artgallery Keller - Shop<\/a><\/p>\n<p><a href=\"https:\/\/de.wikipedia.org\/wiki\/Expressionismus\">Expressionism - Wikipedia<\/a><\/p>","protected":false},"excerpt":{"rendered":"<p>Saxophone and flutes merge in this expressive oil painting to create a colorful soundscape - ideal for music lovers with a sense of art.<\/p>","protected":false},"featured_media":742,"comment_status":"closed","ping_status":"closed","template":"","meta":{"_acf_changed":false,"om_disable_all_campaigns":false,"_monsterinsights_skip_tracking":false,"_monsterinsights_sitenote_active":false,"_monsterinsights_sitenote_note":"","_monsterinsights_sitenote_category":0},"product_brand":[44],"product_cat":[124,21,133,132],"product_tag":[48,43,79,114,78],"class_list":{"0":"post-800","1":"product","2":"type-product","3":"status-publish","4":"has-post-thumbnail","6":"product_brand-artgallery-keller","7":"product_cat-expressionismus","8":"product_cat-moderne-kunst","9":"product_cat-symbolische-malerei","10":"product_cat-zeitgenoessische-kunst","11":"product_tag-kunst-fuer-wohnzimmer","12":"product_tag-kunstliebhaber","13":"product_tag-moderne-malerei","14":"product_tag-sammlerwerk","15":"product_tag-zeitgenoessische-ukrainische-kunst","17":"first","18":"instock","19":"taxable","20":"shipping-taxable","21":"purchasable","22":"product-type-simple"},"acf":[],"aioseo_notices":[],"jetpack_sharing_enabled":true,"jetpack-related-posts":[{"id":803,"url":"https:\/\/artgallerykellershop.com\/en\/product\/badisches-staatstheater-karlsruhe-v-von-nina-nikonenko\/","url_meta":{"origin":800,"position":0},"title":"Badisches Staatstheater Karlsruhe V by Nina Nikonenko","author":"admin","date":"09.09.2025","format":false,"excerpt":"Three musicians at play: saxophone, trumpets and emotion on canvas. A painting that combines sound, color and silence to create a powerful experience.","rel":"","context":"Similar post","block_context":{"text":"Similar post","link":""},"img":{"alt_text":"\u00d6lgem\u00e4lde von Nina Nikonenko: Musiker im Orchester mit Trompete und Saxophon \u2013 Serie Musik im Badischen Staatstheater","src":"https:\/\/i0.wp.com\/artgallerykellershop.com\/wp-content\/uploads\/2025\/08\/Kunst-und-Jazz-90x130-V-e1756737882857.webp?fit=1200%2C816&ssl=1&resize=350%2C200","width":350,"height":200,"srcset":"https:\/\/i0.wp.com\/artgallerykellershop.com\/wp-content\/uploads\/2025\/08\/Kunst-und-Jazz-90x130-V-e1756737882857.webp?fit=1200%2C816&ssl=1&resize=350%2C200 1x, https:\/\/i0.wp.com\/artgallerykellershop.com\/wp-content\/uploads\/2025\/08\/Kunst-und-Jazz-90x130-V-e1756737882857.webp?fit=1200%2C816&ssl=1&resize=525%2C300 1.5x, https:\/\/i0.wp.com\/artgallerykellershop.com\/wp-content\/uploads\/2025\/08\/Kunst-und-Jazz-90x130-V-e1756737882857.webp?fit=1200%2C816&ssl=1&resize=700%2C400 2x, https:\/\/i0.wp.com\/artgallerykellershop.com\/wp-content\/uploads\/2025\/08\/Kunst-und-Jazz-90x130-V-e1756737882857.webp?fit=1200%2C816&ssl=1&resize=1050%2C600 3x"},"classes":[]},{"id":802,"url":"https:\/\/artgallerykellershop.com\/en\/product\/badisches-staatstheater-karlsruhe-vi\/","url_meta":{"origin":800,"position":1},"title":"Badisches Staatstheater Karlsruhe VI Music in shades of color","author":"admin","date":"10.09.2025","format":false,"excerpt":"<\/strong> Lively oil painting from 2016. Saxophones, trumpets and grand pianos merge into a visual symphony in blue, gold and white.","rel":"","context":"Similar post","block_context":{"text":"Similar post","link":""},"img":{"alt_text":"\u00d6lgem\u00e4lde von Nina Nikonenko: Saxophon und Trompete vor einem Fl\u00fcgel \u2013 Serie Musik im Badischen Staatstheater","src":"https:\/\/i0.wp.com\/artgallerykellershop.com\/wp-content\/uploads\/2025\/08\/Staatstheater-VI-e1756739864204.webp?fit=1200%2C830&ssl=1&resize=350%2C200","width":350,"height":200,"srcset":"https:\/\/i0.wp.com\/artgallerykellershop.com\/wp-content\/uploads\/2025\/08\/Staatstheater-VI-e1756739864204.webp?fit=1200%2C830&ssl=1&resize=350%2C200 1x, https:\/\/i0.wp.com\/artgallerykellershop.com\/wp-content\/uploads\/2025\/08\/Staatstheater-VI-e1756739864204.webp?fit=1200%2C830&ssl=1&resize=525%2C300 1.5x, https:\/\/i0.wp.com\/artgallerykellershop.com\/wp-content\/uploads\/2025\/08\/Staatstheater-VI-e1756739864204.webp?fit=1200%2C830&ssl=1&resize=700%2C400 2x, https:\/\/i0.wp.com\/artgallerykellershop.com\/wp-content\/uploads\/2025\/08\/Staatstheater-VI-e1756739864204.webp?fit=1200%2C830&ssl=1&resize=1050%2C600 3x"},"classes":[]},{"id":595,"url":"https:\/\/artgallerykellershop.com\/en\/product\/musik-im-badischen-staatstheater-karlsruhe-nina-nikonenko\/","url_meta":{"origin":800,"position":2},"title":"Music at the Badisches Staatstheater Karlsruhe - Nina Nikonenko","author":"admin","date":"03.08.2025","format":false,"excerpt":"Musik im Badischen Staatstheater Karlsruhe by Nina Nikonenko, celebrates the saxophone as the soul of jazz with a glowing play of musical colors - red and orange.","rel":"","context":"Similar post","block_context":{"text":"Similar post","link":""},"img":{"alt_text":"Dieses Bild ist nicht nur eine virtuose Maltechnik, sondern der Umstand, dass es den Moment zwischen Klang und Stille einf\u00e4ngt.","src":"https:\/\/i0.wp.com\/artgallerykellershop.com\/wp-content\/uploads\/2025\/08\/Musik-im-Badischen-Staatstheater-Karlsruhe-Oel-auf-Leinwand-2016-von-Nina-Nikonenko.png?fit=1200%2C812&ssl=1&resize=350%2C200","width":350,"height":200,"srcset":"https:\/\/i0.wp.com\/artgallerykellershop.com\/wp-content\/uploads\/2025\/08\/Musik-im-Badischen-Staatstheater-Karlsruhe-Oel-auf-Leinwand-2016-von-Nina-Nikonenko.png?fit=1200%2C812&ssl=1&resize=350%2C200 1x, https:\/\/i0.wp.com\/artgallerykellershop.com\/wp-content\/uploads\/2025\/08\/Musik-im-Badischen-Staatstheater-Karlsruhe-Oel-auf-Leinwand-2016-von-Nina-Nikonenko.png?fit=1200%2C812&ssl=1&resize=525%2C300 1.5x, https:\/\/i0.wp.com\/artgallerykellershop.com\/wp-content\/uploads\/2025\/08\/Musik-im-Badischen-Staatstheater-Karlsruhe-Oel-auf-Leinwand-2016-von-Nina-Nikonenko.png?fit=1200%2C812&ssl=1&resize=700%2C400 2x, https:\/\/i0.wp.com\/artgallerykellershop.com\/wp-content\/uploads\/2025\/08\/Musik-im-Badischen-Staatstheater-Karlsruhe-Oel-auf-Leinwand-2016-von-Nina-Nikonenko.png?fit=1200%2C812&ssl=1&resize=1050%2C600 3x"},"classes":[]},{"id":728,"url":"https:\/\/artgallerykellershop.com\/en\/product\/musik-im-staatstheater-karlsruhe\/","url_meta":{"origin":800,"position":3},"title":"Music at the Staatstheater Karlsruhe - art meets sound","author":"admin","date":"25.08.2025","format":false,"excerpt":"Music at the Staatstheater Karlsruhe is not only a tribute to music and painting, but also a symbol of expressiveness and creativity.","rel":"","context":"Similar post","block_context":{"text":"Similar post","link":""},"img":{"alt_text":"\u00d6lgem\u00e4lde Musik II mit Horn, Violinen und Klarinetten in expressiver Malweise","src":"https:\/\/i0.wp.com\/artgallerykellershop.com\/wp-content\/uploads\/2025\/08\/Musik-II-im-Staatstheater-Karlsruhe-e1756749270532.webp?fit=1200%2C1003&ssl=1&resize=350%2C200","width":350,"height":200,"srcset":"https:\/\/i0.wp.com\/artgallerykellershop.com\/wp-content\/uploads\/2025\/08\/Musik-II-im-Staatstheater-Karlsruhe-e1756749270532.webp?fit=1200%2C1003&ssl=1&resize=350%2C200 1x, https:\/\/i0.wp.com\/artgallerykellershop.com\/wp-content\/uploads\/2025\/08\/Musik-II-im-Staatstheater-Karlsruhe-e1756749270532.webp?fit=1200%2C1003&ssl=1&resize=525%2C300 1.5x, https:\/\/i0.wp.com\/artgallerykellershop.com\/wp-content\/uploads\/2025\/08\/Musik-II-im-Staatstheater-Karlsruhe-e1756749270532.webp?fit=1200%2C1003&ssl=1&resize=700%2C400 2x, https:\/\/i0.wp.com\/artgallerykellershop.com\/wp-content\/uploads\/2025\/08\/Musik-II-im-Staatstheater-Karlsruhe-e1756749270532.webp?fit=1200%2C1003&ssl=1&resize=1050%2C600 3x"},"classes":[]},{"id":766,"url":"https:\/\/artgallerykellershop.com\/en\/product\/musik-im-badischen-staatstheater-von-nina-nikonenko\/","url_meta":{"origin":800,"position":4},"title":"Music at the Badisches Staatstheater by Nina Nikonenko","author":"admin","date":"06.09.2025","format":false,"excerpt":"Musik im Badischen Staatstheater by Nina Nikonenko shows instruments in vivid colors. A work that combines music and painting - powerful, modern and full of expression.","rel":"","context":"Similar post","block_context":{"text":"Similar post","link":""},"img":{"alt_text":"\u00d6lgem\u00e4lde Musik III mit Horn, Violinen in expressiver Malweise","src":"https:\/\/i0.wp.com\/artgallerykellershop.com\/wp-content\/uploads\/2025\/08\/Staatstheator-Karlsuhe-von-Nina-Nikonenko.webp?fit=1200%2C1007&ssl=1&resize=350%2C200","width":350,"height":200,"srcset":"https:\/\/i0.wp.com\/artgallerykellershop.com\/wp-content\/uploads\/2025\/08\/Staatstheator-Karlsuhe-von-Nina-Nikonenko.webp?fit=1200%2C1007&ssl=1&resize=350%2C200 1x, https:\/\/i0.wp.com\/artgallerykellershop.com\/wp-content\/uploads\/2025\/08\/Staatstheator-Karlsuhe-von-Nina-Nikonenko.webp?fit=1200%2C1007&ssl=1&resize=525%2C300 1.5x, https:\/\/i0.wp.com\/artgallerykellershop.com\/wp-content\/uploads\/2025\/08\/Staatstheator-Karlsuhe-von-Nina-Nikonenko.webp?fit=1200%2C1007&ssl=1&resize=700%2C400 2x, https:\/\/i0.wp.com\/artgallerykellershop.com\/wp-content\/uploads\/2025\/08\/Staatstheator-Karlsuhe-von-Nina-Nikonenko.webp?fit=1200%2C1007&ssl=1&resize=1050%2C600 3x"},"classes":[]},{"id":788,"url":"https:\/\/artgallerykellershop.com\/en\/product\/saxophon-musik-in-farben\/","url_meta":{"origin":800,"position":5},"title":"Saxophone music in colors at Staatstheater Karlsruhe","author":"admin","date":"08.09.2025","format":false,"excerpt":"Sound as color, a powerful saxophone painting in oil, dynamic, tactile, collectible.","rel":"","context":"Similar post","block_context":{"text":"Similar post","link":""},"img":{"alt_text":"\u00d6lgem\u00e4lde mit Saxophon in expressiver Malweise, kr\u00e4ftige Farben Rot und Gelb","src":"https:\/\/i0.wp.com\/artgallerykellershop.com\/wp-content\/uploads\/2025\/09\/Saxophone-vor-dem-Konzert-in-Karlsruhe.webp?fit=959%2C1200&ssl=1&resize=350%2C200","width":350,"height":200,"srcset":"https:\/\/i0.wp.com\/artgallerykellershop.com\/wp-content\/uploads\/2025\/09\/Saxophone-vor-dem-Konzert-in-Karlsruhe.webp?fit=959%2C1200&ssl=1&resize=350%2C200 1x, https:\/\/i0.wp.com\/artgallerykellershop.com\/wp-content\/uploads\/2025\/09\/Saxophone-vor-dem-Konzert-in-Karlsruhe.webp?fit=959%2C1200&ssl=1&resize=525%2C300 1.5x, https:\/\/i0.wp.com\/artgallerykellershop.com\/wp-content\/uploads\/2025\/09\/Saxophone-vor-dem-Konzert-in-Karlsruhe.webp?fit=959%2C1200&ssl=1&resize=700%2C400 2x"},"classes":[]}],"_links":{"self":[{"href":"https:\/\/artgallerykellershop.com\/en\/wp-json\/wp\/v2\/product\/800","targetHints":{"allow":["GET"]}}],"collection":[{"href":"https:\/\/artgallerykellershop.com\/en\/wp-json\/wp\/v2\/product"}],"about":[{"href":"https:\/\/artgallerykellershop.com\/en\/wp-json\/wp\/v2\/types\/product"}],"replies":[{"embeddable":true,"href":"https:\/\/artgallerykellershop.com\/en\/wp-json\/wp\/v2\/comments?post=800"}],"wp:featuredmedia":[{"embeddable":true,"href":"https:\/\/artgallerykellershop.com\/en\/wp-json\/wp\/v2\/media\/742"}],"wp:attachment":[{"href":"https:\/\/artgallerykellershop.com\/en\/wp-json\/wp\/v2\/media?parent=800"}],"wp:term":[{"taxonomy":"product_brand","embeddable":true,"href":"https:\/\/artgallerykellershop.com\/en\/wp-json\/wp\/v2\/product_brand?post=800"},{"taxonomy":"product_cat","embeddable":true,"href":"https:\/\/artgallerykellershop.com\/en\/wp-json\/wp\/v2\/product_cat?post=800"},{"taxonomy":"product_tag","embeddable":true,"href":"https:\/\/artgallerykellershop.com\/en\/wp-json\/wp\/v2\/product_tag?post=800"}],"curies":[{"name":"wp","href":"https:\/\/api.w.org\/{rel}","templated":true}]}}