{"id":827,"date":"2025-09-14T21:29:45","date_gmt":"2025-09-14T20:29:45","guid":{"rendered":"https:\/\/artgallerykellershop.com\/?post_type=product&#038;p=827"},"modified":"2025-11-07T05:53:20","modified_gmt":"2025-11-07T04:53:20","slug":"botanischer-garten-karlsruhe-mit-orangerie","status":"publish","type":"product","link":"https:\/\/artgallerykellershop.com\/en\/product\/botanischer-garten-karlsruhe-mit-orangerie\/","title":{"rendered":"Karlsruhe Botanical Garden with Orangery"},"content":{"rendered":"<h2>Botanischer Garten Karlsruhe - Expressive oil painting full of life<\/h2>\n<p data-start=\"352\" data-end=\"863\">The painting Botanischer Garten Karlsruhe by Andrii Chebotaru was created in 2019 as part of the \"Plein air Kunst in Baden\" project. It shows the Orangerie, a historic building of great cultural significance, and combines it with the lively scene of visitors enjoying the garden. Even at first glance, an atmosphere full of energy, color and harmony unfolds. The work also acts as an invitation to enter the scene and experience the moment.<\/p>\n<h3>The orangery as the central motif of the Karlsruhe Botanical Garden<\/h3>\n<p data-start=\"938\" data-end=\"1505\">The Orangerie rises up in the background with its impressive red fa\u00e7ade and striking dome. Originally built as winter quarters for exotic plants and as a venue for social events, it now serves as an exhibition space for the Staatliche Kunsthalle Karlsruhe. It is therefore not only an architectural highlight, but also a symbol of the city's cultural diversity. In this painting, architecture is not only depicted as a building, but also as a living symbol of history and culture.<\/p>\n<h3>Coloring and painting technique<\/h3>\n<p data-start=\"1539\" data-end=\"2044\">Chebotaru works with bold, impasto applications of paint. The rich reds of the orangery stand in stark contrast to the vibrant greens of the garden. In addition, bright blue and light yellow tones create strong accents that make light and movement tangible. Every brushstroke remains visible and therefore makes a decisive contribution to the dynamism of the overall work. Furthermore, the expressive technique creates the impression that the picture is pulsating and breathing life at the moment of painting.<\/p>\n<h3>Atmosphere and mood<\/h3>\n<p data-start=\"2076\" data-end=\"2535\">The visitors in the foreground lend closeness and humanity to the scene. They stroll, linger and enjoy the sunny day. This creates a warm, inviting atmosphere that conveys peace and joy at the same time. Nevertheless, the monumental architecture remains present in the background, creating a balance between nature, culture and people. The work also conveys a sense of freedom, encounter and cultural openness.<\/p>\n<h3>Use and inspiration<\/h3>\n<p data-start=\"2570\" data-end=\"3111\">This oil painting is not only decorative, but also has a strong narrative. It is ideal for galleries, private collections or as an impressive gift. It also brings joie de vivre and colorful energy into living rooms, offices or practice rooms. This is why \"Visitors to the Karlsruhe Botanical Garden\" is a work of art that enlivens rooms, tells stories and inspires the viewer time and again. After all, it unites past and present, nature and architecture, people and culture in a harmonious expression.<\/p>\n<p><a href=\"https:\/\/de.wikipedia.org\/wiki\/Orangerie_(Karlsruhe)\">Orangery (Karlsruhe) - Wikipedia<\/a><\/p>\n<p><a href=\"https:\/\/de.wikipedia.org\/wiki\/Freilichtmalerei\">Open-air painting - Wikipedia<\/a><\/p>\n<p><a href=\"https:\/\/artgallerykellershop.com\/en\/product\/karlsruher-botanischer-garten-im-sommer\/\">Karlsruhe Botanical Garden in summer Oil painting Nikonenko<\/a><\/p>","protected":false},"excerpt":{"rendered":"<p>Andrii Chebotaru oil painting' Visitors in the Botanical Garden Karlsruhe, (2019) combines historical architecture with a lively scene and colorful expressiveness.<\/p>","protected":false},"featured_media":822,"comment_status":"closed","ping_status":"closed","template":"","meta":{"_acf_changed":false,"om_disable_all_campaigns":false,"_monsterinsights_skip_tracking":false,"_monsterinsights_sitenote_active":false,"_monsterinsights_sitenote_note":"","_monsterinsights_sitenote_category":0},"product_brand":[44],"product_cat":[124,21,132],"product_tag":[95,125,43,79,49,55,114],"class_list":{"0":"post-827","1":"product","2":"type-product","3":"status-publish","4":"has-post-thumbnail","6":"product_brand-artgallery-keller","7":"product_cat-expressionismus","8":"product_cat-moderne-kunst","9":"product_cat-zeitgenoessische-kunst","10":"product_tag-expressionismus","11":"product_tag-expressive-malerei","12":"product_tag-kunstliebhaber","13":"product_tag-moderne-malerei","14":"product_tag-plein-air-kunst","15":"product_tag-plein-air-kunstwerk","16":"product_tag-sammlerwerk","18":"first","19":"instock","20":"taxable","21":"shipping-taxable","22":"purchasable","23":"product-type-simple"},"acf":[],"aioseo_notices":[],"jetpack_sharing_enabled":true,"jetpack-related-posts":[{"id":790,"url":"https:\/\/artgallerykellershop.com\/en\/product\/karlsruher-botanischer-garten-im-sommer\/","url_meta":{"origin":827,"position":0},"title":"Karlsruhe Botanical Garden in summer Oil painting Nikonenko","author":"admin","date":"08.09.2025","format":false,"excerpt":"A summery color festival of blossoms, light and architecture by Nina Nikonenko transforms the Karlsruhe Botanical Garden into a poetic painting full of life, ideal for art lovers who want to see nature, city and emotion united in one work.","rel":"","context":"Similar post","block_context":{"text":"Similar post","link":""},"img":{"alt_text":"\u00d6lgem\u00e4lde Schlossgarten Karlsruhe mit Blumen, Kuppel und barocker Architektur","src":"https:\/\/i0.wp.com\/artgallerykellershop.com\/wp-content\/uploads\/2025\/09\/Botanischer-Garten-Karlsruhe-von-Nina-Nikonenko-1.webp?fit=1200%2C870&ssl=1&resize=350%2C200","width":350,"height":200,"srcset":"https:\/\/i0.wp.com\/artgallerykellershop.com\/wp-content\/uploads\/2025\/09\/Botanischer-Garten-Karlsruhe-von-Nina-Nikonenko-1.webp?fit=1200%2C870&ssl=1&resize=350%2C200 1x, https:\/\/i0.wp.com\/artgallerykellershop.com\/wp-content\/uploads\/2025\/09\/Botanischer-Garten-Karlsruhe-von-Nina-Nikonenko-1.webp?fit=1200%2C870&ssl=1&resize=525%2C300 1.5x, https:\/\/i0.wp.com\/artgallerykellershop.com\/wp-content\/uploads\/2025\/09\/Botanischer-Garten-Karlsruhe-von-Nina-Nikonenko-1.webp?fit=1200%2C870&ssl=1&resize=700%2C400 2x, https:\/\/i0.wp.com\/artgallerykellershop.com\/wp-content\/uploads\/2025\/09\/Botanischer-Garten-Karlsruhe-von-Nina-Nikonenko-1.webp?fit=1200%2C870&ssl=1&resize=1050%2C600 3x"},"classes":[]},{"id":900,"url":"https:\/\/artgallerykellershop.com\/en\/product\/schlossgartensee-zu-karlsruhe-in-oel-auf-leinwand\/","url_meta":{"origin":827,"position":1},"title":"Schlossgartensee in Karlsruhe in oil on canvas","author":"admin","date":"08.10.2025","format":false,"excerpt":"Impressionist oil painting by Andrii Chebotaru, 2019, Schlossgartensee in Karlsruhe. Colorful play of light, water and nature. Ideal for galleries, living rooms or art collectors.","rel":"","context":"Similar post","block_context":{"text":"Similar post","link":""},"img":{"alt_text":"\u00d6lgem\u00e4lde, Schlossgartensee zu Karlsruhe in \u00d6l auf Leinwand, von Andrii Chebotaru, impressionistische Seelandschaft mit Wasserlilien und Schilf.","src":"https:\/\/i0.wp.com\/artgallerykellershop.com\/wp-content\/uploads\/2025\/10\/Schlossgartensee-zu-Karlsruhe-in-Oel-auf-Leinwand.webp?fit=1080%2C859&ssl=1&resize=350%2C200","width":350,"height":200,"srcset":"https:\/\/i0.wp.com\/artgallerykellershop.com\/wp-content\/uploads\/2025\/10\/Schlossgartensee-zu-Karlsruhe-in-Oel-auf-Leinwand.webp?fit=1080%2C859&ssl=1&resize=350%2C200 1x, https:\/\/i0.wp.com\/artgallerykellershop.com\/wp-content\/uploads\/2025\/10\/Schlossgartensee-zu-Karlsruhe-in-Oel-auf-Leinwand.webp?fit=1080%2C859&ssl=1&resize=525%2C300 1.5x, https:\/\/i0.wp.com\/artgallerykellershop.com\/wp-content\/uploads\/2025\/10\/Schlossgartensee-zu-Karlsruhe-in-Oel-auf-Leinwand.webp?fit=1080%2C859&ssl=1&resize=700%2C400 2x, https:\/\/i0.wp.com\/artgallerykellershop.com\/wp-content\/uploads\/2025\/10\/Schlossgartensee-zu-Karlsruhe-in-Oel-auf-Leinwand.webp?fit=1080%2C859&ssl=1&resize=1050%2C600 3x"},"classes":[]},{"id":880,"url":"https:\/\/artgallerykellershop.com\/en\/product\/karlsruher-schlossgarten-impressionistische-farbpoesie\/","url_meta":{"origin":827,"position":2},"title":"Karlsruhe Palace Gardens - Impressionist color poetry","author":"admin","date":"05.10.2025","format":false,"excerpt":"Impressionist painting \u201eKarlsruher Schlossgarten\u201c by Andrii Chebotaru - a play of light, color and nature. Oil on canvas, 2019.","rel":"","context":"Similar post","block_context":{"text":"Similar post","link":""},"img":{"alt_text":"Gem\u00e4lde \u201eKarlsruher Schlossgarten\u201c von Andrii Chebotaru, \u00d6l auf Leinwand","src":"https:\/\/i0.wp.com\/artgallerykellershop.com\/wp-content\/uploads\/2025\/10\/Karlsruher-Schlossgarten.webp?fit=1200%2C950&ssl=1&resize=350%2C200","width":350,"height":200,"srcset":"https:\/\/i0.wp.com\/artgallerykellershop.com\/wp-content\/uploads\/2025\/10\/Karlsruher-Schlossgarten.webp?fit=1200%2C950&ssl=1&resize=350%2C200 1x, https:\/\/i0.wp.com\/artgallerykellershop.com\/wp-content\/uploads\/2025\/10\/Karlsruher-Schlossgarten.webp?fit=1200%2C950&ssl=1&resize=525%2C300 1.5x, https:\/\/i0.wp.com\/artgallerykellershop.com\/wp-content\/uploads\/2025\/10\/Karlsruher-Schlossgarten.webp?fit=1200%2C950&ssl=1&resize=700%2C400 2x, https:\/\/i0.wp.com\/artgallerykellershop.com\/wp-content\/uploads\/2025\/10\/Karlsruher-Schlossgarten.webp?fit=1200%2C950&ssl=1&resize=1050%2C600 3x"},"classes":[]},{"id":802,"url":"https:\/\/artgallerykellershop.com\/en\/product\/badisches-staatstheater-karlsruhe-vi\/","url_meta":{"origin":827,"position":3},"title":"Badisches Staatstheater Karlsruhe VI Music in shades of color","author":"admin","date":"10.09.2025","format":false,"excerpt":"<\/strong> Lively oil painting from 2016. Saxophones, trumpets and grand pianos merge into a visual symphony in blue, gold and white.","rel":"","context":"Similar post","block_context":{"text":"Similar post","link":""},"img":{"alt_text":"\u00d6lgem\u00e4lde von Nina Nikonenko: Saxophon und Trompete vor einem Fl\u00fcgel \u2013 Serie Musik im Badischen Staatstheater","src":"https:\/\/i0.wp.com\/artgallerykellershop.com\/wp-content\/uploads\/2025\/08\/Staatstheater-VI-e1756739864204.webp?fit=1200%2C830&ssl=1&resize=350%2C200","width":350,"height":200,"srcset":"https:\/\/i0.wp.com\/artgallerykellershop.com\/wp-content\/uploads\/2025\/08\/Staatstheater-VI-e1756739864204.webp?fit=1200%2C830&ssl=1&resize=350%2C200 1x, https:\/\/i0.wp.com\/artgallerykellershop.com\/wp-content\/uploads\/2025\/08\/Staatstheater-VI-e1756739864204.webp?fit=1200%2C830&ssl=1&resize=525%2C300 1.5x, https:\/\/i0.wp.com\/artgallerykellershop.com\/wp-content\/uploads\/2025\/08\/Staatstheater-VI-e1756739864204.webp?fit=1200%2C830&ssl=1&resize=700%2C400 2x, https:\/\/i0.wp.com\/artgallerykellershop.com\/wp-content\/uploads\/2025\/08\/Staatstheater-VI-e1756739864204.webp?fit=1200%2C830&ssl=1&resize=1050%2C600 3x"},"classes":[]},{"id":595,"url":"https:\/\/artgallerykellershop.com\/en\/product\/musik-im-badischen-staatstheater-karlsruhe-nina-nikonenko\/","url_meta":{"origin":827,"position":4},"title":"Music at the Badisches Staatstheater Karlsruhe - Nina Nikonenko","author":"admin","date":"03.08.2025","format":false,"excerpt":"Musik im Badischen Staatstheater Karlsruhe by Nina Nikonenko, celebrates the saxophone as the soul of jazz with a glowing play of musical colors - red and orange.","rel":"","context":"Similar post","block_context":{"text":"Similar post","link":""},"img":{"alt_text":"Dieses Bild ist nicht nur eine virtuose Maltechnik, sondern der Umstand, dass es den Moment zwischen Klang und Stille einf\u00e4ngt.","src":"https:\/\/i0.wp.com\/artgallerykellershop.com\/wp-content\/uploads\/2025\/08\/Musik-im-Badischen-Staatstheater-Karlsruhe-Oel-auf-Leinwand-2016-von-Nina-Nikonenko.png?fit=1200%2C812&ssl=1&resize=350%2C200","width":350,"height":200,"srcset":"https:\/\/i0.wp.com\/artgallerykellershop.com\/wp-content\/uploads\/2025\/08\/Musik-im-Badischen-Staatstheater-Karlsruhe-Oel-auf-Leinwand-2016-von-Nina-Nikonenko.png?fit=1200%2C812&ssl=1&resize=350%2C200 1x, https:\/\/i0.wp.com\/artgallerykellershop.com\/wp-content\/uploads\/2025\/08\/Musik-im-Badischen-Staatstheater-Karlsruhe-Oel-auf-Leinwand-2016-von-Nina-Nikonenko.png?fit=1200%2C812&ssl=1&resize=525%2C300 1.5x, https:\/\/i0.wp.com\/artgallerykellershop.com\/wp-content\/uploads\/2025\/08\/Musik-im-Badischen-Staatstheater-Karlsruhe-Oel-auf-Leinwand-2016-von-Nina-Nikonenko.png?fit=1200%2C812&ssl=1&resize=700%2C400 2x, https:\/\/i0.wp.com\/artgallerykellershop.com\/wp-content\/uploads\/2025\/08\/Musik-im-Badischen-Staatstheater-Karlsruhe-Oel-auf-Leinwand-2016-von-Nina-Nikonenko.png?fit=1200%2C812&ssl=1&resize=1050%2C600 3x"},"classes":[]},{"id":728,"url":"https:\/\/artgallerykellershop.com\/en\/product\/musik-im-staatstheater-karlsruhe\/","url_meta":{"origin":827,"position":5},"title":"Music at the Staatstheater Karlsruhe - art meets sound","author":"admin","date":"25.08.2025","format":false,"excerpt":"Music at the Staatstheater Karlsruhe is not only a tribute to music and painting, but also a symbol of expressiveness and creativity.","rel":"","context":"Similar post","block_context":{"text":"Similar post","link":""},"img":{"alt_text":"\u00d6lgem\u00e4lde Musik II mit Horn, Violinen und Klarinetten in expressiver Malweise","src":"https:\/\/i0.wp.com\/artgallerykellershop.com\/wp-content\/uploads\/2025\/08\/Musik-II-im-Staatstheater-Karlsruhe-e1756749270532.webp?fit=1200%2C1003&ssl=1&resize=350%2C200","width":350,"height":200,"srcset":"https:\/\/i0.wp.com\/artgallerykellershop.com\/wp-content\/uploads\/2025\/08\/Musik-II-im-Staatstheater-Karlsruhe-e1756749270532.webp?fit=1200%2C1003&ssl=1&resize=350%2C200 1x, https:\/\/i0.wp.com\/artgallerykellershop.com\/wp-content\/uploads\/2025\/08\/Musik-II-im-Staatstheater-Karlsruhe-e1756749270532.webp?fit=1200%2C1003&ssl=1&resize=525%2C300 1.5x, https:\/\/i0.wp.com\/artgallerykellershop.com\/wp-content\/uploads\/2025\/08\/Musik-II-im-Staatstheater-Karlsruhe-e1756749270532.webp?fit=1200%2C1003&ssl=1&resize=700%2C400 2x, https:\/\/i0.wp.com\/artgallerykellershop.com\/wp-content\/uploads\/2025\/08\/Musik-II-im-Staatstheater-Karlsruhe-e1756749270532.webp?fit=1200%2C1003&ssl=1&resize=1050%2C600 3x"},"classes":[]}],"_links":{"self":[{"href":"https:\/\/artgallerykellershop.com\/en\/wp-json\/wp\/v2\/product\/827","targetHints":{"allow":["GET"]}}],"collection":[{"href":"https:\/\/artgallerykellershop.com\/en\/wp-json\/wp\/v2\/product"}],"about":[{"href":"https:\/\/artgallerykellershop.com\/en\/wp-json\/wp\/v2\/types\/product"}],"replies":[{"embeddable":true,"href":"https:\/\/artgallerykellershop.com\/en\/wp-json\/wp\/v2\/comments?post=827"}],"wp:featuredmedia":[{"embeddable":true,"href":"https:\/\/artgallerykellershop.com\/en\/wp-json\/wp\/v2\/media\/822"}],"wp:attachment":[{"href":"https:\/\/artgallerykellershop.com\/en\/wp-json\/wp\/v2\/media?parent=827"}],"wp:term":[{"taxonomy":"product_brand","embeddable":true,"href":"https:\/\/artgallerykellershop.com\/en\/wp-json\/wp\/v2\/product_brand?post=827"},{"taxonomy":"product_cat","embeddable":true,"href":"https:\/\/artgallerykellershop.com\/en\/wp-json\/wp\/v2\/product_cat?post=827"},{"taxonomy":"product_tag","embeddable":true,"href":"https:\/\/artgallerykellershop.com\/en\/wp-json\/wp\/v2\/product_tag?post=827"}],"curies":[{"name":"wp","href":"https:\/\/api.w.org\/{rel}","templated":true}]}}